{"id":155543,"date":"2025-12-18T18:03:06","date_gmt":"2025-12-18T15:03:06","guid":{"rendered":"https:\/\/baldumarket.lt\/product\/jukon-komoda-2-drzwiowa-kaszmir-czarny-mat\/"},"modified":"2026-02-05T11:01:26","modified_gmt":"2026-02-05T08:01:26","slug":"jukon-komoda-2-drzwiowa-kaszmir-czarny-mat","status":"publish","type":"product","link":"https:\/\/baldumarket.lt\/lt\/product\/jukon-komoda-2-drzwiowa-kaszmir-czarny-mat\/","title":{"rendered":"Jukon &#8211; 2 dur\u0173 komoda, ka\u0161myro juoda matin\u0117 spalva"},"content":{"rendered":"<p>Atraskite nauj\u0105 kokyb\u0117s lyg\u012f savo interjere su \u2019Jukon\u201c ka\u0161myro spalvos komoda. \u0160i eleganti\u0161ka, dviej\u0173 dur\u0173 spinta derina modern\u0173 dizain\u0105 su funkcionalumu ir neabejotinai taps j\u016bs\u0173 svetain\u0117s ar miegamojo traukos centru. Tamsios, matin\u0117s kojel\u0117s harmoningai kontrastuoja su \u0161viesiu korpusu, sukurdamos unikal\u0173 vizualin\u012f efekt\u0105, kuris patraukia kiekvieno sve\u010dio ak\u012f. Subtilios \u201eJukon\u201c komodos linijos ir minimalistinis stilius puikiai tinka moderniam ir skandinavi\u0161ko stiliaus interjerui. Kompakti\u0161ki matmenys leid\u017eia lengvai integruoti j\u0105 \u012f \u012fvairius i\u0161d\u0117stymus, i\u0161laikant daug vietos daiktams susid\u0117ti. Ka\u0161myro atspalvis kartu su matiniu pavir\u0161iumi suteikia jai elegancijos ir lengvumo, u\u017etikrindamas gaiv\u0173 ir stiling\u0105 vaizd\u0105. Prakti\u0161kumas yra pagrindinis \u201eJukon\u201c komodos privalumas. Paspaudus atidaroma sistema leid\u017eia lengvai pasiekti daikt\u0173 laikymo skyrius be nereikaling\u0173 ranken\u0173, dar labiau pabr\u0117\u017eiant minimalistin\u012f baldo charakter\u012f. Viduje rasite erdvias lentynas, puikiai tinkan\u010dias drabu\u017eiams, patalynei ar kitiems smulkiems daiktams, kuriuos norite tur\u0117ti po ranka, laikyti. D\u0117l tvirtos konstrukcijos ir auk\u0161\u010diausios kokyb\u0117s med\u017eiag\u0173 \u0161i komoda tarnaus ilgus metus, i\u0161laikydama savo nepriekai\u0161ting\u0105 i\u0161vaizd\u0105.<\/p>","protected":false},"excerpt":{"rendered":"<p>Plotis (cm): 114<br \/>\n\u016agis (cm): 135<br \/>\nGylis (cm): 40<\/p>","protected":false},"featured_media":155544,"comment_status":"open","ping_status":"open","template":"","meta":[],"product_brand":[],"product_cat":[9421,1173,4105],"product_tag":[],"class_list":{"0":"post-155543","1":"product","2":"type-product","3":"status-publish","4":"has-post-thumbnail","6":"product_cat-furniture-system-jukon","7":"product_cat-chests-of-drawers","8":"product_cat-helvetia","10":"first","11":"instock","12":"purchasable","13":"product-type-simple"},"_links":{"self":[{"href":"https:\/\/baldumarket.lt\/lt\/wp-json\/wp\/v2\/product\/155543","targetHints":{"allow":["GET"]}}],"collection":[{"href":"https:\/\/baldumarket.lt\/lt\/wp-json\/wp\/v2\/product"}],"about":[{"href":"https:\/\/baldumarket.lt\/lt\/wp-json\/wp\/v2\/types\/product"}],"replies":[{"embeddable":true,"href":"https:\/\/baldumarket.lt\/lt\/wp-json\/wp\/v2\/comments?post=155543"}],"wp:featuredmedia":[{"embeddable":true,"href":"https:\/\/baldumarket.lt\/lt\/wp-json\/wp\/v2\/media\/155544"}],"wp:attachment":[{"href":"https:\/\/baldumarket.lt\/lt\/wp-json\/wp\/v2\/media?parent=155543"}],"wp:term":[{"taxonomy":"product_brand","embeddable":true,"href":"https:\/\/baldumarket.lt\/lt\/wp-json\/wp\/v2\/product_brand?post=155543"},{"taxonomy":"product_cat","embeddable":true,"href":"https:\/\/baldumarket.lt\/lt\/wp-json\/wp\/v2\/product_cat?post=155543"},{"taxonomy":"product_tag","embeddable":true,"href":"https:\/\/baldumarket.lt\/lt\/wp-json\/wp\/v2\/product_tag?post=155543"}],"curies":[{"name":"wp","href":"https:\/\/api.w.org\/{rel}","templated":true}]}}