{"id":155536,"date":"2025-12-18T18:02:50","date_gmt":"2025-12-18T15:02:50","guid":{"rendered":"https:\/\/baldumarket.lt\/product\/jukon-komoda-2-drzwiowa-bialy-mat-czarny-mat\/"},"modified":"2026-02-05T11:01:34","modified_gmt":"2026-02-05T08:01:34","slug":"jukon-komoda-2-drzwiowa-bialy-mat-czarny-mat","status":"publish","type":"product","link":"https:\/\/baldumarket.lt\/lt\/product\/jukon-komoda-2-drzwiowa-bialy-mat-czarny-mat\/","title":{"rendered":"Jukon \u2013 Komoda su 2 durimis, matin\u0117 balta, matin\u0117 juoda"},"content":{"rendered":"<p>Su \u201eJukon\u201c 2 dur\u0173 komoda suteikite savo interjerui unikalaus stiliaus ir elegancijos. Minimalistinis matin\u0117s baltos spalvos dizainas puikiai dera su moderniu dekoru, suteikdamas lengvumo ir gaivumo. Matin\u0117s juodos kojel\u0117s sukuria ry\u0161k\u0173 kontrast\u0105, kuris patraukia ak\u012f ir pabr\u0117\u017eia unikal\u0173 baldo charakter\u012f. \u0160i komoda puikiai tiks tiek miegamajame, tiek svetain\u0117je, si\u016blydama ne tik estetik\u0105, bet ir prakti\u0161kum\u0105. Komoda si\u016blo daug vietos daiktams susid\u0117ti d\u0117l erdvi\u0173 lentyn\u0173, kurios leid\u017eia susitvarkyti daiktus. Nesvarbu, ar norite susitvarkyti drabu\u017eius, dokumentus, ar kitus smulkius daiktus, \u201eJukon\u201c palaikys tvark\u0105 j\u016bs\u0173 erdv\u0117je. D\u0117l i\u0161manaus dizaino ir atidarymo stumiant sistemos patogiai pasiekiamas turinys, tod\u0117l kasdienis naudojimas tampa dar malonesnis. Komoda pagaminta i\u0161 auk\u0161tos kokyb\u0117s laminuotos plok\u0161t\u0117s, u\u017etikrinan\u010dios patvarum\u0105 ir lengv\u0105 prie\u017ei\u016br\u0105. Tvirta konstrukcija, i\u0161laikanti eleganti\u0161k\u0105 i\u0161vaizd\u0105, paver\u010dia j\u0105 baldu, kuris tarnaus jums daugel\u012f met\u0173. D\u0117l moderni\u0173 med\u017eiag\u0173 net kasdienis naudojimas nesuma\u017eins jos \u017eavesio, tod\u0117l tai idealus pasirinkimas aktyvioms \u0161eimoms.<\/p>","protected":false},"excerpt":{"rendered":"<p>Plotis (cm): 114<br \/>\n\u016agis (cm): 135<br \/>\nGylis (cm): 40<\/p>","protected":false},"featured_media":155537,"comment_status":"open","ping_status":"open","template":"","meta":[],"product_brand":[],"product_cat":[9421,1173,4105],"product_tag":[],"class_list":{"0":"post-155536","1":"product","2":"type-product","3":"status-publish","4":"has-post-thumbnail","6":"product_cat-furniture-system-jukon","7":"product_cat-chests-of-drawers","8":"product_cat-helvetia","10":"first","11":"instock","12":"purchasable","13":"product-type-simple"},"_links":{"self":[{"href":"https:\/\/baldumarket.lt\/lt\/wp-json\/wp\/v2\/product\/155536","targetHints":{"allow":["GET"]}}],"collection":[{"href":"https:\/\/baldumarket.lt\/lt\/wp-json\/wp\/v2\/product"}],"about":[{"href":"https:\/\/baldumarket.lt\/lt\/wp-json\/wp\/v2\/types\/product"}],"replies":[{"embeddable":true,"href":"https:\/\/baldumarket.lt\/lt\/wp-json\/wp\/v2\/comments?post=155536"}],"wp:featuredmedia":[{"embeddable":true,"href":"https:\/\/baldumarket.lt\/lt\/wp-json\/wp\/v2\/media\/155537"}],"wp:attachment":[{"href":"https:\/\/baldumarket.lt\/lt\/wp-json\/wp\/v2\/media?parent=155536"}],"wp:term":[{"taxonomy":"product_brand","embeddable":true,"href":"https:\/\/baldumarket.lt\/lt\/wp-json\/wp\/v2\/product_brand?post=155536"},{"taxonomy":"product_cat","embeddable":true,"href":"https:\/\/baldumarket.lt\/lt\/wp-json\/wp\/v2\/product_cat?post=155536"},{"taxonomy":"product_tag","embeddable":true,"href":"https:\/\/baldumarket.lt\/lt\/wp-json\/wp\/v2\/product_tag?post=155536"}],"curies":[{"name":"wp","href":"https:\/\/api.w.org\/{rel}","templated":true}]}}