{"id":155529,"date":"2025-12-18T18:02:35","date_gmt":"2025-12-18T15:02:35","guid":{"rendered":"https:\/\/baldumarket.lt\/product\/irvine-szafka-wiszaca-z-lustrem-1d-congo-czarny-onyks\/"},"modified":"2026-02-03T23:33:09","modified_gmt":"2026-02-03T20:33:09","slug":"irvine-szafka-wiszaca-z-lustrem-1d-congo-czarny-onyks","status":"publish","type":"product","link":"https:\/\/baldumarket.lt\/lt\/product\/irvine-szafka-wiszaca-z-lustrem-1d-congo-czarny-onyks\/","title":{"rendered":"Irvine \u2013 Kongo juodo onikso 1D sienin\u0117 spintel\u0117 su veidrod\u017eiu"},"content":{"rendered":"<p>Atraskite nauj\u0105 stiliaus ir funkcionalumo dimensij\u0105 su \u201eIrvine\u201c sienine spintele. \u0160is unikalus baldas, eleganti\u0161kos Kongo juodos onikso spalvos, suteiks j\u016bs\u0173 interjerui ne tik modernumo, bet ir klasikinio \u017eavesio, kuris papuo\u0161 bet kur\u012f kambar\u012f. Paprasta forma kartu su subtiliu veidrod\u017eio blizgesiu leid\u017eia spintelei puikiai dera su dizaino tendencijomis ir suteikia erdvei unikal\u0173 charakter\u012f. \u201eIrvine\u201c spintel\u0117 \u2013 tai tobulas stiliaus ir prakti\u0161kumo derinys. D\u0117l savo plono, vos 18 cm gylio, dizaino ji puikiai tinka siauriems koridoriams, vonios kambariams ir ma\u017eesniems kambariams. Minimalistinis dizainas sukuria lengvumo poj\u016bt\u012f, kuris yra labai svarbus moderniame interjere. Priekyje esantis veidrodis ne tik vizualiai padidina erdv\u0119, bet ir yra funkcionalus kasdienio tualetinio staliuko elementas. Spintel\u0117s viduje yra prakti\u0161kos lentynos, kurios padeda susitvarkyti ma\u017eesnius daiktus. Patvari laminuotos plok\u0161t\u0117s konstrukcija u\u017etikrina, kad \u0161is baldas tarnaus ilgus metus. Spintel\u0117 buvo sukurta atsi\u017evelgiant \u012f naudojimo patogum\u0105, kur\u012f atspindi \u0161velniai u\u017esidarantys vyriai, kurie pa\u0161alina nemalonius garsus u\u017edarant.<\/p>","protected":false},"excerpt":{"rendered":"<p>Plotis (cm): 78<br \/>\n\u016agis (cm): 71<br \/>\nGylis (cm): 18<\/p>","protected":false},"featured_media":155530,"comment_status":"open","ping_status":"open","template":"","meta":[],"product_brand":[],"product_cat":[1174,4105],"product_tag":[],"class_list":{"0":"post-155529","1":"product","2":"type-product","3":"status-publish","4":"has-post-thumbnail","6":"product_cat-hanging-shelves","7":"product_cat-helvetia","9":"first","10":"instock","11":"purchasable","12":"product-type-simple"},"_links":{"self":[{"href":"https:\/\/baldumarket.lt\/lt\/wp-json\/wp\/v2\/product\/155529","targetHints":{"allow":["GET"]}}],"collection":[{"href":"https:\/\/baldumarket.lt\/lt\/wp-json\/wp\/v2\/product"}],"about":[{"href":"https:\/\/baldumarket.lt\/lt\/wp-json\/wp\/v2\/types\/product"}],"replies":[{"embeddable":true,"href":"https:\/\/baldumarket.lt\/lt\/wp-json\/wp\/v2\/comments?post=155529"}],"wp:featuredmedia":[{"embeddable":true,"href":"https:\/\/baldumarket.lt\/lt\/wp-json\/wp\/v2\/media\/155530"}],"wp:attachment":[{"href":"https:\/\/baldumarket.lt\/lt\/wp-json\/wp\/v2\/media?parent=155529"}],"wp:term":[{"taxonomy":"product_brand","embeddable":true,"href":"https:\/\/baldumarket.lt\/lt\/wp-json\/wp\/v2\/product_brand?post=155529"},{"taxonomy":"product_cat","embeddable":true,"href":"https:\/\/baldumarket.lt\/lt\/wp-json\/wp\/v2\/product_cat?post=155529"},{"taxonomy":"product_tag","embeddable":true,"href":"https:\/\/baldumarket.lt\/lt\/wp-json\/wp\/v2\/product_tag?post=155529"}],"curies":[{"name":"wp","href":"https:\/\/api.w.org\/{rel}","templated":true}]}}