{"id":155523,"date":"2025-12-18T18:02:22","date_gmt":"2025-12-18T15:02:22","guid":{"rendered":"https:\/\/baldumarket.lt\/product\/irvine-szafka-wiszaca-z-lustrem-1d-bialy-czarny-onyks-bialy-polysk\/"},"modified":"2026-02-03T23:33:09","modified_gmt":"2026-02-03T20:33:09","slug":"irvine-szafka-wiszaca-z-lustrem-1d-bialy-czarny-onyks-bialy-polysk","status":"publish","type":"product","link":"https:\/\/baldumarket.lt\/lt\/product\/irvine-szafka-wiszaca-z-lustrem-1d-bialy-czarny-onyks-bialy-polysk\/","title":{"rendered":"Irvine \u2013 1 dur\u0173 sienin\u0117 spintel\u0117 su veidrod\u017eiu, balta, juoda, onikso spalvos, blizgi balta"},"content":{"rendered":"<p>\u0160i unikali, juodos ir baltos spalvos, 1D sienin\u0117 pakabinama veidrodin\u0117 spintel\u0117 i\u0161 garsaus \u201eHelvetia\u201c prek\u0117s \u017eenklo yra b\u016btinas bet kurio modernaus interjero elementas. Eleganti\u0161ka 78 cm plo\u010dio ir 71 cm auk\u0161\u010dio konstrukcija \u017eavi minimalistiniu, ta\u010diau unikaliu dizainu. Blizgi balta apdaila kartu su matin\u0117s juodos onikso spalvos korpusu suteikia spintelei unikal\u0173 ir stiling\u0105 charakter\u012f, puikiai deran\u010di\u0105 su \u0161iuolaikin\u0117mis interjero dizaino tendencijomis. Ne tik estetika, bet ir funkcionalumas daro \u0161i\u0105 spintel\u0119 i\u0161skirtinai prakti\u0161ku sprendimu bet kuriame kambaryje. Su veidrod\u017eiu ji puikiai tinka prie\u0161kambaryje, miegamajame ar vonios kambaryje, nes tai puiki vieta kasdienei prie\u017ei\u016brai. Patogus 18 cm gylis leid\u017eia j\u0105 lengvai pritaikyti \u012fvairiems i\u0161planavimams, kartu suteikiant vietos smulkiems daiktams ir aksesuarams. Spintel\u0117 buvo sukurta atsi\u017evelgiant \u012f prakti\u0161kum\u0105 ir lengv\u0105 surinkim\u0105, u\u017etikrinant, kad kiekvienas, nepriklausomai nuo \u012fg\u016bd\u017ei\u0173 lygio, gal\u0117t\u0173 m\u0117gautis ja savo namuose. Tyliai u\u017esidarantys vyriai ir kruop\u0161\u010diai sumontuotos lentynos, pagamintos i\u0161 laminuotos plok\u0161t\u0117s, u\u017etikrina kasdien\u012f komfort\u0105. Pasirinkdami \u0161\u012f bald\u0105, investuojate \u012f auk\u0161t\u0105 kokyb\u0119 ir modern\u0173 stili\u0173, kuris trauks ak\u012f ir sukurs harmoning\u0105 atmosfer\u0105 j\u016bs\u0173 interjere.<\/p>","protected":false},"excerpt":{"rendered":"<p>Plotis (cm): 78<br \/>\n\u016agis (cm): 71<br \/>\nGylis (cm): 18<\/p>","protected":false},"featured_media":155524,"comment_status":"open","ping_status":"open","template":"","meta":[],"product_brand":[],"product_cat":[1174,4105],"product_tag":[],"class_list":{"0":"post-155523","1":"product","2":"type-product","3":"status-publish","4":"has-post-thumbnail","6":"product_cat-hanging-shelves","7":"product_cat-helvetia","9":"first","10":"instock","11":"purchasable","12":"product-type-simple"},"_links":{"self":[{"href":"https:\/\/baldumarket.lt\/lt\/wp-json\/wp\/v2\/product\/155523","targetHints":{"allow":["GET"]}}],"collection":[{"href":"https:\/\/baldumarket.lt\/lt\/wp-json\/wp\/v2\/product"}],"about":[{"href":"https:\/\/baldumarket.lt\/lt\/wp-json\/wp\/v2\/types\/product"}],"replies":[{"embeddable":true,"href":"https:\/\/baldumarket.lt\/lt\/wp-json\/wp\/v2\/comments?post=155523"}],"wp:featuredmedia":[{"embeddable":true,"href":"https:\/\/baldumarket.lt\/lt\/wp-json\/wp\/v2\/media\/155524"}],"wp:attachment":[{"href":"https:\/\/baldumarket.lt\/lt\/wp-json\/wp\/v2\/media?parent=155523"}],"wp:term":[{"taxonomy":"product_brand","embeddable":true,"href":"https:\/\/baldumarket.lt\/lt\/wp-json\/wp\/v2\/product_brand?post=155523"},{"taxonomy":"product_cat","embeddable":true,"href":"https:\/\/baldumarket.lt\/lt\/wp-json\/wp\/v2\/product_cat?post=155523"},{"taxonomy":"product_tag","embeddable":true,"href":"https:\/\/baldumarket.lt\/lt\/wp-json\/wp\/v2\/product_tag?post=155523"}],"curies":[{"name":"wp","href":"https:\/\/api.w.org\/{rel}","templated":true}]}}