{"id":155518,"date":"2025-12-18T18:02:12","date_gmt":"2025-12-18T15:02:12","guid":{"rendered":"https:\/\/baldumarket.lt\/product\/irvine-szafka-wiszaca-1d-congo-czarny-onyks\/"},"modified":"2026-02-03T23:33:09","modified_gmt":"2026-02-03T20:33:09","slug":"irvine-szafka-wiszaca-1d-congo-czarny-onyks","status":"publish","type":"product","link":"https:\/\/baldumarket.lt\/lt\/product\/irvine-szafka-wiszaca-1d-congo-czarny-onyks\/","title":{"rendered":"Irvine \u2013 1D Kongo juodo onikso sienin\u0117 spintel\u0117"},"content":{"rendered":"<p>Atraskite modern\u0173 stili\u0173 ir funkcionalum\u0105 derinant\u012f \u201eHelvetia\u201c sienin\u0117je spintel\u0117je \u201eIrvine\u201c. Eleganti\u0161ka Kongo juodo onikso apdaila, \u0161i spintel\u0117 yra puikus pasirinkimas tiems, kurie ie\u0161ko estetikos ir prakti\u0161kumo derinio savo interjere. Minimalistinis dizainas leid\u017eia j\u0105 pritaikyti tiek modernioms, tiek klasikin\u0117ms erdv\u0117ms. 72 cm auk\u0161\u010dio, 30 cm gylio ir 35 cm plo\u010dio \u201eIrvine\u201c spintel\u0117 puikiai tinka ma\u017eesn\u0117ms patalpoms, kuriose tr\u016bksta vietos. Nepaisant kompakti\u0161ko dyd\u017eio, ji suteikia pakankamai vietos b\u016btiniausiems daiktams laikyti, tod\u0117l yra funkcionalus bet kuri\u0173 nam\u0173 papildymas. Pagaminta i\u0161 patvari\u0173 med\u017eiag\u0173, toki\u0173 kaip MDF ir laminuota plok\u0161t\u0117, ji u\u017etikrina ne tik eleganti\u0161k\u0105 i\u0161vaizd\u0105, bet ir ilgaam\u017ei\u0161kum\u0105. Tyl\u016bs vyriai su \u0161velnaus u\u017edarymo sistema leid\u017eia lengvai ir patogiai atidaryti duris, netrikdant nam\u0173 ramyb\u0117s ir tylos. Be to, galimyb\u0117 montuoti duris tiek de\u0161in\u0117je, tiek kair\u0117je pus\u0117je daro \u201eIrvine\u201c tikrai universali\u0105 ir pritaikom\u0105 prie vartotojo poreiki\u0173.<\/p>","protected":false},"excerpt":{"rendered":"<p>Plotis (cm): 35<br \/>\n\u016agis (cm): 72<br \/>\nGylis (cm): 30<\/p>","protected":false},"featured_media":155519,"comment_status":"open","ping_status":"open","template":"","meta":[],"product_brand":[],"product_cat":[1174,4105],"product_tag":[],"class_list":{"0":"post-155518","1":"product","2":"type-product","3":"status-publish","4":"has-post-thumbnail","6":"product_cat-hanging-shelves","7":"product_cat-helvetia","9":"first","10":"instock","11":"purchasable","12":"product-type-simple"},"_links":{"self":[{"href":"https:\/\/baldumarket.lt\/lt\/wp-json\/wp\/v2\/product\/155518","targetHints":{"allow":["GET"]}}],"collection":[{"href":"https:\/\/baldumarket.lt\/lt\/wp-json\/wp\/v2\/product"}],"about":[{"href":"https:\/\/baldumarket.lt\/lt\/wp-json\/wp\/v2\/types\/product"}],"replies":[{"embeddable":true,"href":"https:\/\/baldumarket.lt\/lt\/wp-json\/wp\/v2\/comments?post=155518"}],"wp:featuredmedia":[{"embeddable":true,"href":"https:\/\/baldumarket.lt\/lt\/wp-json\/wp\/v2\/media\/155519"}],"wp:attachment":[{"href":"https:\/\/baldumarket.lt\/lt\/wp-json\/wp\/v2\/media?parent=155518"}],"wp:term":[{"taxonomy":"product_brand","embeddable":true,"href":"https:\/\/baldumarket.lt\/lt\/wp-json\/wp\/v2\/product_brand?post=155518"},{"taxonomy":"product_cat","embeddable":true,"href":"https:\/\/baldumarket.lt\/lt\/wp-json\/wp\/v2\/product_cat?post=155518"},{"taxonomy":"product_tag","embeddable":true,"href":"https:\/\/baldumarket.lt\/lt\/wp-json\/wp\/v2\/product_tag?post=155518"}],"curies":[{"name":"wp","href":"https:\/\/api.w.org\/{rel}","templated":true}]}}