{"id":155514,"date":"2025-12-18T18:02:05","date_gmt":"2025-12-18T15:02:05","guid":{"rendered":"https:\/\/baldumarket.lt\/product\/irvine-szafka-wiszaca-1d-bialy-czarny-onyks-bialy-polysk\/"},"modified":"2026-02-03T23:33:09","modified_gmt":"2026-02-03T20:33:09","slug":"irvine-szafka-wiszaca-1d-bialy-czarny-onyks-bialy-polysk","status":"publish","type":"product","link":"https:\/\/baldumarket.lt\/lt\/product\/irvine-szafka-wiszaca-1d-bialy-czarny-onyks-bialy-polysk\/","title":{"rendered":"Irvine &#8211; 1D sienin\u0117 spintel\u0117, balta, juoda, onikso spalvos, blizgi balta"},"content":{"rendered":"<p>\u201eIrvine\u201c sienin\u0117 spintel\u0117 \u2013 unikalus priedas, kuris pakeis j\u016bs\u0173 interjero i\u0161vaizd\u0105. Eleganti\u0161kas blizgus baltas pavir\u0161ius su madingais juodo onikso akcentais tikrai patrauks ak\u012f ir suteiks bet kuriam kambariui unikalaus charakterio. Puikiai tinkantis moderniems ir minimalistiniams dizainams, spintel\u0117 taps ne tik prakti\u0161ku elementu, bet ir stilinga puo\u0161mena.<\/p>\n<p>D\u0117l kompakti\u0161k\u0173 matmen\u0173 \u2013 35 cm plo\u010dio, 72 cm auk\u0161\u010dio ir 30 cm gylio \u2013 \u0161i spintel\u0117 puikiai tinka ma\u017eoms erdv\u0117ms, kur svarbus kiekvienas centimetras. D\u0117l moderni\u0173 funkcij\u0173, toki\u0173 kaip dvigubi vyriai su \u0161velnaus u\u017edarymo mechanizmu, naudotis \u0161ia spintele bus ne tik patogu, bet ir malonu. Dureli\u0173 atidarymas ir u\u017edarymas \u2013 tikras malonumas, o tai ypa\u010d svarbu kasdien naudojant.<\/p>\n<p>Spintel\u0117s viduje yra juodos onikso lentynos, u\u017etikrinan\u010dios prakti\u0161k\u0105 tvark\u0105. Jose galite laikyti nieku\u010dius, dekoracijas ar knygas, taip suteikdami kambariui tvarkos ir stiliaus. \u201eIrvine\u201c sienin\u0117 spintel\u0117 ne tik atlieka savo paskirt\u012f, bet ir tampa puikiu dizaino akcentu, pabr\u0117\u017eian\u010diu j\u016bs\u0173 individual\u0173 skon\u012f.<\/p>\n<p>\u201eHelvetia\u201c baldai yra kokyb\u0117s ir modernaus stiliaus sinonimas. \u201eIrvine\u201c sienin\u0117 spintel\u0117 pagaminta i\u0161 MDF ir laminuotos plok\u0161t\u0117s, u\u017etikrinan\u010dios patvarum\u0105 ir lengv\u0105 prie\u017ei\u016br\u0105. Modulinis dizainas ir savaranki\u0161ko surinkimo galimyb\u0117s suteikia jums laisv\u0119 pritaikyti j\u0105 savo erdvei, suteikiant jai harmonijos ir elegancijos.<\/p>\n<p>Nedvejokite ir \u012f savo interjer\u0105 \u012fne\u0161kite modernaus estetikos su \u201eIrvine\u201c sienine spintele. Jos eleganti\u0161ka forma ir funkcionalumas tikrai pateisins j\u016bs\u0173 l\u016bkes\u010dius. Investuokite \u012f bald\u0105, kuris derina stili\u0173 ir prakti\u0161kum\u0105 \u2013 j\u016bs\u0173 interjeras nusipelno geriausio!<\/p>","protected":false},"excerpt":{"rendered":"<p>Plotis (cm): 35<br \/>\n\u016agis (cm): 72<br \/>\nGylis (cm): 30<\/p>","protected":false},"featured_media":155515,"comment_status":"open","ping_status":"open","template":"","meta":[],"product_brand":[],"product_cat":[1174,4105],"product_tag":[],"class_list":{"0":"post-155514","1":"product","2":"type-product","3":"status-publish","4":"has-post-thumbnail","6":"product_cat-hanging-shelves","7":"product_cat-helvetia","9":"first","10":"instock","11":"purchasable","12":"product-type-simple"},"_links":{"self":[{"href":"https:\/\/baldumarket.lt\/lt\/wp-json\/wp\/v2\/product\/155514","targetHints":{"allow":["GET"]}}],"collection":[{"href":"https:\/\/baldumarket.lt\/lt\/wp-json\/wp\/v2\/product"}],"about":[{"href":"https:\/\/baldumarket.lt\/lt\/wp-json\/wp\/v2\/types\/product"}],"replies":[{"embeddable":true,"href":"https:\/\/baldumarket.lt\/lt\/wp-json\/wp\/v2\/comments?post=155514"}],"wp:featuredmedia":[{"embeddable":true,"href":"https:\/\/baldumarket.lt\/lt\/wp-json\/wp\/v2\/media\/155515"}],"wp:attachment":[{"href":"https:\/\/baldumarket.lt\/lt\/wp-json\/wp\/v2\/media?parent=155514"}],"wp:term":[{"taxonomy":"product_brand","embeddable":true,"href":"https:\/\/baldumarket.lt\/lt\/wp-json\/wp\/v2\/product_brand?post=155514"},{"taxonomy":"product_cat","embeddable":true,"href":"https:\/\/baldumarket.lt\/lt\/wp-json\/wp\/v2\/product_cat?post=155514"},{"taxonomy":"product_tag","embeddable":true,"href":"https:\/\/baldumarket.lt\/lt\/wp-json\/wp\/v2\/product_tag?post=155514"}],"curies":[{"name":"wp","href":"https:\/\/api.w.org\/{rel}","templated":true}]}}