{"id":155508,"date":"2025-12-18T18:01:52","date_gmt":"2025-12-18T15:01:52","guid":{"rendered":"https:\/\/baldumarket.lt\/product\/irvine-szafka-pod-umywalke-2d-z-regalem-congo-czarny-onyks\/"},"modified":"2026-02-03T23:33:09","modified_gmt":"2026-02-03T20:33:09","slug":"irvine-szafka-pod-umywalke-2d-z-regalem-congo-czarny-onyks","status":"publish","type":"product","link":"https:\/\/baldumarket.lt\/lt\/product\/irvine-szafka-pod-umywalke-2d-z-regalem-congo-czarny-onyks\/","title":{"rendered":"Irvine \u2013 Kongo juodo onikso 2D praustuvo spintel\u0117 su lentyna"},"content":{"rendered":"<p>Atraskite eleganti\u0161k\u0105 ir funkcionali\u0105 \u201eIrvine 2D\u201c praustuvo spintel\u0119, kurioje harmoningai dera stilius ir prakti\u0161kumas. Madingos Kongo juodos onikso spalvos spintel\u0117 suteiks j\u016bs\u0173 vonios kambariui elegancijos ir modernumo. Minimalistinis dizainas puikiai tinka \u012fvairiems interjerams \u2013 nuo klasikinio iki avangardinio. \u201eIrvine\u201c praustuvo spintel\u0117 ne tik \u017eavi estetiniu patrauklumu, bet ir pasi\u017eymi i\u0161skirtiniu funkcionalumu. Galite m\u0117gautis erdviu pavir\u0161iumi ir papildomomis lentynomis, kurios leis jums susid\u0117ti visus b\u016btiniausius vonios kambario aksesuarus. Tai rei\u0161kia, kad viskas, ko jums reikia, visada bus po ranka, o j\u016bs\u0173 erdv\u0117 taps tvarkingesn\u0117 ir prakti\u0161kesn\u0117. Auk\u0161tos kokyb\u0117s med\u017eiagos, i\u0161 kuri\u0173 pagaminta praustuvo spintel\u0117, u\u017etikrina patvarum\u0105 ir atsparum\u0105 kasdieniam naudojimui. Laminuotos plok\u0161t\u0117s korpusas ir MDF fasadai ne tik suteikia spintelei rafinuot\u0105 i\u0161vaizd\u0105, bet ir u\u017etikrina lengv\u0105 prie\u017ei\u016br\u0105. Be to, \u0161velniai u\u017esidarantys vyriai paver\u010dia dureli\u0173 atidarym\u0105 ir u\u017edarym\u0105 tikru malonumu.<\/p>","protected":false},"excerpt":{"rendered":"<p>Plotis (cm): 120<br \/>\n\u016agis (cm): 51<br \/>\nGylis (cm): 48<\/p>","protected":false},"featured_media":155509,"comment_status":"open","ping_status":"open","template":"","meta":[],"product_brand":[],"product_cat":[4105,1987],"product_tag":[],"class_list":{"0":"post-155508","1":"product","2":"type-product","3":"status-publish","4":"has-post-thumbnail","6":"product_cat-helvetia","7":"product_cat-shelving-units","9":"first","10":"instock","11":"purchasable","12":"product-type-simple"},"_links":{"self":[{"href":"https:\/\/baldumarket.lt\/lt\/wp-json\/wp\/v2\/product\/155508","targetHints":{"allow":["GET"]}}],"collection":[{"href":"https:\/\/baldumarket.lt\/lt\/wp-json\/wp\/v2\/product"}],"about":[{"href":"https:\/\/baldumarket.lt\/lt\/wp-json\/wp\/v2\/types\/product"}],"replies":[{"embeddable":true,"href":"https:\/\/baldumarket.lt\/lt\/wp-json\/wp\/v2\/comments?post=155508"}],"wp:featuredmedia":[{"embeddable":true,"href":"https:\/\/baldumarket.lt\/lt\/wp-json\/wp\/v2\/media\/155509"}],"wp:attachment":[{"href":"https:\/\/baldumarket.lt\/lt\/wp-json\/wp\/v2\/media?parent=155508"}],"wp:term":[{"taxonomy":"product_brand","embeddable":true,"href":"https:\/\/baldumarket.lt\/lt\/wp-json\/wp\/v2\/product_brand?post=155508"},{"taxonomy":"product_cat","embeddable":true,"href":"https:\/\/baldumarket.lt\/lt\/wp-json\/wp\/v2\/product_cat?post=155508"},{"taxonomy":"product_tag","embeddable":true,"href":"https:\/\/baldumarket.lt\/lt\/wp-json\/wp\/v2\/product_tag?post=155508"}],"curies":[{"name":"wp","href":"https:\/\/api.w.org\/{rel}","templated":true}]}}