{"id":155502,"date":"2025-12-18T18:01:41","date_gmt":"2025-12-18T15:01:41","guid":{"rendered":"https:\/\/baldumarket.lt\/product\/irvine-szafka-pod-umywalke-2d-congo-czarny-onyks\/"},"modified":"2026-02-03T23:33:09","modified_gmt":"2026-02-03T20:33:09","slug":"irvine-szafka-pod-umywalke-2d-congo-czarny-onyks","status":"publish","type":"product","link":"https:\/\/baldumarket.lt\/lt\/product\/irvine-szafka-pod-umywalke-2d-congo-czarny-onyks\/","title":{"rendered":"Irvine \u2013 2D Kongo juodo onikso kriaukl\u0117s spintel\u0117"},"content":{"rendered":"<p>Atraskite elegancij\u0105 ir funkcionalum\u0105, kuris patrauks ak\u012f j\u016bs\u0173 vonios kambaryje su stilingos Kongo juodos onikso spalvos \u201eIrvine 2D\u201c praustuvo spintele. D\u0117l kruop\u0161\u010diai pagamintos formos \u0161i spintel\u0117 ne tik atitinka naujausias interjero dizaino tendencijas, bet ir suteikia unikalaus charakterio bet kokiam interjerui. Minimalistinis dizainas puikiai tinka tiek moderniam, tiek klasikiniam dekorui. Spintel\u0117s plotis yra 78 cm, tod\u0117l tai idealus sprendimas tiems, kurie vertina prakti\u0161kum\u0105 ma\u017eesn\u0117se erdv\u0117se. 51 cm auk\u0161tis ir 48 cm gylis u\u017etikrina, kad nepaisant kompakti\u0161k\u0173 matmen\u0173, spintel\u0117 patraukia d\u0117mes\u012f ir suteikia pakankamai vietos b\u016btiniausiems aksesuarams. D\u0117l auk\u0161tos kokyb\u0117s med\u017eiag\u0173, toki\u0173 kaip laminuota plok\u0161t\u0117 ir MDF, \u201eIrvine\u201c yra ne tik esteti\u0161kai patraukli, bet ir labai patvari bei atspari kasdieniam d\u0117v\u0117jimuisi. Vienas i\u0161 pagrindini\u0173 spintel\u0117s privalum\u0173 \u2013 sumanus lentyn\u0173 i\u0161d\u0117stymas, kuriame galite lengvai susid\u0117ti visus b\u016btiniausius daiktus, tokius kaip kosmetika ir valymo priemon\u0117s. \u0160velniai u\u017esidarantys vyriai u\u017etikrina, kad kiekviena spintel\u0117s naudojimo akimirka b\u016bt\u0173 patogi ir tyli. Tai puikus sprendimas, kai svajojate apie erdv\u0119, kurioje vyriai tvyrot\u0173 harmonijoje ir ramyb\u0117je.<\/p>","protected":false},"excerpt":{"rendered":"<p>Plotis (cm): 78<br \/>\n\u016agis (cm): 51<br \/>\nGylis (cm): 48<\/p>","protected":false},"featured_media":155503,"comment_status":"open","ping_status":"open","template":"","meta":[],"product_brand":[],"product_cat":[9117,4105],"product_tag":[],"class_list":{"0":"post-155502","1":"product","2":"type-product","3":"status-publish","4":"has-post-thumbnail","6":"product_cat-bathroom","7":"product_cat-helvetia","9":"first","10":"instock","11":"purchasable","12":"product-type-simple"},"_links":{"self":[{"href":"https:\/\/baldumarket.lt\/lt\/wp-json\/wp\/v2\/product\/155502","targetHints":{"allow":["GET"]}}],"collection":[{"href":"https:\/\/baldumarket.lt\/lt\/wp-json\/wp\/v2\/product"}],"about":[{"href":"https:\/\/baldumarket.lt\/lt\/wp-json\/wp\/v2\/types\/product"}],"replies":[{"embeddable":true,"href":"https:\/\/baldumarket.lt\/lt\/wp-json\/wp\/v2\/comments?post=155502"}],"wp:featuredmedia":[{"embeddable":true,"href":"https:\/\/baldumarket.lt\/lt\/wp-json\/wp\/v2\/media\/155503"}],"wp:attachment":[{"href":"https:\/\/baldumarket.lt\/lt\/wp-json\/wp\/v2\/media?parent=155502"}],"wp:term":[{"taxonomy":"product_brand","embeddable":true,"href":"https:\/\/baldumarket.lt\/lt\/wp-json\/wp\/v2\/product_brand?post=155502"},{"taxonomy":"product_cat","embeddable":true,"href":"https:\/\/baldumarket.lt\/lt\/wp-json\/wp\/v2\/product_cat?post=155502"},{"taxonomy":"product_tag","embeddable":true,"href":"https:\/\/baldumarket.lt\/lt\/wp-json\/wp\/v2\/product_tag?post=155502"}],"curies":[{"name":"wp","href":"https:\/\/api.w.org\/{rel}","templated":true}]}}