{"id":155490,"date":"2025-12-18T18:01:18","date_gmt":"2025-12-18T15:01:18","guid":{"rendered":"https:\/\/baldumarket.lt\/product\/irvine-slupek-wysoki-wiszacy-2d-bialy-czarny-onyks-bialy-polyskpolysk\/"},"modified":"2026-02-03T23:33:10","modified_gmt":"2026-02-03T20:33:10","slug":"irvine-slupek-wysoki-wiszacy-2d-bialy-czarny-onyks-bialy-polyskpolysk","status":"publish","type":"product","link":"https:\/\/baldumarket.lt\/lt\/product\/irvine-slupek-wysoki-wiszacy-2d-bialy-czarny-onyks-bialy-polyskpolysk\/","title":{"rendered":"Irvine \u2013 2D auk\u0161tas pakabinamas stulpas, baltas, juodas, onikso spalvos, blizgus, baltas"},"content":{"rendered":"<p>Suteikite savo interjerui modernumo su \u201eIrvine 2D\u201c auk\u0161ta pakabinama kolona. \u0160i eleganti\u0161ka kolekcija pasi\u017eymi tobulu blizgios baltos spalvos ir juodo onikso akcento deriniu, tod\u0117l tai puikus sprendimas tiems, kurie vertina funkcionalum\u0105 ir stili\u0173. \u0160is unikalus baldas ne tik papuo\u0161 j\u016bs\u0173 erdv\u0119, bet ir suteiks joje harmonijos bei tvarkos. 35 cm plo\u010dio, 172 cm auk\u0161\u010dio ir 30 cm gylio auk\u0161ta kolona lengvai dera prie \u012fvairi\u0173 interjero dizain\u0173. D\u0117l savo plonos formos ji idealiai tinka ma\u017eesn\u0117ms patalpoms, kur svarbus kiekvienas erdv\u0117s centimetras. \u0160ios spintel\u0117s, sukurtos atsi\u017evelgiant \u012f modern\u0173 gyvenimo b\u016bd\u0105, si\u016blo daug vietos daiktams susid\u0117ti, tod\u0117l yra prakti\u0161kos kasdieniam naudojimui. \u0160is baldas pagamintas i\u0161 auk\u0161tos kokyb\u0117s MDF plok\u0161t\u0117s fasadams ir laminuotos plok\u0161t\u0117s korpusui, u\u017etikrinan\u010dio patvarum\u0105 ir tvirtum\u0105 ilgus metus. Subtilus balto fasado blizgesys kartu su matiniu korpusu traukia ak\u012f ir suteikia bet kokiai erdvei stiliaus. Papildomas privalumas \u2013 tyl\u016bs dvigubi vyriai, kurie padidina naudojimo komfort\u0105 ir pagerina dur\u0173 atidarymo estetik\u0105.<\/p>","protected":false},"excerpt":{"rendered":"<p>Plotis (cm): 35<br \/>\n\u016agis (cm): 172<br \/>\nGylis (cm): 30<\/p>","protected":false},"featured_media":155491,"comment_status":"open","ping_status":"open","template":"","meta":[],"product_brand":[],"product_cat":[4105,1177],"product_tag":[],"class_list":{"0":"post-155490","1":"product","2":"type-product","3":"status-publish","4":"has-post-thumbnail","6":"product_cat-helvetia","7":"product_cat-wardrobes","9":"first","10":"instock","11":"purchasable","12":"product-type-simple"},"_links":{"self":[{"href":"https:\/\/baldumarket.lt\/lt\/wp-json\/wp\/v2\/product\/155490","targetHints":{"allow":["GET"]}}],"collection":[{"href":"https:\/\/baldumarket.lt\/lt\/wp-json\/wp\/v2\/product"}],"about":[{"href":"https:\/\/baldumarket.lt\/lt\/wp-json\/wp\/v2\/types\/product"}],"replies":[{"embeddable":true,"href":"https:\/\/baldumarket.lt\/lt\/wp-json\/wp\/v2\/comments?post=155490"}],"wp:featuredmedia":[{"embeddable":true,"href":"https:\/\/baldumarket.lt\/lt\/wp-json\/wp\/v2\/media\/155491"}],"wp:attachment":[{"href":"https:\/\/baldumarket.lt\/lt\/wp-json\/wp\/v2\/media?parent=155490"}],"wp:term":[{"taxonomy":"product_brand","embeddable":true,"href":"https:\/\/baldumarket.lt\/lt\/wp-json\/wp\/v2\/product_brand?post=155490"},{"taxonomy":"product_cat","embeddable":true,"href":"https:\/\/baldumarket.lt\/lt\/wp-json\/wp\/v2\/product_cat?post=155490"},{"taxonomy":"product_tag","embeddable":true,"href":"https:\/\/baldumarket.lt\/lt\/wp-json\/wp\/v2\/product_tag?post=155490"}],"curies":[{"name":"wp","href":"https:\/\/api.w.org\/{rel}","templated":true}]}}