{"id":155482,"date":"2025-12-18T18:01:01","date_gmt":"2025-12-18T15:01:01","guid":{"rendered":"https:\/\/baldumarket.lt\/product\/impressio-szuflada-do-lozka-2-szt-dab-mauvella\/"},"modified":"2026-02-05T10:07:27","modified_gmt":"2026-02-05T07:07:27","slug":"impressio-szuflada-do-lozka-2-szt-dab-mauvella","status":"publish","type":"product","link":"https:\/\/baldumarket.lt\/lt\/product\/impressio-szuflada-do-lozka-2-szt-dab-mauvella\/","title":{"rendered":"Impressio &#8211; Lovos stal\u010dius 2 vnt Mauvela \u0105\u017euolas"},"content":{"rendered":"<p>Atraskite nepaprast\u0105 funkcionalum\u0105 ir elegancij\u0105, kurios ie\u0161kote savo interjere, su \u201eImpressio\u201c lovos stal\u010diais. \u0160ie stilingi ir prakti\u0161ki garsaus prek\u0117s \u017eenklo \u201eHelvetia\u201c priedai \u2013 tai tobulas modernaus dizaino ir auk\u0161tos kokyb\u0117s meistri\u0161kumo derinys, suteikiantis charakterio bet kokiam kambariui. Pagaminti i\u0161 laminuotos plok\u0161t\u0117s, \u0161ie stal\u010diai yra ne tik esteti\u0161kai patraukl\u016bs, bet ir patvar\u016bs, u\u017etikrinantys ilgaam\u017ei\u0161kum\u0105. Eleganti\u0161ka \u201eMauvella\u201c \u0105\u017euolo mediena puikiai tinka \u012fvairiems interjerams \u2013 nuo klasikinio iki modernaus. Matin\u0117 pilka apdaila kartu su \u0161iltu med\u017eio atspalviu sukuria harmoning\u0105, ak\u012f traukiant\u012f vaizd\u0105. Tai suteiks j\u016bs\u0173 miegamajam nauj\u0105 spindes\u012f ir stili\u0173, tuo pa\u010diu i\u0161likdama ramyb\u0117s ir atsipalaidavimo vieta. \u0160ie stal\u010diai si\u016blo daugiau nei tik estetin\u012f patrauklum\u0105. J\u0173 gerai apgalvotas dizainas leid\u017eia efektyviai i\u0161naudoti erdv\u0119 po lova. Du erdv\u016bs stal\u010diai suteikia daugiau vietos daiktams susid\u0117ti ir greit\u0105 prieig\u0105 prie j\u016bs\u0173 daikt\u0173. Tai puikus sprendimas norint sutvarkyti miegam\u0105j\u012f ir u\u017etikrinti kasdien\u012f komfort\u0105.<\/p>","protected":false},"excerpt":{"rendered":"<p>Plotis (cm): 125<br \/>\n\u016agis (cm): 19<br \/>\nGylis (cm): 62<\/p>","protected":false},"featured_media":155483,"comment_status":"open","ping_status":"open","template":"","meta":[],"product_brand":[],"product_cat":[9407,1043,4105],"product_tag":[],"class_list":{"0":"post-155482","1":"product","2":"type-product","3":"status-publish","4":"has-post-thumbnail","6":"product_cat-furniture-system-impressio","7":"product_cat-extras","8":"product_cat-helvetia","10":"first","11":"instock","12":"purchasable","13":"product-type-simple"},"_links":{"self":[{"href":"https:\/\/baldumarket.lt\/lt\/wp-json\/wp\/v2\/product\/155482","targetHints":{"allow":["GET"]}}],"collection":[{"href":"https:\/\/baldumarket.lt\/lt\/wp-json\/wp\/v2\/product"}],"about":[{"href":"https:\/\/baldumarket.lt\/lt\/wp-json\/wp\/v2\/types\/product"}],"replies":[{"embeddable":true,"href":"https:\/\/baldumarket.lt\/lt\/wp-json\/wp\/v2\/comments?post=155482"}],"wp:featuredmedia":[{"embeddable":true,"href":"https:\/\/baldumarket.lt\/lt\/wp-json\/wp\/v2\/media\/155483"}],"wp:attachment":[{"href":"https:\/\/baldumarket.lt\/lt\/wp-json\/wp\/v2\/media?parent=155482"}],"wp:term":[{"taxonomy":"product_brand","embeddable":true,"href":"https:\/\/baldumarket.lt\/lt\/wp-json\/wp\/v2\/product_brand?post=155482"},{"taxonomy":"product_cat","embeddable":true,"href":"https:\/\/baldumarket.lt\/lt\/wp-json\/wp\/v2\/product_cat?post=155482"},{"taxonomy":"product_tag","embeddable":true,"href":"https:\/\/baldumarket.lt\/lt\/wp-json\/wp\/v2\/product_tag?post=155482"}],"curies":[{"name":"wp","href":"https:\/\/api.w.org\/{rel}","templated":true}]}}