{"id":155476,"date":"2025-12-18T18:00:48","date_gmt":"2025-12-18T15:00:48","guid":{"rendered":"https:\/\/baldumarket.lt\/product\/impressio-szafka-nocna-2-szuflady-dab-mauvella-congo\/"},"modified":"2026-02-05T10:07:27","modified_gmt":"2026-02-05T07:07:27","slug":"impressio-szafka-nocna-2-szuflady-dab-mauvella-congo","status":"publish","type":"product","link":"https:\/\/baldumarket.lt\/lt\/product\/impressio-szafka-nocna-2-szuflady-dab-mauvella-congo\/","title":{"rendered":"\u201eImpressio\u201c \u2013 2 stal\u010di\u0173 naktinis staliukas i\u0161 Mauvela Kongo \u0105\u017euolo"},"content":{"rendered":"<p>Atraskite baldo, kuris suteiks j\u016bs\u0173 miegamajam unikalaus charakterio \u2013 \u201eImpressio\u201c naktinio staliuko, gro\u017e\u012f ir funkcionalum\u0105. Subtilus stilius derina elegancij\u0105 ir modernum\u0105, o \u201eMauvella\u201c ir Kongo \u0105\u017euolo spalv\u0173 derinys puikiai tinka \u012fvairiems interjero dizainams. D\u0117l kompakti\u0161kos formos naktinis staliukas u\u017eima minimaliai vietos, ta\u010diau i\u0161siskiria kaip prakti\u0161kas elementas, kuris neabejotinai taps nepakei\u010diamu j\u016bs\u0173 vakaro ritual\u0173 palydovu. Spintel\u0117s apgalvotas dizainas su dviem erdviais stal\u010diais leid\u017eia laikyti visk\u0105, ko reikia poilsiui prie\u0161 mieg\u0105. Nuo knyg\u0173 iki vaist\u0173 ir smulki\u0173 aksesuar\u0173 \u2013 viskas turi savo viet\u0105, tod\u0117l kasdienis naudojimas tampa daug lengvesnis. Tai leid\u017eia rytams b\u016bti organizuotesniems, o vakarams \u2013 malonesniems. Tod\u0117l \u201eImpressio\u201c naktinis staliukas yra idealus sprendimas ne tik estetikos m\u0117g\u0117jams, bet ir tiems, kurie vertina prakti\u0161kum\u0105. Laminuotos plok\u0161t\u0117s apdaila ir eleganti\u0161kos, matin\u0117s juodos kojel\u0117s suteikia naktiniam staliukui modernumo, kartu u\u017etikrindamos tvirtum\u0105 ir ilgaam\u017ei\u0161kum\u0105. \u201eHelvetia\u201c baldai pasi\u017eymi auk\u0161ta kokybe, garantuojan\u010dia ilgalaik\u012f naudojim\u0105 net ir intensyviai naudojamuose kambariuose. Kiekviena detal\u0117 buvo kruop\u0161\u010diai apgalvota, pabr\u0117\u017eiant unikal\u0173 \u0161io universalaus j\u016bs\u0173 interjero elemento charakter\u012f.<\/p>","protected":false},"excerpt":{"rendered":"<p>Plotis (cm): 46<br \/>\n\u016agis (cm): 45<br \/>\nGylis (cm): 41<\/p>","protected":false},"featured_media":155477,"comment_status":"open","ping_status":"open","template":"","meta":[],"product_brand":[],"product_cat":[9407,1176,4105],"product_tag":[],"class_list":{"0":"post-155476","1":"product","2":"type-product","3":"status-publish","4":"has-post-thumbnail","6":"product_cat-furniture-system-impressio","7":"product_cat-bedside-tables","8":"product_cat-helvetia","10":"first","11":"instock","12":"purchasable","13":"product-type-simple"},"_links":{"self":[{"href":"https:\/\/baldumarket.lt\/lt\/wp-json\/wp\/v2\/product\/155476","targetHints":{"allow":["GET"]}}],"collection":[{"href":"https:\/\/baldumarket.lt\/lt\/wp-json\/wp\/v2\/product"}],"about":[{"href":"https:\/\/baldumarket.lt\/lt\/wp-json\/wp\/v2\/types\/product"}],"replies":[{"embeddable":true,"href":"https:\/\/baldumarket.lt\/lt\/wp-json\/wp\/v2\/comments?post=155476"}],"wp:featuredmedia":[{"embeddable":true,"href":"https:\/\/baldumarket.lt\/lt\/wp-json\/wp\/v2\/media\/155477"}],"wp:attachment":[{"href":"https:\/\/baldumarket.lt\/lt\/wp-json\/wp\/v2\/media?parent=155476"}],"wp:term":[{"taxonomy":"product_brand","embeddable":true,"href":"https:\/\/baldumarket.lt\/lt\/wp-json\/wp\/v2\/product_brand?post=155476"},{"taxonomy":"product_cat","embeddable":true,"href":"https:\/\/baldumarket.lt\/lt\/wp-json\/wp\/v2\/product_cat?post=155476"},{"taxonomy":"product_tag","embeddable":true,"href":"https:\/\/baldumarket.lt\/lt\/wp-json\/wp\/v2\/product_tag?post=155476"}],"curies":[{"name":"wp","href":"https:\/\/api.w.org\/{rel}","templated":true}]}}