{"id":155468,"date":"2025-12-18T18:00:31","date_gmt":"2025-12-18T15:00:31","guid":{"rendered":"https:\/\/baldumarket.lt\/product\/impressio-szafa-2-drzwi-przesuwnych-2s-dab-mauvella-congo-2\/"},"modified":"2026-02-05T10:07:27","modified_gmt":"2026-02-05T07:07:27","slug":"impressio-szafa-2-drzwi-przesuwnych-2s-dab-mauvella-congo-2","status":"publish","type":"product","link":"https:\/\/baldumarket.lt\/lt\/product\/impressio-szafa-2-drzwi-przesuwnych-2s-dab-mauvella-congo-2\/","title":{"rendered":"Impressio \u2013 Drabu\u017ein\u0117 su 2 stumdomomis durimis 2S, Mauvela, Kongo \u0105\u017euolas"},"content":{"rendered":"<p>Stilinga ir funkcionali \u201eImpressio\u201c spinta su dviem stumdomomis durimis \u2013 puikus pasirinkimas visiems, ie\u0161kantiems estetikos ir komforto derinio. Unikalus dizainas, derinamas su eleganti\u0161ka \u201eMauvella\u201c \u0105\u017euolo mediena ir moderniu Kongo spalvos fasadu, sukuria harmoning\u0105 kompozicij\u0105, kuri tikrai patrauks ak\u012f bet kuriame interjere. D\u0117l subtili\u0173 spalv\u0173 ir minimalistin\u0117s formos spinta puikiai der\u0117s prie \u012fvairi\u0173 interjer\u0173 \u2013 nuo skandinavi\u0161ko iki industrinio. \u201eImpressio\u201c spintos stumdomos durys yra ne tik esteti\u0161kai patrauklios, bet ir ne\u012ftik\u0117tinai prakti\u0161kos. Jos taupo viet\u0105, o tai labai svarbu ma\u017eesn\u0117se erdv\u0117se. Lengvas dur\u0173 atidarymas ir u\u017edarymas leid\u017eia greitai ir patogiai pasiekti spintos turin\u012f, o tai yra didelis privalumas kasdieniame naudojime. Jos suteiks j\u016bs\u0173 interjerui nauj\u0105 tvarkos ir stiliaus poj\u016bt\u012f. Spintos vidus sukurtas atsi\u017evelgiant \u012f maksimal\u0173 funkcionalum\u0105. \u201eMauvella\u201c \u0105\u017euolo spalvos lentynos ir tvirtos matin\u0117s juodos kojel\u0117s suteikia visam baldui modernumo, kartu u\u017etikrindamos tvirtum\u0105 ir ilgaam\u017ei\u0161kum\u0105. \u0160ioje spintoje ne tik tilps visi j\u016bs\u0173 drabu\u017eiai, bet ir taps eleganti\u0161ku j\u016bs\u0173 nam\u0173 dekoratyviniu elementu.<\/p>","protected":false},"excerpt":{"rendered":"<p>Plotis (cm): 159<br \/>\n\u016agis (cm): 219<br \/>\nGylis (cm): 63<\/p>","protected":false},"featured_media":155469,"comment_status":"open","ping_status":"open","template":"","meta":[],"product_brand":[],"product_cat":[9407,4105,1177],"product_tag":[],"class_list":{"0":"post-155468","1":"product","2":"type-product","3":"status-publish","4":"has-post-thumbnail","6":"product_cat-furniture-system-impressio","7":"product_cat-helvetia","8":"product_cat-wardrobes","10":"first","11":"instock","12":"purchasable","13":"product-type-simple"},"_links":{"self":[{"href":"https:\/\/baldumarket.lt\/lt\/wp-json\/wp\/v2\/product\/155468","targetHints":{"allow":["GET"]}}],"collection":[{"href":"https:\/\/baldumarket.lt\/lt\/wp-json\/wp\/v2\/product"}],"about":[{"href":"https:\/\/baldumarket.lt\/lt\/wp-json\/wp\/v2\/types\/product"}],"replies":[{"embeddable":true,"href":"https:\/\/baldumarket.lt\/lt\/wp-json\/wp\/v2\/comments?post=155468"}],"wp:featuredmedia":[{"embeddable":true,"href":"https:\/\/baldumarket.lt\/lt\/wp-json\/wp\/v2\/media\/155469"}],"wp:attachment":[{"href":"https:\/\/baldumarket.lt\/lt\/wp-json\/wp\/v2\/media?parent=155468"}],"wp:term":[{"taxonomy":"product_brand","embeddable":true,"href":"https:\/\/baldumarket.lt\/lt\/wp-json\/wp\/v2\/product_brand?post=155468"},{"taxonomy":"product_cat","embeddable":true,"href":"https:\/\/baldumarket.lt\/lt\/wp-json\/wp\/v2\/product_cat?post=155468"},{"taxonomy":"product_tag","embeddable":true,"href":"https:\/\/baldumarket.lt\/lt\/wp-json\/wp\/v2\/product_tag?post=155468"}],"curies":[{"name":"wp","href":"https:\/\/api.w.org\/{rel}","templated":true}]}}