{"id":155460,"date":"2025-12-18T18:00:13","date_gmt":"2025-12-18T15:00:13","guid":{"rendered":"https:\/\/baldumarket.lt\/product\/impressio-szafa-2-drzwi-przesuwnych-2s-dab-mauvella-congo\/"},"modified":"2026-02-05T10:07:27","modified_gmt":"2026-02-05T07:07:27","slug":"impressio-szafa-2-drzwi-przesuwnych-2s-dab-mauvella-congo","status":"publish","type":"product","link":"https:\/\/baldumarket.lt\/lt\/product\/impressio-szafa-2-drzwi-przesuwnych-2s-dab-mauvella-congo\/","title":{"rendered":"Impressio \u2013 Drabu\u017ein\u0117 su 2 stumdomomis durimis 2S, Mauvela, Kongo \u0105\u017euolas"},"content":{"rendered":"<p>Atraskite nepaprast\u0105 elegancij\u0105 ir modernum\u0105 su \u201eImpressio\u201c stumdoma spinta \u2013 puikiu sprendimu bet kokiam interjerui. Ji pasi\u017eymi harmoningu spalv\u0173 deriniu, o \u201eMauvella Oak\u201c korpusas puikiai dera su Kongo spalvos fasadais, sukurdamas \u012fsp\u016bding\u0105 i\u0161vaizd\u0105, kuri pagyvins j\u016bs\u0173 kambar\u012f. Unikalus \u0161ios spintos stilius pavers j\u0105 bet kurio kambario traukos centru, pritrauks d\u0117mes\u012f ir suteiks unikalaus charakterio. \u201eImpressio\u201c spinta ne tik \u017eavi savo dizainu, bet ir suteikia prakti\u0161kumo j\u016bs\u0173 interjerui. Su stumdomomis durimis galite m\u0117gautis vietos taupymu ir tuo pa\u010diu u\u017etikrinti lengv\u0105 prieig\u0105 prie savo daikt\u0173. Idealiai tinka miegamiesiems, koridoriams ar vaik\u0173 kambariams, tai puikus sprendimas interjerams, kuriuose pirmenyb\u0117 teikiama harmoningai erdvei. Minimalistinis \u017eavesys puikiai der\u0117s prie bet kokio stiliaus \u2013 nuo skandinavi\u0161ko iki industrinio. Viduje rasite puikius drabu\u017ei\u0173 organizavimo sprendimus, tod\u0117l ji yra ne tik gra\u017ei, bet ir funkcionali. D\u0117l moderni\u0173 med\u017eiag\u0173, toki\u0173 kaip laminuota plok\u0161t\u0117, spinta yra ne tik esteti\u0161kai patraukli, bet ir lengvai valoma. Gerai apgalvotas dizainas ir matin\u0117s juodos kojel\u0117s suteikia lengvumo, pabr\u0117\u017eiant modern\u0173 stili\u0173.<\/p>","protected":false},"excerpt":{"rendered":"<p>Plotis (cm): 209<br \/>\n\u016agis (cm): 219<br \/>\nGylis (cm): 63<\/p>","protected":false},"featured_media":155461,"comment_status":"open","ping_status":"open","template":"","meta":[],"product_brand":[],"product_cat":[9407,4105,1177],"product_tag":[],"class_list":{"0":"post-155460","1":"product","2":"type-product","3":"status-publish","4":"has-post-thumbnail","6":"product_cat-furniture-system-impressio","7":"product_cat-helvetia","8":"product_cat-wardrobes","10":"first","11":"instock","12":"purchasable","13":"product-type-simple"},"_links":{"self":[{"href":"https:\/\/baldumarket.lt\/lt\/wp-json\/wp\/v2\/product\/155460","targetHints":{"allow":["GET"]}}],"collection":[{"href":"https:\/\/baldumarket.lt\/lt\/wp-json\/wp\/v2\/product"}],"about":[{"href":"https:\/\/baldumarket.lt\/lt\/wp-json\/wp\/v2\/types\/product"}],"replies":[{"embeddable":true,"href":"https:\/\/baldumarket.lt\/lt\/wp-json\/wp\/v2\/comments?post=155460"}],"wp:featuredmedia":[{"embeddable":true,"href":"https:\/\/baldumarket.lt\/lt\/wp-json\/wp\/v2\/media\/155461"}],"wp:attachment":[{"href":"https:\/\/baldumarket.lt\/lt\/wp-json\/wp\/v2\/media?parent=155460"}],"wp:term":[{"taxonomy":"product_brand","embeddable":true,"href":"https:\/\/baldumarket.lt\/lt\/wp-json\/wp\/v2\/product_brand?post=155460"},{"taxonomy":"product_cat","embeddable":true,"href":"https:\/\/baldumarket.lt\/lt\/wp-json\/wp\/v2\/product_cat?post=155460"},{"taxonomy":"product_tag","embeddable":true,"href":"https:\/\/baldumarket.lt\/lt\/wp-json\/wp\/v2\/product_tag?post=155460"}],"curies":[{"name":"wp","href":"https:\/\/api.w.org\/{rel}","templated":true}]}}