{"id":155458,"date":"2025-12-18T18:00:10","date_gmt":"2025-12-18T15:00:10","guid":{"rendered":"https:\/\/baldumarket.lt\/product\/impressio-silent-system-cichy-domyk-komplet-2-szt-do-szaf-typ-61-63\/"},"modified":"2026-02-05T10:07:27","modified_gmt":"2026-02-05T07:07:27","slug":"impressio-silent-system-cichy-domyk-komplet-2-szt-do-szaf-typ-61-63","status":"publish","type":"product","link":"https:\/\/baldumarket.lt\/lt\/product\/impressio-silent-system-cichy-domyk-komplet-2-szt-do-szaf-typ-61-63\/","title":{"rendered":"\u201eImpressio\u201c \u2013 tylios sistemos \u2013 \u0161velnaus u\u017edarymo mechanizm\u0173 rinkinys, 2 vnt., 61 ir 63 tip\u0173 spintoms"},"content":{"rendered":"<p>Atraskite nauj\u0105 tylos dimensij\u0105 su \u201eHelvetia Silent Close\u201c komplektu, puikiai tinkan\u010diu bet kokio tipo spintai. \u0160is novatori\u0161kas dviej\u0173 dali\u0173 komplektas sukurtas tiems, kurie vertina harmonij\u0105 ir ramyb\u0119 savo namuose. D\u0117l \u201eSilent System\u201c technologijos dur\u0173 u\u017edarymas tampa i\u0161skirtinai sklandus ir tylus, pa\u0161alinant triuk\u0161m\u0105, kuris da\u017enai lydi kasdien\u0119 veikl\u0105.<\/p>\n<p>\u0160ie eleganti\u0161ki elementai, kuri\u0173 plotis \u2013 23,7 cm, auk\u0161tis \u2013 1,13 cm, o gylis \u2013 2,4 cm, derina modern\u0173 dizain\u0105 su funkcionalumu. Jie yra universalios spalvos ir puikiai tiks \u012fvairiems interjero dizainams \u2013 tiek klasikiniams, tiek moderniems. D\u0117l diskreti\u0161kos formos jie yra subtilus elementas, kuris sustiprina erdv\u0117s \u017eaves\u012f, jos neu\u017ego\u017edamas.<\/p>\n<p>Surinkimas \u201epasidaryk pats\u201c garantuoja greit\u0105 ir paprast\u0105 paruo\u0161im\u0105, leid\u017eiant\u012f i\u0161 karto m\u0117gautis \u0161iuo novatori\u0161ku sprendimu. D\u0117l paprast\u0173 instrukcij\u0173 kiekvienas gali sumontuoti \u0161iuos elementus be profesionalios pagalbos. Tai puikus sprendimas tiems, kurie vertina ne tik estetik\u0105, bet ir prakti\u0161kum\u0105 kasdieniame gyvenime.<\/p>\n<p>Pasirinkdami \u201eHelvetia Silent System\u201c sistem\u0105, investuojate \u012f kokyb\u0119, kuri \u017eymiai pagerins j\u016bs\u0173 bald\u0173 komfort\u0105. Be to, med\u017eiag\u0173 kokyb\u0117 ir tikslus meistri\u0161kumas daro \u0161iuos gaminius patvarius ir atsparius intensyviam naudojimui. Suteikite savo namams prabangos, pasirinkdami technologij\u0105, kuri derina funkcionalum\u0105 ir elegancij\u0105.<\/p>\n<p>Ie\u0161kote b\u016bdo, kaip pagerinti savo erdv\u0117s organizavim\u0105? Spintos su tyliu u\u017edarymu ne tik atrodo eleganti\u0161kai, bet ir yra prakti\u0161kos, supaprastinan\u010dios j\u016bs\u0173 kasdien\u012f gyvenim\u0105. Leiskite savo baldams kalb\u0117ti patiems u\u017e save \u2013 rinkit\u0117s sprendim\u0105, kuris derina modernum\u0105 su malonia naudotojo patirtimi.<\/p>","protected":false},"excerpt":{"rendered":"<p>Plotis (cm): 23,7<br \/>\n\u016agis (cm): 1,13<br \/>\nGylis (cm): 2,4<\/p>","protected":false},"featured_media":155459,"comment_status":"open","ping_status":"open","template":"","meta":[],"product_brand":[],"product_cat":[9407,1043,4105],"product_tag":[],"class_list":{"0":"post-155458","1":"product","2":"type-product","3":"status-publish","4":"has-post-thumbnail","6":"product_cat-furniture-system-impressio","7":"product_cat-extras","8":"product_cat-helvetia","10":"first","11":"instock","12":"purchasable","13":"product-type-simple"},"_links":{"self":[{"href":"https:\/\/baldumarket.lt\/lt\/wp-json\/wp\/v2\/product\/155458","targetHints":{"allow":["GET"]}}],"collection":[{"href":"https:\/\/baldumarket.lt\/lt\/wp-json\/wp\/v2\/product"}],"about":[{"href":"https:\/\/baldumarket.lt\/lt\/wp-json\/wp\/v2\/types\/product"}],"replies":[{"embeddable":true,"href":"https:\/\/baldumarket.lt\/lt\/wp-json\/wp\/v2\/comments?post=155458"}],"wp:featuredmedia":[{"embeddable":true,"href":"https:\/\/baldumarket.lt\/lt\/wp-json\/wp\/v2\/media\/155459"}],"wp:attachment":[{"href":"https:\/\/baldumarket.lt\/lt\/wp-json\/wp\/v2\/media?parent=155458"}],"wp:term":[{"taxonomy":"product_brand","embeddable":true,"href":"https:\/\/baldumarket.lt\/lt\/wp-json\/wp\/v2\/product_brand?post=155458"},{"taxonomy":"product_cat","embeddable":true,"href":"https:\/\/baldumarket.lt\/lt\/wp-json\/wp\/v2\/product_cat?post=155458"},{"taxonomy":"product_tag","embeddable":true,"href":"https:\/\/baldumarket.lt\/lt\/wp-json\/wp\/v2\/product_tag?post=155458"}],"curies":[{"name":"wp","href":"https:\/\/api.w.org\/{rel}","templated":true}]}}