{"id":155442,"date":"2025-12-18T17:59:36","date_gmt":"2025-12-18T14:59:36","guid":{"rendered":"https:\/\/baldumarket.lt\/product\/impressio-lozko-140-x-200-cm-dab-mauvella-congo\/"},"modified":"2026-02-05T10:07:27","modified_gmt":"2026-02-05T07:07:27","slug":"impressio-lozko-140-x-200-cm-dab-mauvella-congo","status":"publish","type":"product","link":"https:\/\/baldumarket.lt\/lt\/product\/impressio-lozko-140-x-200-cm-dab-mauvella-congo\/","title":{"rendered":"Impressio \u2013 Lova 140 x 200 cm Mauvela Kongo \u0105\u017euolas"},"content":{"rendered":"<p>\u201eImpressio\u201c 140 x 200 cm dyd\u017eio lova i\u0161 \u201eMauvella Oak\u201c medienos su Kongo fasadais \u2013 tai dizainas, kuris suteiks elegancijos bet kuriam miegamajam. Unikalus dizainas derina modernum\u0105 su klasikiniu stiliumi, tod\u0117l puikiai tinka \u012fvairiems interjero dizainams. \u0160ilto \u0105\u017euolo atspalvio d\u0117ka ji ne tik tampa kambario traukos centru, bet ir sukuria jauki\u0105 atmosfer\u0105, skatinan\u010di\u0105 atsipalaiduoti ir pails\u0117ti po ilgos dienos. Lova pasi\u017eymi tvirta laminuotos plok\u0161t\u0117s konstrukcija, u\u017etikrinan\u010dia ne tik esteti\u0161k\u0105 i\u0161vaizd\u0105, bet ir didel\u012f patvarum\u0105. Did\u017eiausi jos matmenys \u2013 150 cm plo\u010dio, 101 cm auk\u0161\u010dio ir 204 cm gylio \u2013 yra puikus pasirinkimas tiems, kurie vertina patog\u0173 mieg\u0105 ir erdvum\u0105. Puikios lovos proporcijos ne tik vizualiai d\u017eiugina, bet ir skatina sveik\u0105 atsipalaidavim\u0105. Stilingas \u0105\u017euolo ir spalving\u0173 Kongo fasad\u0173 derinys suteikia lovai unikalaus charakterio, o subtilios detal\u0117s u\u017etikrina, kad kiekvienas elementas b\u016bt\u0173 kruop\u0161\u010diai apgalvotas. \u201eImpressio\u201c lova yra puikus sprendimas tiems, kurie ie\u0161ko ne tik bald\u0173, bet ir dizainerio akcento savo interjere. Nesvarbu, ar jums labiau patinka minimalizmas, ar i\u0161rai\u0161kingas, meni\u0161kas dizainas, \u0161i lova taps eleganti\u0161ku j\u016bs\u0173 miegamojo papildymu.<\/p>","protected":false},"excerpt":{"rendered":"<p>Plotis (cm): 150<br \/>\n\u016agis (cm): 101<br \/>\nGylis (cm): 204<\/p>","protected":false},"featured_media":155443,"comment_status":"open","ping_status":"open","template":"","meta":[],"product_brand":[],"product_cat":[9407,505,4105],"product_tag":[],"class_list":{"0":"post-155442","1":"product","2":"type-product","3":"status-publish","4":"has-post-thumbnail","6":"product_cat-furniture-system-impressio","7":"product_cat-bedroom-beds","8":"product_cat-helvetia","10":"first","11":"instock","12":"purchasable","13":"product-type-simple"},"_links":{"self":[{"href":"https:\/\/baldumarket.lt\/lt\/wp-json\/wp\/v2\/product\/155442","targetHints":{"allow":["GET"]}}],"collection":[{"href":"https:\/\/baldumarket.lt\/lt\/wp-json\/wp\/v2\/product"}],"about":[{"href":"https:\/\/baldumarket.lt\/lt\/wp-json\/wp\/v2\/types\/product"}],"replies":[{"embeddable":true,"href":"https:\/\/baldumarket.lt\/lt\/wp-json\/wp\/v2\/comments?post=155442"}],"wp:featuredmedia":[{"embeddable":true,"href":"https:\/\/baldumarket.lt\/lt\/wp-json\/wp\/v2\/media\/155443"}],"wp:attachment":[{"href":"https:\/\/baldumarket.lt\/lt\/wp-json\/wp\/v2\/media?parent=155442"}],"wp:term":[{"taxonomy":"product_brand","embeddable":true,"href":"https:\/\/baldumarket.lt\/lt\/wp-json\/wp\/v2\/product_brand?post=155442"},{"taxonomy":"product_cat","embeddable":true,"href":"https:\/\/baldumarket.lt\/lt\/wp-json\/wp\/v2\/product_cat?post=155442"},{"taxonomy":"product_tag","embeddable":true,"href":"https:\/\/baldumarket.lt\/lt\/wp-json\/wp\/v2\/product_tag?post=155442"}],"curies":[{"name":"wp","href":"https:\/\/api.w.org\/{rel}","templated":true}]}}