{"id":155435,"date":"2025-12-18T17:59:22","date_gmt":"2025-12-18T14:59:22","guid":{"rendered":"https:\/\/baldumarket.lt\/product\/impressio-komoda-4-szuflady-dab-mauvella-congo\/"},"modified":"2026-02-05T10:07:27","modified_gmt":"2026-02-05T07:07:27","slug":"impressio-komoda-4-szuflady-dab-mauvella-congo","status":"publish","type":"product","link":"https:\/\/baldumarket.lt\/lt\/product\/impressio-komoda-4-szuflady-dab-mauvella-congo\/","title":{"rendered":"Impressio \u2013 4 stal\u010di\u0173 komoda Mauvela Kongo \u0105\u017euolas"},"content":{"rendered":"<p>Interjeras \u2013 tai ne tik vietos, kuriose gyvename, bet ir erdv\u0117s, kurios i\u0161rei\u0161kia m\u016bs\u0173 asmenyb\u0119 bei stili\u0173. \u201eHelvetia\u201c komoda \u201eImpressio\u201c \u2013 puikus b\u016bdas suderinti elegancij\u0105 ir funkcionalum\u0105 bet kokiame interjere. Jos estetika, dominuojantis \u201eMauvella\u201c \u0105\u017euolo atspalvis ir sodri Kongo fasadas, sukuria modernumo ir klas\u0117s atmosfer\u0105. D\u0117mes\u012f traukia ne tik gra\u017ei i\u0161vaizda, bet ir \u0161ios komodos prakti\u0161kumas. D\u0117l keturi\u0173 erdvi\u0173 stal\u010di\u0173 galite lengvai susitvarkyti savo daiktus, kiekvienam interjero kampeliui suteikdami harmonijos poj\u016bt\u012f. Matin\u0117s juodos kojel\u0117s suteikia komodai stabilumo ir lengvumo, tod\u0117l ji idealiai tinka bet kuriam svetainei, miegamajam ar biurui. \u201eImpressio\u201c komoda buvo sukurta galvojant apie paprast\u0105 naudojim\u0105. Pagaminta i\u0161 laminuotos plok\u0161t\u0117s, ji idealiai tinka kasdieniam naudojimui, o tvirta konstrukcija garantuoja ilgaam\u017ei\u0161kum\u0105. Stal\u010di\u0173 sistema, pagr\u012fsta ritininiais b\u0117geliais, u\u017etikrina skland\u0173 atidarym\u0105 ir u\u017edarym\u0105, o tai labai svarbu kasdieniame gyvenime. D\u0117l \u0161i\u0173 sprendim\u0173 net ir ma\u017eiausi daiktai, kuriuos laikote, bus lengvai pasiekiami.<\/p>","protected":false},"excerpt":{"rendered":"<p>Plotis (cm): 100<br \/>\n\u016agis (cm): 91<br \/>\nGylis (cm): 41<\/p>","protected":false},"featured_media":155436,"comment_status":"open","ping_status":"open","template":"","meta":[],"product_brand":[],"product_cat":[9407,1173,4105],"product_tag":[],"class_list":{"0":"post-155435","1":"product","2":"type-product","3":"status-publish","4":"has-post-thumbnail","6":"product_cat-furniture-system-impressio","7":"product_cat-chests-of-drawers","8":"product_cat-helvetia","10":"first","11":"instock","12":"purchasable","13":"product-type-simple"},"_links":{"self":[{"href":"https:\/\/baldumarket.lt\/lt\/wp-json\/wp\/v2\/product\/155435","targetHints":{"allow":["GET"]}}],"collection":[{"href":"https:\/\/baldumarket.lt\/lt\/wp-json\/wp\/v2\/product"}],"about":[{"href":"https:\/\/baldumarket.lt\/lt\/wp-json\/wp\/v2\/types\/product"}],"replies":[{"embeddable":true,"href":"https:\/\/baldumarket.lt\/lt\/wp-json\/wp\/v2\/comments?post=155435"}],"wp:featuredmedia":[{"embeddable":true,"href":"https:\/\/baldumarket.lt\/lt\/wp-json\/wp\/v2\/media\/155436"}],"wp:attachment":[{"href":"https:\/\/baldumarket.lt\/lt\/wp-json\/wp\/v2\/media?parent=155435"}],"wp:term":[{"taxonomy":"product_brand","embeddable":true,"href":"https:\/\/baldumarket.lt\/lt\/wp-json\/wp\/v2\/product_brand?post=155435"},{"taxonomy":"product_cat","embeddable":true,"href":"https:\/\/baldumarket.lt\/lt\/wp-json\/wp\/v2\/product_cat?post=155435"},{"taxonomy":"product_tag","embeddable":true,"href":"https:\/\/baldumarket.lt\/lt\/wp-json\/wp\/v2\/product_tag?post=155435"}],"curies":[{"name":"wp","href":"https:\/\/api.w.org\/{rel}","templated":true}]}}