{"id":155433,"date":"2025-12-18T17:59:19","date_gmt":"2025-12-18T14:59:19","guid":{"rendered":"https:\/\/baldumarket.lt\/product\/impressio-1x-tasma-led-neutralne-do-typu-31\/"},"modified":"2026-02-17T18:17:17","modified_gmt":"2026-02-17T15:17:17","slug":"impressio-1x-tasma-led-neutralne-do-typu-31","status":"publish","type":"product","link":"https:\/\/baldumarket.lt\/lt\/product\/impressio-1x-tasma-led-neutralne-do-typu-31\/","title":{"rendered":"Impressio &#8211; 1x neutrali LED juostel\u0117 (..31 tipui)"},"content":{"rendered":"<p>Atraskite modernaus ap\u0161vietimo pasaul\u012f su \u201eHelvetia\u201c \u201eImpressio\u201c LED juostele, kuri suteiks j\u016bs\u0173 interjerui unikali\u0105 atmosfer\u0105. Pagaminta i\u0161 auk\u0161tos kokyb\u0117s med\u017eiag\u0173, \u0161i neutrali\u0173 spalv\u0173 LED juosta yra puikus sprendimas tiems, kurie vertina funkcionalum\u0105 kartu su moderniu dizainu. D\u0117l eleganti\u0161kos formos ji puikiai tinka \u012fvairiems interjerams, suteikdama jiems subtilaus \u017eavesio ir jaukumo.<\/p>\n<p>\u201eImpressio\u201c LED juostel\u0117 si\u016blo ne tik estetik\u0105, bet ir pla\u010dias dizaino galimybes. D\u0117l savo lankstumo j\u0105 galite lengvai pritaikyti bet kurioje erdv\u0117je \u2013 nuo svetain\u0117s iki virtuv\u0117s ir miegamojo. Galite j\u0105 montuoti balduose, po lentynomis ar ant lub\u0173 kra\u0161t\u0173, sukurdami ry\u0161k\u0173 akcentin\u012f ap\u0161vietim\u0105, kuris pakeis j\u016bs\u0173 nam\u0173 charakter\u012f. Sukurkite unikali\u0105 atmosfer\u0105 bet kuriame kambaryje!<\/p>\n<p>\u201eImpressio\u201c LED juostos montavimas yra paprastas, tod\u0117l kiekvienas gali tai padaryti pats. Tiesiog nupjaukite reikiam\u0105 juostel\u0117s ilg\u012f, nupl\u0117\u0161kite lipni\u0105 pl\u0117vel\u0119 ir u\u017eklijuokite j\u0105 norimoje vietoje. D\u0117l to galite i\u0161 karto m\u0117gautis nauju \u0161viesos \u0161altiniu, kuris ap\u0161vies j\u016bs\u0173 interjer\u0105 taip, kaip visada svajojote.<\/p>\n<p>Nedelskite ir suteikite savo namams modernumo su \u201eImpressio\u201c LED juostele. Nesvarbu, ar planuojate didelius poky\u010dius, ar smulkias detales, \u0161is ap\u0161vietimas tikrai suteiks j\u016bs\u0173 erdv\u0117ms charakterio ir stiliaus. M\u0117gaukit\u0117s komfortu, energijos taupymu ir eleganti\u0161ku dizainu, kuris patenkins net ir reikliausi\u0173 vartotoj\u0173 l\u016bkes\u010dius.<\/p>","protected":false},"excerpt":{"rendered":"<p>Atraskite modernaus ap\u0161vietimo pasaul\u012f su \u201eHelvetia\u201c \u201eImpressio\u201c LED juostele, kuri suteiks j\u016bs\u0173 interjerui unikali\u0105 atmosfer\u0105. Pagaminta i\u0161 auk\u0161tos kokyb\u0117s med\u017eiag\u0173, \u0161i neutrali\u0173 spalv\u0173 LED juosta yra puikus sprendimas tiems, kurie vertina funkcionalum\u0105 kartu su moderniu dizainu. D\u0117l eleganti\u0161kos formos ji puikiai tinka \u012fvairiems [\u2026]<\/p>","protected":false},"featured_media":155434,"comment_status":"open","ping_status":"open","template":"","meta":[],"product_brand":[],"product_cat":[9407,9406,9251,4105],"product_tag":[],"class_list":{"0":"post-155433","1":"product","2":"type-product","3":"status-publish","4":"has-post-thumbnail","6":"product_cat-furniture-system-impressio","7":"product_cat-lighting-led","8":"product_cat-musor","9":"product_cat-helvetia","11":"first","12":"instock","13":"purchasable","14":"product-type-simple"},"_links":{"self":[{"href":"https:\/\/baldumarket.lt\/lt\/wp-json\/wp\/v2\/product\/155433","targetHints":{"allow":["GET"]}}],"collection":[{"href":"https:\/\/baldumarket.lt\/lt\/wp-json\/wp\/v2\/product"}],"about":[{"href":"https:\/\/baldumarket.lt\/lt\/wp-json\/wp\/v2\/types\/product"}],"replies":[{"embeddable":true,"href":"https:\/\/baldumarket.lt\/lt\/wp-json\/wp\/v2\/comments?post=155433"}],"wp:featuredmedia":[{"embeddable":true,"href":"https:\/\/baldumarket.lt\/lt\/wp-json\/wp\/v2\/media\/155434"}],"wp:attachment":[{"href":"https:\/\/baldumarket.lt\/lt\/wp-json\/wp\/v2\/media?parent=155433"}],"wp:term":[{"taxonomy":"product_brand","embeddable":true,"href":"https:\/\/baldumarket.lt\/lt\/wp-json\/wp\/v2\/product_brand?post=155433"},{"taxonomy":"product_cat","embeddable":true,"href":"https:\/\/baldumarket.lt\/lt\/wp-json\/wp\/v2\/product_cat?post=155433"},{"taxonomy":"product_tag","embeddable":true,"href":"https:\/\/baldumarket.lt\/lt\/wp-json\/wp\/v2\/product_tag?post=155433"}],"curies":[{"name":"wp","href":"https:\/\/api.w.org\/{rel}","templated":true}]}}