{"id":155431,"date":"2025-12-18T17:59:15","date_gmt":"2025-12-18T14:59:15","guid":{"rendered":"https:\/\/baldumarket.lt\/product\/impressio-1x-tasma-led-neutralne-do-typu-30\/"},"modified":"2026-02-17T18:17:17","modified_gmt":"2026-02-17T15:17:17","slug":"impressio-1x-tasma-led-neutralne-do-typu-30","status":"publish","type":"product","link":"https:\/\/baldumarket.lt\/lt\/product\/impressio-1x-tasma-led-neutralne-do-typu-30\/","title":{"rendered":"Impressio \u2013 1x neutrali LED juostel\u0117 (..30 tipui)"},"content":{"rendered":"<p>Atraskite magi\u0161kas ap\u0161vietimo galimybes su \u201eHelvetia\u201c neutralia LED juostele. Sukurta atsi\u017evelgiant \u012f komfort\u0105 ir asmenin\u012f stili\u0173, \u0161i LED juosta yra puikus sprendimas visiems, norintiems savo erdvei suteikti modernumo ir elegancijos. Neutrali \u0161viesos spalva sukuria maloni\u0105 atmosfer\u0105, kuri puikiai dera su \u012fvairiais interjero dizainais ir sukuria harmoning\u0105 atmosfer\u0105 j\u016bs\u0173 namuose. LED juostos yra ne tik estetinis elementas, bet ir ne\u012ftik\u0117tinai funkcionalus ap\u0161vietimas. D\u0117l savo lankstumo jas idealiai tinka montuoti sunkiai pasiekiamose vietose, po baldais ar ant lentyn\u0173 kra\u0161t\u0173. Jos leid\u017eia subtiliai pary\u0161kinti interjero architekt\u016br\u0105 arba sukurti unikali\u0105 atmosfer\u0105 \u0161eimos susib\u016brim\u0173 metu. Be to, savaranki\u0161kas montavimas panaikina papildom\u0173 paslaug\u0173 poreik\u012f, taupant laik\u0105 ir pinigus. \u201eHelvetia\u201c prek\u0117s \u017eenklas yra kokyb\u0117s ir patikimumo sinonimas, tod\u0117l LED juostos yra puikus pasirinkimas tiems, kurie vertina ir stili\u0173, ir prakti\u0161kum\u0105. Miestuose, kur erdv\u0117s tr\u016bksta, \u0161is ap\u0161vietimo sprendimas tampa unikaliu sprendimu, kuris pakei\u010dia vis\u0105 kambario atmosfer\u0105. Si\u016blomas ap\u0161vietimas ne tik skatina atsipalaidavim\u0105, bet ir k\u016brybi\u0161k\u0105 po\u017ei\u016br\u012f \u012f interjero dizain\u0105. Paprastas juostel\u0117s dizainas leid\u017eia j\u0105 lengvai pritaikyti prie bet kokio interjero, suteikiant charakterio ir funkcionalumo. Paverskite savo erdv\u0119 k\u016brybi\u0161kumui ir atsipalaidavimo akimirkoms su artimaisiais palankia vieta, naudodami pa\u017eang\u0173, modern\u0173 ap\u0161vietim\u0105. Be to, LED juostel\u0117 pasi\u017eymi ilgaam\u017ei\u0161kumu, tod\u0117l tai ilgalaik\u0117 investicija \u012f j\u016bs\u0173 interjero komfort\u0105 ir gro\u017e\u012f. \u012ekv\u0117pkite \u201eHelvetia\u201c \u201eNeutralne\u201c LED juostel\u0117s teikiamomis galimyb\u0117mis ir pasinerkite \u012f pasaul\u012f, kuriame dera \u0161viesa ir dizainas. Tai puikus sprendimas visiems, norintiems sukurti unikali\u0105 atmosfer\u0105 savo namuose, pasinaudojant novatori\u0161ka ap\u0161vietimo technologija u\u017e prieinam\u0105 kain\u0105. Pamatykite, kaip nedaug tereikia, kad j\u016bs\u0173 erdv\u0117 \u012fgaut\u0173 visi\u0161kai nauj\u0105 dimensij\u0105!<\/p>","protected":false},"excerpt":{"rendered":"<p>Atraskite magi\u0161kas ap\u0161vietimo galimybes su \u201eHelvetia\u201c neutralia LED juostele. Sukurta atsi\u017evelgiant \u012f komfort\u0105 ir asmenin\u012f stili\u0173, \u0161i LED juostel\u0117 yra puikus sprendimas visiems, norintiems savo erdvei suteikti modernumo ir elegancijos. Neutrali \u0161viesos spalva sukuria maloni\u0105 atmosfer\u0105, kuri puikiai dera su \u012fvairiais [\u2026]<\/p>","protected":false},"featured_media":155432,"comment_status":"open","ping_status":"open","template":"","meta":[],"product_brand":[],"product_cat":[9407,9406,9251,4105],"product_tag":[],"class_list":{"0":"post-155431","1":"product","2":"type-product","3":"status-publish","4":"has-post-thumbnail","6":"product_cat-furniture-system-impressio","7":"product_cat-lighting-led","8":"product_cat-musor","9":"product_cat-helvetia","11":"first","12":"instock","13":"purchasable","14":"product-type-simple"},"_links":{"self":[{"href":"https:\/\/baldumarket.lt\/lt\/wp-json\/wp\/v2\/product\/155431","targetHints":{"allow":["GET"]}}],"collection":[{"href":"https:\/\/baldumarket.lt\/lt\/wp-json\/wp\/v2\/product"}],"about":[{"href":"https:\/\/baldumarket.lt\/lt\/wp-json\/wp\/v2\/types\/product"}],"replies":[{"embeddable":true,"href":"https:\/\/baldumarket.lt\/lt\/wp-json\/wp\/v2\/comments?post=155431"}],"wp:featuredmedia":[{"embeddable":true,"href":"https:\/\/baldumarket.lt\/lt\/wp-json\/wp\/v2\/media\/155432"}],"wp:attachment":[{"href":"https:\/\/baldumarket.lt\/lt\/wp-json\/wp\/v2\/media?parent=155431"}],"wp:term":[{"taxonomy":"product_brand","embeddable":true,"href":"https:\/\/baldumarket.lt\/lt\/wp-json\/wp\/v2\/product_brand?post=155431"},{"taxonomy":"product_cat","embeddable":true,"href":"https:\/\/baldumarket.lt\/lt\/wp-json\/wp\/v2\/product_cat?post=155431"},{"taxonomy":"product_tag","embeddable":true,"href":"https:\/\/baldumarket.lt\/lt\/wp-json\/wp\/v2\/product_tag?post=155431"}],"curies":[{"name":"wp","href":"https:\/\/api.w.org\/{rel}","templated":true}]}}