{"id":155429,"date":"2025-12-18T17:59:12","date_gmt":"2025-12-18T14:59:12","guid":{"rendered":"https:\/\/baldumarket.lt\/product\/impressio-1x-led-profil-neutralne-do-typu-63\/"},"modified":"2026-02-17T18:17:17","modified_gmt":"2026-02-17T15:17:17","slug":"impressio-1x-led-profil-neutralne-do-typu-63","status":"publish","type":"product","link":"https:\/\/baldumarket.lt\/lt\/product\/impressio-1x-led-profil-neutralne-do-typu-63\/","title":{"rendered":"\u201eImpressio\u201c \u2013 1x neutralus LED profilis (..63 tipui)"},"content":{"rendered":"<p>Atraskite nauj\u0105 ap\u0161vietimo dimensij\u0105 su \u201eHelvetia\u201c neutraliu LED profiliu. \u0160is unikalus gaminys yra puikus sprendimas tiems, kurie savo interjere ie\u0161ko ir funkcionalumo, ir estetikos. D\u0117l eleganti\u0161ko dizaino ir neutralios \u0161viesos spalvos jis puikiai papildo bet koki\u0105 erdv\u0119, sukurdamas jauki\u0105 atmosfer\u0105, kuri prad\u017eiugins kiekvien\u0105 sve\u010di\u0105.<\/p>\n<p>\u201eNeutral LED Profile\u201c puikiai tinka \u012fvairioms reikm\u0117ms \u2013 nuo virtuv\u0117s iki biuro. D\u0117l universalaus pritaikymo j\u012f lengva pritaikyti prie \u012fvairi\u0173 interjero stili\u0173 \u2013 nuo modernaus minimalizmo iki klasikin\u0117s elegancijos. D\u0117l lengvai montuojamo dizaino jis prieinamas visiems, norintiems patobulinti savo interjer\u0105 moderniais ap\u0161vietimo sprendimais, nereikalaujant profesionalios pagalbos.<\/p>\n<p>Auk\u0161ta gamybos kokyb\u0117 ir d\u0117mesys detal\u0117ms yra \u201eHelvetia\u201c gamini\u0173 skiriamieji bruo\u017eai. Stabili konstrukcija ir med\u017eiagos u\u017etikrina ne tik estetik\u0105, bet ir ilgaam\u017ei\u0161kum\u0105. Tegul j\u016bs\u0173 namai su\u017eiba nauju spindesiu, pasitelkdami novatori\u0161kus sprendimus, kurie suteiks j\u016bs\u0173 gyvenimui daugiau komforto ir malonumo.<\/p>\n<p>Nesvarbu, ar norite ap\u0161viesti savo darbo viet\u0105, ar sukurti romanti\u0161k\u0105 atmosfer\u0105 svetain\u0117je, \u201eHelvetia\u201c neutralus LED profilis puikiai pateisins j\u016bs\u0173 l\u016bkes\u010dius. I\u0161laisvinkite savo k\u016brybi\u0161kum\u0105 ir sukurkite unikalias kompozicijas, atspindin\u010dias j\u016bs\u0173 individual\u0173 stili\u0173. Investuokite \u012f ap\u0161vietim\u0105, kuris pakeis j\u016bs\u0173 interjer\u0105, padarydamas j\u012f ne tik ry\u0161kesn\u012f, bet ir stilingesn\u012f.<\/p>\n<p>Nedelskite ir pagyvinkite savo interjer\u0105 moderniu ap\u0161vietimu, kuris derina funkcionalum\u0105, estetik\u0105 ir paprast\u0105 montavim\u0105. Pamatykite, kaip \u201eHelvetia\u201c LED profilis gali pakeisti j\u016bs\u0173 erdv\u0119 ir suteikti unikali\u0105 vizualin\u0119 patirt\u012f. J\u016bs\u0173 erdv\u0117 nusipelno geriausi\u0173 sprendim\u0173 \u2013 rinkit\u0117s \u201eHelvetia\u201c kokyb\u0119!<\/p>","protected":false},"excerpt":{"rendered":"<p>Atraskite nauj\u0105 ap\u0161vietimo dimensij\u0105 su \u201eHelvetia\u201c neutraliu LED profiliu. \u0160is unikalus gaminys yra puikus sprendimas tiems, kurie savo interjere ie\u0161ko ir funkcionalumo, ir estetikos. D\u0117l eleganti\u0161ko dizaino ir neutralios \u0161viesos spalvos jis puikiai papildo bet koki\u0105 erdv\u0119, sukurdamas jauki\u0105 atmosfer\u0105, kuri prad\u017eiugins kiekvien\u0105 sve\u010di\u0105. Neutralus [\u2026]<\/p>","protected":false},"featured_media":155430,"comment_status":"open","ping_status":"open","template":"","meta":[],"product_brand":[],"product_cat":[9407,9406,9251,4105],"product_tag":[],"class_list":{"0":"post-155429","1":"product","2":"type-product","3":"status-publish","4":"has-post-thumbnail","6":"product_cat-furniture-system-impressio","7":"product_cat-lighting-led","8":"product_cat-musor","9":"product_cat-helvetia","11":"first","12":"instock","13":"purchasable","14":"product-type-simple"},"_links":{"self":[{"href":"https:\/\/baldumarket.lt\/lt\/wp-json\/wp\/v2\/product\/155429","targetHints":{"allow":["GET"]}}],"collection":[{"href":"https:\/\/baldumarket.lt\/lt\/wp-json\/wp\/v2\/product"}],"about":[{"href":"https:\/\/baldumarket.lt\/lt\/wp-json\/wp\/v2\/types\/product"}],"replies":[{"embeddable":true,"href":"https:\/\/baldumarket.lt\/lt\/wp-json\/wp\/v2\/comments?post=155429"}],"wp:featuredmedia":[{"embeddable":true,"href":"https:\/\/baldumarket.lt\/lt\/wp-json\/wp\/v2\/media\/155430"}],"wp:attachment":[{"href":"https:\/\/baldumarket.lt\/lt\/wp-json\/wp\/v2\/media?parent=155429"}],"wp:term":[{"taxonomy":"product_brand","embeddable":true,"href":"https:\/\/baldumarket.lt\/lt\/wp-json\/wp\/v2\/product_brand?post=155429"},{"taxonomy":"product_cat","embeddable":true,"href":"https:\/\/baldumarket.lt\/lt\/wp-json\/wp\/v2\/product_cat?post=155429"},{"taxonomy":"product_tag","embeddable":true,"href":"https:\/\/baldumarket.lt\/lt\/wp-json\/wp\/v2\/product_tag?post=155429"}],"curies":[{"name":"wp","href":"https:\/\/api.w.org\/{rel}","templated":true}]}}