{"id":155427,"date":"2025-12-18T17:59:07","date_gmt":"2025-12-18T14:59:07","guid":{"rendered":"https:\/\/baldumarket.lt\/product\/impressio-1x-led-profil-neutralne-do-typu-61\/"},"modified":"2026-02-17T18:17:17","modified_gmt":"2026-02-17T15:17:17","slug":"impressio-1x-led-profil-neutralne-do-typu-61","status":"publish","type":"product","link":"https:\/\/baldumarket.lt\/lt\/product\/impressio-1x-led-profil-neutralne-do-typu-61\/","title":{"rendered":"\u201eImpressio\u201c \u2013 1x neutralus LED profilis (..61 tipui)"},"content":{"rendered":"<p>Atraskite nauj\u0105 ap\u0161vietimo kokyb\u0117s lyg\u012f su \u201eImpressio\u201c LED profiliu, kuris puikiai dera prie modernaus interjero. Neutrali \u0161viesos spalva sukuria maloni\u0105 atmosfer\u0105 ir skatina atsipalaidavim\u0105, puikiai derindama funkcionalum\u0105 su estetika. D\u0117l savo universali\u0173 savybi\u0173 LED profilis tinka \u012fvairiems interjerams \u2013 nuo minimalistinio iki klasikinio, suteikdamas bet kokiai patalpai elegancijos ir modernumo.<\/p>\n<p>\u201eImpressio\u201c LED profilio montavimas yra ne\u012ftik\u0117tinai paprastas \u2013 galite j\u012f sumontuoti patys savo namuose. Jums nereikia b\u016bti ekspertu, kad gal\u0117tum\u0117te m\u0117gautis puikiu ap\u0161vietimu \u2013 d\u0117l gerai apgalvoto dizaino montavimas tampa malonumu. Vos keli\u0173 paprast\u0173 \u017eingsni\u0173 pakanka, kad pasiektum\u0117te unikal\u0173 ap\u0161vietimo efekt\u0105, kuris i\u0161ry\u0161kins j\u016bs\u0173 interjero ypatybes ir sukurs unikali\u0105 atmosfer\u0105 kiekviename j\u016bs\u0173 nam\u0173 kampelyje.<\/p>\n<p>Idealiai tinkantis nam\u0173 erdv\u0117ms, tokioms kaip svetain\u0117, miegamasis ar biuras, \u201eImpressio\u201c profilis yra daugiau nei tik \u0161viesos \u0161altinis. D\u0117l savo lankstumo ir \u012fvairi\u0173 tvirtinimo galimybi\u0173 galite ap\u0161viesti ne tik sienas, bet ir baldus bei, svarbiausia, poilsio zonas. LED profilio naudojimas kasdieniame gyvenime kiekvien\u0105 akimirk\u0105 paver\u010dia patogesne ir ypatingesne.<\/p>\n<p>Pasirinkdami \u201eImpressio\u201c LED profil\u012f, investuojate \u012f kokyb\u0119 ir dizain\u0105. \u201eHelvetia\u201c prek\u0117s \u017eenklas si\u016blo gaminius, kurie ne tik atitinka auk\u0161\u010diausius standartus, bet ir teigiamai veikia j\u016bs\u0173 nam\u0173 atmosfer\u0105. Tvarios ir ekologi\u0161kos alternatyvos, tokios kaip LED \u0161viesos \u0161altiniai, yra \u017eingsnis \u012f ateit\u012f \u2013 r\u016bpinat\u0117s aplinka neaukodami estetikos ir funkcionalumo.<\/p>\n<p>Nebedelskite, atraskite LED ap\u0161vietimo gali\u0105 savo interjere su \u201eImpressio\u201c profiliu. \u017denkite \u017eingsn\u012f \u012f ateit\u012f ir suteikite savo namams nauj\u0105 gyvyb\u0119 moderniu ir maloniu ap\u0161vietimu, kuris d\u017eiugins tiek jus, tiek j\u016bs\u0173 sve\u010dius. Rinkit\u0117s kokyb\u0119 ir stili\u0173, kurie pagerins kiekvien\u0105 akimirk\u0105, praleist\u0105 j\u016bs\u0173 unikalioje erdv\u0117je!<\/p>","protected":false},"excerpt":{"rendered":"<p>Atraskite nauj\u0105 ap\u0161vietimo kokyb\u0117s lyg\u012f su \u201eImpressio\u201c LED profiliu, kuris puikiai dera prie modernaus interjero. Neutrali \u0161viesos spalva sukuria maloni\u0105 atmosfer\u0105 ir skatina atsipalaidavim\u0105, puikiai derindama funkcionalum\u0105 ir estetik\u0105. D\u0117l savo universali\u0173 savybi\u0173 LED profilis tinka \u012fvairiems interjerams \u2013 nuo minimalistinio iki klasikinio, suteikdamas elegancijos ir [\u2026]<\/p>","protected":false},"featured_media":155428,"comment_status":"open","ping_status":"open","template":"","meta":[],"product_brand":[],"product_cat":[9407,9406,9251,4105],"product_tag":[],"class_list":{"0":"post-155427","1":"product","2":"type-product","3":"status-publish","4":"has-post-thumbnail","6":"product_cat-furniture-system-impressio","7":"product_cat-lighting-led","8":"product_cat-musor","9":"product_cat-helvetia","11":"first","12":"instock","13":"purchasable","14":"product-type-simple"},"_links":{"self":[{"href":"https:\/\/baldumarket.lt\/lt\/wp-json\/wp\/v2\/product\/155427","targetHints":{"allow":["GET"]}}],"collection":[{"href":"https:\/\/baldumarket.lt\/lt\/wp-json\/wp\/v2\/product"}],"about":[{"href":"https:\/\/baldumarket.lt\/lt\/wp-json\/wp\/v2\/types\/product"}],"replies":[{"embeddable":true,"href":"https:\/\/baldumarket.lt\/lt\/wp-json\/wp\/v2\/comments?post=155427"}],"wp:featuredmedia":[{"embeddable":true,"href":"https:\/\/baldumarket.lt\/lt\/wp-json\/wp\/v2\/media\/155428"}],"wp:attachment":[{"href":"https:\/\/baldumarket.lt\/lt\/wp-json\/wp\/v2\/media?parent=155427"}],"wp:term":[{"taxonomy":"product_brand","embeddable":true,"href":"https:\/\/baldumarket.lt\/lt\/wp-json\/wp\/v2\/product_brand?post=155427"},{"taxonomy":"product_cat","embeddable":true,"href":"https:\/\/baldumarket.lt\/lt\/wp-json\/wp\/v2\/product_cat?post=155427"},{"taxonomy":"product_tag","embeddable":true,"href":"https:\/\/baldumarket.lt\/lt\/wp-json\/wp\/v2\/product_tag?post=155427"}],"curies":[{"name":"wp","href":"https:\/\/api.w.org\/{rel}","templated":true}]}}