{"id":155413,"date":"2025-12-18T17:58:42","date_gmt":"2025-12-18T14:58:42","guid":{"rendered":"https:\/\/baldumarket.lt\/product\/hektor-stolik-nocny-2-szuflady-antracyt-polysk-appenzeller\/"},"modified":"2026-02-03T23:33:11","modified_gmt":"2026-02-03T20:33:11","slug":"hektor-stolik-nocny-2-szuflady-antracyt-polysk-appenzeller","status":"publish","type":"product","link":"https:\/\/baldumarket.lt\/lt\/product\/hektor-stolik-nocny-2-szuflady-antracyt-polysk-appenzeller\/","title":{"rendered":"Hektor Nightstand 2 Drawers antracito blizgesys \/ Appenzeller"},"content":{"rendered":"<p>Prad\u0117kite dien\u0105 ir u\u017ebaikite vakar\u0105 prie naktinio stalelio, kuris \u012fne\u0161a \u012f j\u016bs\u0173 erdv\u0119 laisv\u0117s ir harmonijos. Susipa\u017einkite su \u201eHektor White\/White Gloss\u201c naktiniu staliuku, sukurtu tam, kad j\u016bs\u0173 miegamasis \u012fne\u0161t\u0173 modernaus dizaino ir funkcionalumo. Jo blizgi, grynai balta apdaila traukia ak\u012f ir atspindi \u0161vies\u0105, tod\u0117l kambarys atrodo \u0161viesesnis ir vizualiai didesnis. \u201eHektor\u201c n\u0117ra eilinis baldas. Jis derina elegancij\u0105 ir komfort\u0105, prisitaikydamas prie stiliaus ir kasdienio naudojimo reikalavim\u0173. Du erdv\u016bs stal\u010diai suteikia pakankamai vietos j\u016bs\u0173 nakties lobiams ir aksesuarams, o \u0161velnaus u\u017edarymo funkcija u\u017etikrina skland\u0173 ir tyl\u0173 veikim\u0105, u\u017etikrindama ram\u0173 nakties mieg\u0105. \u201eHektor\u201c naktinio stalelio dizainas yra stulbinamai paprastas \u2013 i\u0161orini\u0173 ranken\u0117li\u0173 nebuvimas stal\u010diuose suteikia baldui minimalistin\u012f, ta\u010diau prabang\u0173 charakter\u012f. Be to, u\u017eapvalinti kra\u0161tai ne tik pagerina baldo estetik\u0105, bet ir u\u017etikrina jo saugum\u0105 kasdien naudojant. Jums nereik\u0117s jaudintis d\u0117l atsitiktini\u0173 sutrenkim\u0173 ar sumu\u0161im\u0173 atsik\u0117lus ryte ar einant pasivaik\u0161\u010dioti nakt\u012f.<\/p>","protected":false},"excerpt":{"rendered":"<p>Plotis (cm): 52<br \/>\n\u016agis (cm): 35<br \/>\nGylis (cm): 44<\/p>","protected":false},"featured_media":155414,"comment_status":"open","ping_status":"open","template":"","meta":[],"product_brand":[],"product_cat":[1176,4105],"product_tag":[],"class_list":{"0":"post-155413","1":"product","2":"type-product","3":"status-publish","4":"has-post-thumbnail","6":"product_cat-bedside-tables","7":"product_cat-helvetia","9":"first","10":"instock","11":"purchasable","12":"product-type-simple"},"_links":{"self":[{"href":"https:\/\/baldumarket.lt\/lt\/wp-json\/wp\/v2\/product\/155413","targetHints":{"allow":["GET"]}}],"collection":[{"href":"https:\/\/baldumarket.lt\/lt\/wp-json\/wp\/v2\/product"}],"about":[{"href":"https:\/\/baldumarket.lt\/lt\/wp-json\/wp\/v2\/types\/product"}],"replies":[{"embeddable":true,"href":"https:\/\/baldumarket.lt\/lt\/wp-json\/wp\/v2\/comments?post=155413"}],"wp:featuredmedia":[{"embeddable":true,"href":"https:\/\/baldumarket.lt\/lt\/wp-json\/wp\/v2\/media\/155414"}],"wp:attachment":[{"href":"https:\/\/baldumarket.lt\/lt\/wp-json\/wp\/v2\/media?parent=155413"}],"wp:term":[{"taxonomy":"product_brand","embeddable":true,"href":"https:\/\/baldumarket.lt\/lt\/wp-json\/wp\/v2\/product_brand?post=155413"},{"taxonomy":"product_cat","embeddable":true,"href":"https:\/\/baldumarket.lt\/lt\/wp-json\/wp\/v2\/product_cat?post=155413"},{"taxonomy":"product_tag","embeddable":true,"href":"https:\/\/baldumarket.lt\/lt\/wp-json\/wp\/v2\/product_tag?post=155413"}],"curies":[{"name":"wp","href":"https:\/\/api.w.org\/{rel}","templated":true}]}}