{"id":155408,"date":"2025-12-18T17:58:32","date_gmt":"2025-12-18T14:58:32","guid":{"rendered":"https:\/\/baldumarket.lt\/product\/halle-wm-witryna-3d3s-dab-wotan\/"},"modified":"2026-04-12T09:29:35","modified_gmt":"2026-04-12T06:29:35","slug":"halle-wm-witryna-3d3s-dab-wotan","status":"publish","type":"product","link":"https:\/\/baldumarket.lt\/lt\/product\/halle-wm-witryna-3d3s-dab-wotan\/","title":{"rendered":"Halle WM 3D3S vitrina, \u0105\u017euolo spalvos, Wotan"},"content":{"rendered":"<p>Pristatome eleganti\u0161k\u0105 ir funkcionali\u0105 \u201eHalle WM 3D3S Wotan Oak\u201c vitrin\u0105, kuri i\u0161siskiria moderniu dizainu ir prakti\u0161kumu. \u0160is baldas puikiai tinka norint sukurti stiling\u0105 atmosfer\u0105 j\u016bs\u0173 svetain\u0117je, valgomajame ar darbo kambaryje. \u201eHalle WM\u201c vitrina buvo sukurta tiems, kurie vertina ir estetik\u0105, ir funkcionalum\u0105. J\u0105 sudaro erdvi sekcija su trimis durel\u0117mis ir trimis stal\u010diais, suteikiantys daug vietos daiktams susid\u0117ti. U\u017e vir\u0161utini\u0173 dureli\u0173 yra viena lentyna, sukurianti puiki\u0105 aplink\u0105 m\u0117gstamoms dekoracijoms ar stalo \u012frankiams eksponuoti, o u\u017e apatini\u0173 dureli\u0173 yra dvi lentynos, suteikian\u010dios papildomos vietos kasdieniams daiktams susid\u0117ti. Pagaminta i\u0161 auk\u0161tos kokyb\u0117s laminuotos plok\u0161t\u0117s, ji garantuoja didesn\u012f atsparum\u0105 \u012fbr\u0117\u017eimams ir pa\u017eeidimams, u\u017etikrindama ilgalaik\u012f naudojim\u0105. Novatori\u0161ka \u201eWotan Oak\u201c spalva suteikia kambariui medienos \u0161ilumos, kartu pabr\u0117\u017edama modernistin\u012f i\u0161d\u0117stymo charakter\u012f. Juodos metalin\u0117s rankenos ir kojel\u0117s suteikia elegancijos ir modernumo.<\/p>","protected":false},"excerpt":{"rendered":"<p>Plotis (cm): 120<br \/>\n\u016agis (cm): 190<br \/>\nGylis (cm): 45<\/p>","protected":false},"featured_media":155409,"comment_status":"open","ping_status":"open","template":"","meta":[],"product_brand":[],"product_cat":[9420,4105,2006],"product_tag":[],"class_list":{"0":"post-155408","1":"product","2":"type-product","3":"status-publish","4":"has-post-thumbnail","6":"product_cat-furniture-system-halle","7":"product_cat-helvetia","8":"product_cat-vitrines","10":"first","11":"instock","12":"purchasable","13":"product-type-simple"},"_links":{"self":[{"href":"https:\/\/baldumarket.lt\/lt\/wp-json\/wp\/v2\/product\/155408","targetHints":{"allow":["GET"]}}],"collection":[{"href":"https:\/\/baldumarket.lt\/lt\/wp-json\/wp\/v2\/product"}],"about":[{"href":"https:\/\/baldumarket.lt\/lt\/wp-json\/wp\/v2\/types\/product"}],"replies":[{"embeddable":true,"href":"https:\/\/baldumarket.lt\/lt\/wp-json\/wp\/v2\/comments?post=155408"}],"wp:featuredmedia":[{"embeddable":true,"href":"https:\/\/baldumarket.lt\/lt\/wp-json\/wp\/v2\/media\/155409"}],"wp:attachment":[{"href":"https:\/\/baldumarket.lt\/lt\/wp-json\/wp\/v2\/media?parent=155408"}],"wp:term":[{"taxonomy":"product_brand","embeddable":true,"href":"https:\/\/baldumarket.lt\/lt\/wp-json\/wp\/v2\/product_brand?post=155408"},{"taxonomy":"product_cat","embeddable":true,"href":"https:\/\/baldumarket.lt\/lt\/wp-json\/wp\/v2\/product_cat?post=155408"},{"taxonomy":"product_tag","embeddable":true,"href":"https:\/\/baldumarket.lt\/lt\/wp-json\/wp\/v2\/product_tag?post=155408"}],"curies":[{"name":"wp","href":"https:\/\/api.w.org\/{rel}","templated":true}]}}