{"id":155403,"date":"2025-12-18T17:58:23","date_gmt":"2025-12-18T14:58:23","guid":{"rendered":"https:\/\/baldumarket.lt\/product\/halle-wm-witryna-2-drzwiowa-dab-wotan\/"},"modified":"2026-04-12T09:29:35","modified_gmt":"2026-04-12T06:29:35","slug":"halle-wm-witryna-2-drzwiowa-dab-wotan","status":"publish","type":"product","link":"https:\/\/baldumarket.lt\/lt\/product\/halle-wm-witryna-2-drzwiowa-dab-wotan\/","title":{"rendered":"Halle WM 2 dur\u0173 vitrina, Wotan \u0105\u017euolas"},"content":{"rendered":"<p>Atraskite unikal\u0173 modernumo ir funkcionalumo derin\u012f \u2013 \u201eHalle WM\u201c dviej\u0173 dur\u0173 vitrin\u0105 i\u0161 \u201eWotan Oak\u201c medienos, i\u0161 garsaus \u201eHelvetia\u201c prek\u0117s \u017eenklo ir presti\u017ein\u0117s \u201eHalle WM\u201c kolekcijos. \u0160i nuostabi vitrina pakels j\u016bs\u0173 interjero dizain\u0105 \u012f visi\u0161kai nauj\u0105 lyg\u012f nei\u0161tu\u0161tindama pinigin\u0117s. Spintel\u0117 pagaminta i\u0161 patvarios ir lengvai pri\u017ei\u016brimos laminuotos plok\u0161t\u0117s, kuri \u017eavi ne tik savo ilgaam\u017ei\u0161kumu, bet ir i\u0161skirtiniu \u201eWotan Oak\u201c atspalviu. \u0160ilti med\u017eio atspalviai kartu su paprasta, bet eleganti\u0161ka forma daro \u201eHalle WM\u201c vitrin\u0105 puikiai tinkan\u010di\u0105 \u012fvairiems interjero stiliams. \u0160is modelis turi dvejas duris, i\u0161 kuri\u0173 vienos yra i\u0161 dalies \u012fstiklintos, tod\u0117l galite stilingai eksponuoti m\u0117gstamas dekoracijas ar knygas, apsaugodamos jas nuo dulki\u0173 ir pa\u017eeidim\u0173. U\u017e dur\u0173 yra keturios funkcin\u0117s lentynos, i\u0161 kuri\u0173 trys pagamintos i\u0161 stiklo, kurios dar labiau pagerina j\u016bs\u0173 pristatom\u0173 bald\u0173 estetik\u0105 ir leid\u017eia efektyviai ap\u0161viesti vitrinos vid\u0173.<\/p>","protected":false},"excerpt":{"rendered":"<p>Plotis (cm): 64<br \/>\n\u016agis (cm): 190<br \/>\nGylis (cm): 45<\/p>","protected":false},"featured_media":155404,"comment_status":"open","ping_status":"open","template":"","meta":[],"product_brand":[],"product_cat":[9420,4105,2006],"product_tag":[],"class_list":{"0":"post-155403","1":"product","2":"type-product","3":"status-publish","4":"has-post-thumbnail","6":"product_cat-furniture-system-halle","7":"product_cat-helvetia","8":"product_cat-vitrines","10":"first","11":"instock","12":"purchasable","13":"product-type-simple"},"_links":{"self":[{"href":"https:\/\/baldumarket.lt\/lt\/wp-json\/wp\/v2\/product\/155403","targetHints":{"allow":["GET"]}}],"collection":[{"href":"https:\/\/baldumarket.lt\/lt\/wp-json\/wp\/v2\/product"}],"about":[{"href":"https:\/\/baldumarket.lt\/lt\/wp-json\/wp\/v2\/types\/product"}],"replies":[{"embeddable":true,"href":"https:\/\/baldumarket.lt\/lt\/wp-json\/wp\/v2\/comments?post=155403"}],"wp:featuredmedia":[{"embeddable":true,"href":"https:\/\/baldumarket.lt\/lt\/wp-json\/wp\/v2\/media\/155404"}],"wp:attachment":[{"href":"https:\/\/baldumarket.lt\/lt\/wp-json\/wp\/v2\/media?parent=155403"}],"wp:term":[{"taxonomy":"product_brand","embeddable":true,"href":"https:\/\/baldumarket.lt\/lt\/wp-json\/wp\/v2\/product_brand?post=155403"},{"taxonomy":"product_cat","embeddable":true,"href":"https:\/\/baldumarket.lt\/lt\/wp-json\/wp\/v2\/product_cat?post=155403"},{"taxonomy":"product_tag","embeddable":true,"href":"https:\/\/baldumarket.lt\/lt\/wp-json\/wp\/v2\/product_tag?post=155403"}],"curies":[{"name":"wp","href":"https:\/\/api.w.org\/{rel}","templated":true}]}}