{"id":155398,"date":"2025-12-18T17:58:13","date_gmt":"2025-12-18T14:58:13","guid":{"rendered":"https:\/\/baldumarket.lt\/product\/halle-wm-witryna-1d2s-dab-wotan\/"},"modified":"2026-04-12T09:29:35","modified_gmt":"2026-04-12T06:29:35","slug":"halle-wm-witryna-1d2s-dab-wotan","status":"publish","type":"product","link":"https:\/\/baldumarket.lt\/lt\/product\/halle-wm-witryna-1d2s-dab-wotan\/","title":{"rendered":"Halle WM vitrina 1D2S Wotan \u0105\u017euolas"},"content":{"rendered":"<p>Pristatome Jums i\u0161skirtin\u0119 \u201cHalle WM\u201d kolekcijos vitrin\u0105, kurioje dera modernumas ir funkcionalumas. \u201eHalle WM Display Cabinet 1D2S Wotan Oak\u201c modelis derina eleganti\u0161k\u0105 dizain\u0105 ir prakti\u0161kum\u0105, patenkindamas net ir i\u0161rankiausi\u0105 skon\u012f. Pagaminta i\u0161 auk\u0161\u010diausios kokyb\u0117s laminuotos plok\u0161t\u0117s, \u0161i vitrina pasi\u017eymi padidintu atsparumu \u012fbr\u0117\u017eimams ir pa\u017eeidimams, u\u017etikrinant ilgaam\u017ei\u0161kum\u0105 ir be r\u016bpes\u010di\u0173 kasdien\u012f naudojim\u0105. \u201eWotan Oak\u201c atspalvis suteikia spintelei \u0161ilumos ir nat\u016bralumo, puikiai atitinka \u0161iuolaikines interjero dizaino tendencijas. Spintel\u0117s vidin\u0117 erdv\u0117 suprojektuota taip, kad b\u016bt\u0173 maksimaliai padidintos J\u016bs\u0173 m\u0117gstam\u0173 daikt\u0173 laikymo ir eksponavimo galimyb\u0117s. U\u017e eleganti\u0161kai suprojektuot\u0173 dureli\u0173 yra trys pasl\u0117ptos stiklin\u0117s lentynos, idealiai tinkan\u010dios dekoratyviniams daiktams ar stalo \u012frankiams eksponuoti. Be to, du erdv\u016bs stal\u010diai su rutuliniais guoliais leid\u017eia skland\u017eiai atidaryti ir patogiai laikyti kasdienius daiktus.<\/p>","protected":false},"excerpt":{"rendered":"<p>Plotis (cm): 120<br \/>\n\u016agis (cm): 190<br \/>\nGylis (cm): 45<\/p>","protected":false},"featured_media":155399,"comment_status":"open","ping_status":"open","template":"","meta":[],"product_brand":[],"product_cat":[9420,4105,2006],"product_tag":[],"class_list":{"0":"post-155398","1":"product","2":"type-product","3":"status-publish","4":"has-post-thumbnail","6":"product_cat-furniture-system-halle","7":"product_cat-helvetia","8":"product_cat-vitrines","10":"first","11":"instock","12":"purchasable","13":"product-type-simple"},"_links":{"self":[{"href":"https:\/\/baldumarket.lt\/lt\/wp-json\/wp\/v2\/product\/155398","targetHints":{"allow":["GET"]}}],"collection":[{"href":"https:\/\/baldumarket.lt\/lt\/wp-json\/wp\/v2\/product"}],"about":[{"href":"https:\/\/baldumarket.lt\/lt\/wp-json\/wp\/v2\/types\/product"}],"replies":[{"embeddable":true,"href":"https:\/\/baldumarket.lt\/lt\/wp-json\/wp\/v2\/comments?post=155398"}],"wp:featuredmedia":[{"embeddable":true,"href":"https:\/\/baldumarket.lt\/lt\/wp-json\/wp\/v2\/media\/155399"}],"wp:attachment":[{"href":"https:\/\/baldumarket.lt\/lt\/wp-json\/wp\/v2\/media?parent=155398"}],"wp:term":[{"taxonomy":"product_brand","embeddable":true,"href":"https:\/\/baldumarket.lt\/lt\/wp-json\/wp\/v2\/product_brand?post=155398"},{"taxonomy":"product_cat","embeddable":true,"href":"https:\/\/baldumarket.lt\/lt\/wp-json\/wp\/v2\/product_cat?post=155398"},{"taxonomy":"product_tag","embeddable":true,"href":"https:\/\/baldumarket.lt\/lt\/wp-json\/wp\/v2\/product_tag?post=155398"}],"curies":[{"name":"wp","href":"https:\/\/api.w.org\/{rel}","templated":true}]}}