{"id":155394,"date":"2025-12-18T17:58:05","date_gmt":"2025-12-18T14:58:05","guid":{"rendered":"https:\/\/baldumarket.lt\/product\/halle-wm-stolik-kawowy-dab-wotan\/"},"modified":"2026-04-12T09:29:35","modified_gmt":"2026-04-12T06:29:35","slug":"halle-wm-stolik-kawowy-dab-wotan","status":"publish","type":"product","link":"https:\/\/baldumarket.lt\/lt\/product\/halle-wm-stolik-kawowy-dab-wotan\/","title":{"rendered":"Halle WM Wotan \u0105\u017euolinis kavos staliukas"},"content":{"rendered":"<p>Atraskite nesenstant\u012f elegancij\u0105 ir funkcionalum\u0105, kur\u012f j\u016bs\u0173 interjerui suteiks rafinuotas garsaus \u201eHelvetia\u201c prek\u0117s \u017eenklo, priklausan\u010dio garsiajai \u201eHalle WM\u201c kolekcijai, kavos staliukas \u201eHalle WM Wotan\u201c. Tai modernaus dizaino kvintesencija, puikiai deranti tiek su minimalistiniais, tiek su eklekti\u0161kesniais interjerais.<\/p>\n<p>Pagamintas i\u0161 auk\u0161tos kokyb\u0117s laminuotos plok\u0161t\u0117s, stalas u\u017etikrina ne tik tvirtum\u0105 ir ilgaam\u017ei\u0161kum\u0105, bet ir lengv\u0105 valym\u0105 bei atsparum\u0105 kasdieniam naudojimui. Ry\u0161kus, sta\u010diakampis \u201eWotan Oak\u201c stalvir\u0161is yra sumanus ir prakti\u0161kas \u2013 puikiai tinka patiekti rytin\u0119 kav\u0105 ar eksponuoti m\u0117gstamus aksesuarus.<\/p>\n<p>Vienas i\u0161 daugelio \u0161io baldo privalum\u0173 \u2013 papildoma lentyna po stalvir\u0161iu. Tai puikus sprendimas laikra\u0161\u010diams, nuotolinio valdymo pultams ar smulkiems daiktams laikyti, padedanti sutvarkyti erdv\u0119. Tai u\u017etikrina, kad kiekvienas daiktas tur\u0117t\u0173 savo viet\u0105, suteikdama j\u016bs\u0173 svetainei tvarking\u0105 ir tvarking\u0105 i\u0161vaizd\u0105. Stalas yra 110 cm plo\u010dio, 50 cm auk\u0161\u010dio ir 60 cm gylio, tod\u0117l jis yra universalus pasirinkimas \u012fvairi\u0173 dyd\u017ei\u0173 kambariams. Be to, stalvir\u0161io forma ir matmenys garantuoja pakankamai naudingos erdv\u0117s, i\u0161laikant aplinkin\u0117s erdv\u0117s komfort\u0105.<br \/>\nStalo konstrukcija, pagaminta i\u0161 laminuotos bald\u0173 plok\u0161t\u0117s, i\u0161ry\u0161kina nat\u016bral\u0173 Wotano \u0105\u017euolo atspalv\u012f ir ra\u0161t\u0105, suteikdama j\u016bs\u0173 namams \u0161ilt\u0105 ir jauki\u0105 atmosfer\u0105. Paprasta forma ir autenti\u0161ka med\u017eiaga daro \u0161\u012f bald\u0105 nesenstant\u012f.<br \/>\nProduktas sukurtas savaranki\u0161kam surinkimui, tod\u0117l j\u016bs galite visi\u0161kai kontroliuoti surinkimo proces\u0105 ir pritaikyti savo erdv\u0117s organizavim\u0105 savo nuo\u017ei\u016bra. Procesas yra paprastas ir intuityvus, nes pridedama instrukcija leid\u017eia surinkti maloni\u0105 patirt\u012f.<br \/>\nGaminiui suteikiama 2 met\u0173 garantija, patvirtinanti auk\u0161t\u0105 gamybos kokyb\u0119 ir gamintojo pasitik\u0117jim\u0105 savo baldais. \u201eHalle WM Wotan\u201c \u0105\u017euolinis kavos staliukas ne tik papuo\u0161 j\u016bs\u0173 interjer\u0105, bet ir daugel\u012f met\u0173 taps patikimu j\u016bs\u0173 nam\u0173 baldu. Prisijunkite prie patenkint\u0173 \u201eHalle WM\u201c kolekcijos staliuk\u0173 savinink\u0173 grup\u0117s ir m\u0117gaukit\u0117s unikaliu estetikos, funkcionalumo ir patvarumo deriniu, kur\u012f si\u016blo \u0161is eleganti\u0161kas ir universalus baldas.<\/p>","protected":false},"excerpt":{"rendered":"<p>Plotis (cm): 110<br \/>\n\u016agis (cm): 50<br \/>\nGylis (cm): 60<\/p>","protected":false},"featured_media":155395,"comment_status":"open","ping_status":"open","template":"","meta":[],"product_brand":[],"product_cat":[9420,866,4105],"product_tag":[],"class_list":{"0":"post-155394","1":"product","2":"type-product","3":"status-publish","4":"has-post-thumbnail","6":"product_cat-furniture-system-halle","7":"product_cat-coffee-tables","8":"product_cat-helvetia","10":"first","11":"instock","12":"purchasable","13":"product-type-simple"},"_links":{"self":[{"href":"https:\/\/baldumarket.lt\/lt\/wp-json\/wp\/v2\/product\/155394","targetHints":{"allow":["GET"]}}],"collection":[{"href":"https:\/\/baldumarket.lt\/lt\/wp-json\/wp\/v2\/product"}],"about":[{"href":"https:\/\/baldumarket.lt\/lt\/wp-json\/wp\/v2\/types\/product"}],"replies":[{"embeddable":true,"href":"https:\/\/baldumarket.lt\/lt\/wp-json\/wp\/v2\/comments?post=155394"}],"wp:featuredmedia":[{"embeddable":true,"href":"https:\/\/baldumarket.lt\/lt\/wp-json\/wp\/v2\/media\/155395"}],"wp:attachment":[{"href":"https:\/\/baldumarket.lt\/lt\/wp-json\/wp\/v2\/media?parent=155394"}],"wp:term":[{"taxonomy":"product_brand","embeddable":true,"href":"https:\/\/baldumarket.lt\/lt\/wp-json\/wp\/v2\/product_brand?post=155394"},{"taxonomy":"product_cat","embeddable":true,"href":"https:\/\/baldumarket.lt\/lt\/wp-json\/wp\/v2\/product_cat?post=155394"},{"taxonomy":"product_tag","embeddable":true,"href":"https:\/\/baldumarket.lt\/lt\/wp-json\/wp\/v2\/product_tag?post=155394"}],"curies":[{"name":"wp","href":"https:\/\/api.w.org\/{rel}","templated":true}]}}