{"id":155385,"date":"2025-12-18T17:57:47","date_gmt":"2025-12-18T14:57:47","guid":{"rendered":"https:\/\/baldumarket.lt\/product\/halle-wm-stol-200-76-100-cm-dab-wotan\/"},"modified":"2026-04-12T09:29:35","modified_gmt":"2026-04-12T06:29:35","slug":"halle-wm-stol-200-76-100-cm-dab-wotan","status":"publish","type":"product","link":"https:\/\/baldumarket.lt\/lt\/product\/halle-wm-stol-200-76-100-cm-dab-wotan\/","title":{"rendered":"Halle WM stalas 200\/76\/100 cm, Wotan \u0105\u017euolas"},"content":{"rendered":"<p>Atraskite \u201eHalle WM\u201c stal\u0105, kuriame dera modernus dizainas ir i\u0161skirtinis funkcionalumas. \u0160is eleganti\u0161kas, 200 cm plo\u010dio, 76 cm auk\u0161\u010dio ir 100 cm gylio stalas buvo sukurtas siekiant patenkinti net reikliausi\u0173 vartotoj\u0173 poreikius. Stalvir\u0161is, pagamintas i\u0161 auk\u0161tos kokyb\u0117s laminuotos \u201eWotan Oak\u201c plok\u0161t\u0117s, pasi\u017eymi padidintu atsparumu \u012fbr\u0117\u017eimams ir pa\u017eeidimams, tod\u0117l idealiai tinka da\u017enai naudojamoms erdv\u0117ms, tokioms kaip svetain\u0117s, poilsio kambariai ar valgomieji.<br \/>\nUnikal\u0173 \u201eHalle WM\u201c stalo charakter\u012f pabr\u0117\u017eia tvirtos, juodos metalin\u0117s kojel\u0117s, kurios ne tik u\u017etikrina konstrukcijos stabilum\u0105, bet ir suteikia stalui lengvumo bei modernumo. Sta\u010diakampis stalvir\u0161is garantuoja patog\u0173 naudojim\u0105 kasdieniams patiekalams, \u0161eimos susib\u016brimams ar draug\u0173 susitikimams.<br \/>\nVerta pamin\u0117ti, kad \u201eHalle WM\u201c stalas n\u0117ra i\u0161traukiamas \u2013 tai privalumas tiems, kurie vertina nuoseklius matmenis ir ai\u0161k\u0173 interjero dizain\u0105. Eleganti\u0161kas dizainas ir auk\u0161tos kokyb\u0117s gamyba traukia d\u0117mes\u012f ir paver\u010dia j\u012f bet kurio kambario traukos centru. Baldai pristatomi savaranki\u0161kai surenkamose pakuot\u0117se, tod\u0117l juos lengva pritaikyti individualiems poreikiams ir transportuoti. Pridedami visi reikalingi surinkimo priedai ir ai\u0161kios instrukcijos, tod\u0117l stalo surinkimas yra labai paprastas.<\/p>\n<p>\u012esigijus \u201eHalle WM\u201c stal\u0105, suteikiama 2 met\u0173 garantija, patvirtinanti jo patvarum\u0105 ir kokyb\u0119. \u201eHalle WM\u201c kolekcija, kurioje yra ir \u0161is gaminys, gars\u0117ja intriguojan\u010diais dizaino sprendimais ir apgalvota vis\u0173 element\u0173 konstrukcija.<\/p>\n<p>I\u0161sirinkite \u201eHalle WM\u201c stal\u0105 savo namams ir m\u0117gaukit\u0117s stiliumi, kuris atlaikys laiko i\u0161bandym\u0105, u\u017etikrindamas gra\u017ei\u0105 i\u0161vaizd\u0105 ir komfort\u0105 ilgus metus. \u0160is stalas \u2013 tai gerai apgalvota investicija \u012f j\u016bs\u0173 gerov\u0119 ir interjero estetik\u0105, kuria \u017eav\u0117sit\u0117s ir m\u0117gausit\u0117s kiekvien\u0105 dien\u0105.<\/p>","protected":false},"excerpt":{"rendered":"<p>Plotis (cm): 200<br \/>\n\u016agis (cm): 76<br \/>\nGylis (cm): 100<\/p>","protected":false},"featured_media":155386,"comment_status":"open","ping_status":"open","template":"","meta":[],"product_brand":[],"product_cat":[9420,4105,1934],"product_tag":[],"class_list":{"0":"post-155385","1":"product","2":"type-product","3":"status-publish","4":"has-post-thumbnail","6":"product_cat-furniture-system-halle","7":"product_cat-helvetia","8":"product_cat-tables","10":"first","11":"instock","12":"purchasable","13":"product-type-simple"},"_links":{"self":[{"href":"https:\/\/baldumarket.lt\/lt\/wp-json\/wp\/v2\/product\/155385","targetHints":{"allow":["GET"]}}],"collection":[{"href":"https:\/\/baldumarket.lt\/lt\/wp-json\/wp\/v2\/product"}],"about":[{"href":"https:\/\/baldumarket.lt\/lt\/wp-json\/wp\/v2\/types\/product"}],"replies":[{"embeddable":true,"href":"https:\/\/baldumarket.lt\/lt\/wp-json\/wp\/v2\/comments?post=155385"}],"wp:featuredmedia":[{"embeddable":true,"href":"https:\/\/baldumarket.lt\/lt\/wp-json\/wp\/v2\/media\/155386"}],"wp:attachment":[{"href":"https:\/\/baldumarket.lt\/lt\/wp-json\/wp\/v2\/media?parent=155385"}],"wp:term":[{"taxonomy":"product_brand","embeddable":true,"href":"https:\/\/baldumarket.lt\/lt\/wp-json\/wp\/v2\/product_brand?post=155385"},{"taxonomy":"product_cat","embeddable":true,"href":"https:\/\/baldumarket.lt\/lt\/wp-json\/wp\/v2\/product_cat?post=155385"},{"taxonomy":"product_tag","embeddable":true,"href":"https:\/\/baldumarket.lt\/lt\/wp-json\/wp\/v2\/product_tag?post=155385"}],"curies":[{"name":"wp","href":"https:\/\/api.w.org\/{rel}","templated":true}]}}