{"id":155380,"date":"2025-12-18T17:57:38","date_gmt":"2025-12-18T14:57:38","guid":{"rendered":"https:\/\/baldumarket.lt\/product\/halle-wm-komoda-4-drzwiowa-wysoka-dab-wotan\/"},"modified":"2026-04-12T09:29:35","modified_gmt":"2026-04-12T06:29:35","slug":"halle-wm-komoda-4-drzwiowa-wysoka-dab-wotan","status":"publish","type":"product","link":"https:\/\/baldumarket.lt\/lt\/product\/halle-wm-komoda-4-drzwiowa-wysoka-dab-wotan\/","title":{"rendered":"Halle WM auk\u0161ta komoda su 4 durimis, Wotan \u0105\u017euolas"},"content":{"rendered":"<p>Pristatome eleganti\u0161ku dizainu ir funkcionalumu \u017eavin\u010di\u0105 auk\u0161t\u0105 komod\u0105 \u201eHalle WM\u201c su 4 durimis, pagamintos i\u0161 \u201eWotan Oak\u201c medienos. \u0160is baldas s\u0117kmingai pakeis j\u016bs\u0173 svetain\u0117s, valgomojo ar svetain\u0117s interjer\u0105, suteikdamas jam modernumo. \u201eHalle WM 42\u201c komoda i\u0161siskiria apgalvotu dizainu, si\u016blydama daug vietos daiktams susid\u0117ti d\u0117l funkcionalios lentynos u\u017e kiekvien\u0173 eleganti\u0161k\u0173 dureli\u0173. Dvi vir\u0161utin\u0117s durel\u0117s apdailintos subtiliu stiklu, suteikian\u010diu visai konstrukcijai lengvumo ir leid\u017eian\u010diu eksponuoti m\u0117gstamus dekoratyvinius daiktus. Pagaminta i\u0161 auk\u0161tos kokyb\u0117s laminuotos plok\u0161t\u0117s, ji padidina atsparum\u0105 \u012fbr\u0117\u017eimams ir pa\u017eeidimams, u\u017etikrindama, kad \u201eHalle WM\u201c komoda daugel\u012f met\u0173 i\u0161laikys nepriekai\u0161ting\u0105 i\u0161vaizd\u0105. \u201eHalle WM\u201c kolekcijos palikimas \u2013 ne tik tvirtumas, bet ir subtilus \u017eavesys \u2013 \u201eWotan Oak\u201c apdaila suteikia baldui nat\u016bralaus \u0161ilumos ir elegancijos.<\/p>","protected":false},"excerpt":{"rendered":"<p>Plotis (cm): 120<br \/>\n\u016agis (cm): 140<br \/>\nGylis (cm): 45<\/p>","protected":false},"featured_media":155381,"comment_status":"open","ping_status":"open","template":"","meta":[],"product_brand":[],"product_cat":[9420,4105,2006],"product_tag":[],"class_list":{"0":"post-155380","1":"product","2":"type-product","3":"status-publish","4":"has-post-thumbnail","6":"product_cat-furniture-system-halle","7":"product_cat-helvetia","8":"product_cat-vitrines","10":"first","11":"instock","12":"purchasable","13":"product-type-simple"},"_links":{"self":[{"href":"https:\/\/baldumarket.lt\/lt\/wp-json\/wp\/v2\/product\/155380","targetHints":{"allow":["GET"]}}],"collection":[{"href":"https:\/\/baldumarket.lt\/lt\/wp-json\/wp\/v2\/product"}],"about":[{"href":"https:\/\/baldumarket.lt\/lt\/wp-json\/wp\/v2\/types\/product"}],"replies":[{"embeddable":true,"href":"https:\/\/baldumarket.lt\/lt\/wp-json\/wp\/v2\/comments?post=155380"}],"wp:featuredmedia":[{"embeddable":true,"href":"https:\/\/baldumarket.lt\/lt\/wp-json\/wp\/v2\/media\/155381"}],"wp:attachment":[{"href":"https:\/\/baldumarket.lt\/lt\/wp-json\/wp\/v2\/media?parent=155380"}],"wp:term":[{"taxonomy":"product_brand","embeddable":true,"href":"https:\/\/baldumarket.lt\/lt\/wp-json\/wp\/v2\/product_brand?post=155380"},{"taxonomy":"product_cat","embeddable":true,"href":"https:\/\/baldumarket.lt\/lt\/wp-json\/wp\/v2\/product_cat?post=155380"},{"taxonomy":"product_tag","embeddable":true,"href":"https:\/\/baldumarket.lt\/lt\/wp-json\/wp\/v2\/product_tag?post=155380"}],"curies":[{"name":"wp","href":"https:\/\/api.w.org\/{rel}","templated":true}]}}