{"id":155375,"date":"2025-12-18T17:57:27","date_gmt":"2025-12-18T14:57:27","guid":{"rendered":"https:\/\/baldumarket.lt\/product\/halle-wm-komoda-2d3s-dab-wotan\/"},"modified":"2026-04-12T09:29:35","modified_gmt":"2026-04-12T06:29:35","slug":"halle-wm-komoda-2d3s-dab-wotan","status":"publish","type":"product","link":"https:\/\/baldumarket.lt\/lt\/product\/halle-wm-komoda-2d3s-dab-wotan\/","title":{"rendered":"Halle WM komoda 2D3S Wotan \u0105\u017euolas"},"content":{"rendered":"<p>Pristatome Jums unikal\u0173 \u201eHalle WM\u201c kolekcijos bald\u0105 \u2013 \u201eHalle WM 2D3S\u201c komod\u0105 i\u0161 \u201eWotan Oak\u201c. Jos nesenstantis dizainas derina elegancij\u0105 ir modernum\u0105, tod\u0117l puikiai tinka tiek klasikiniam, tiek \u0161iuolaikiniam interjerui. \u201eHalle WM 25\u201c komoda pirmiausia i\u0161siskiria savo funkcionalumu. Ji buvo sukurta atsi\u017evelgiant \u012f maksimali\u0105 ergonomik\u0105 ir naudojimo paprastum\u0105. Ji turi dvi erdvias, grak\u0161\u010dias dureles su dekoratyvin\u0117mis metalin\u0117mis rankenomis, kuri\u0173 kiekvienoje yra dvi erdvios lentynos \u2013 puikiai tinkan\u010dios daiktams, kuriuos norite pasl\u0117pti, sutvarkyti. Trys stal\u010diai, esantys komodos apa\u010dioje, turi rutulinius guolius, u\u017etikrinan\u010dius skland\u0173 ir patog\u0173 naudojim\u0105. J\u0173 i\u0161d\u0117stymas ir t\u016bris atitinka funkcionalios daikt\u0173 laikymo vietos poreikius. Tvirta konstrukcija ir auk\u0161tos kokyb\u0117s laminuota plok\u0161t\u0117, puo\u0161ianti priek\u012f ir korpus\u0105, apsaugo bald\u0105 nuo \u012fbr\u0117\u017eim\u0173 ir pa\u017eeidim\u0173, u\u017etikrindamos ilgalaik\u012f gro\u017e\u012f ir patvarum\u0105.<\/p>","protected":false},"excerpt":{"rendered":"<p>Plotis (cm): 200<br \/>\n\u016agis (cm): 80<br \/>\nGylis (cm): 45<\/p>","protected":false},"featured_media":155376,"comment_status":"open","ping_status":"open","template":"","meta":[],"product_brand":[],"product_cat":[9420,4105,1175],"product_tag":[],"class_list":{"0":"post-155375","1":"product","2":"type-product","3":"status-publish","4":"has-post-thumbnail","6":"product_cat-furniture-system-halle","7":"product_cat-helvetia","8":"product_cat-tv-stands","10":"first","11":"instock","12":"purchasable","13":"product-type-simple"},"_links":{"self":[{"href":"https:\/\/baldumarket.lt\/lt\/wp-json\/wp\/v2\/product\/155375","targetHints":{"allow":["GET"]}}],"collection":[{"href":"https:\/\/baldumarket.lt\/lt\/wp-json\/wp\/v2\/product"}],"about":[{"href":"https:\/\/baldumarket.lt\/lt\/wp-json\/wp\/v2\/types\/product"}],"replies":[{"embeddable":true,"href":"https:\/\/baldumarket.lt\/lt\/wp-json\/wp\/v2\/comments?post=155375"}],"wp:featuredmedia":[{"embeddable":true,"href":"https:\/\/baldumarket.lt\/lt\/wp-json\/wp\/v2\/media\/155376"}],"wp:attachment":[{"href":"https:\/\/baldumarket.lt\/lt\/wp-json\/wp\/v2\/media?parent=155375"}],"wp:term":[{"taxonomy":"product_brand","embeddable":true,"href":"https:\/\/baldumarket.lt\/lt\/wp-json\/wp\/v2\/product_brand?post=155375"},{"taxonomy":"product_cat","embeddable":true,"href":"https:\/\/baldumarket.lt\/lt\/wp-json\/wp\/v2\/product_cat?post=155375"},{"taxonomy":"product_tag","embeddable":true,"href":"https:\/\/baldumarket.lt\/lt\/wp-json\/wp\/v2\/product_tag?post=155375"}],"curies":[{"name":"wp","href":"https:\/\/api.w.org\/{rel}","templated":true}]}}