{"id":155370,"date":"2025-12-18T17:57:17","date_gmt":"2025-12-18T14:57:17","guid":{"rendered":"https:\/\/baldumarket.lt\/product\/halle-wm-komoda-1d3s-dab-wotan\/"},"modified":"2026-04-12T09:29:26","modified_gmt":"2026-04-12T06:29:26","slug":"halle-wm-komoda-1d3s-dab-wotan","status":"publish","type":"product","link":"https:\/\/baldumarket.lt\/lt\/product\/halle-wm-komoda-1d3s-dab-wotan\/","title":{"rendered":"Halle WM komoda 1D3S Wotan \u0105\u017euolas"},"content":{"rendered":"<p>Suteikite savo interjerui elegancijos ir prakti\u0161kumo su \u201eHalle WM 1D3S Wotan Oak\u201c indauja. \u0160is baldas neabejotinai taps bet kokio dizaino traukos centru, derindamas moderni\u0105 estetik\u0105 ir auk\u0161\u010diausio lygio funkcionalum\u0105. Sukurta interjerams, kuriuose svarbi kiekviena detal\u0117 ir harmonija, \u201eHalle WM\u201c indauja yra puikaus dizaino ir malonumo naudoti simbolis. Pagaminta i\u0161 auk\u0161\u010diausios kokyb\u0117s laminuotos plok\u0161t\u0117s, kuri pasi\u017eymi padidintu atsparumu \u012fbr\u0117\u017eimams ir kitiems pa\u017eeidimams, \u0161i indauja yra ilgalaik\u0117 investicija. \u201eWotan Oak\u201c apdaila suteikia rafinuoto charakterio, tod\u0117l ji puikiai tinka tiek moderniam, tiek klasikiniam interjerui. Be to, juodos metalin\u0117s rankenos ir kojel\u0117s ne tik suteikia tvirt\u0105 pagrind\u0105, bet ir suteikia rafinuotumo.<br \/>\n\u201eHalle WM\u201c indauja turi tris erdvius stal\u010dius su efektyviais, patikimais rutuliniais guoliais, kurie u\u017etikrina skland\u0173 ir tyl\u0173 atidarym\u0105. Be to, vien\u0173 dureli\u0173 sekcijoje yra prakti\u0161ka lentyna, leid\u017eianti susisteminti daiktus pagal individualius poreikius. Tai puikus b\u016bdas palaikyti tvark\u0105 savo erdv\u0117je.<\/p>","protected":false},"excerpt":{"rendered":"<p>Plotis (cm): 144<br \/>\n\u016agis (cm): 80<br \/>\nGylis (cm): 45<\/p>","protected":false},"featured_media":155371,"comment_status":"open","ping_status":"open","template":"","meta":[],"product_brand":[],"product_cat":[9420,1173,4105],"product_tag":[],"class_list":{"0":"post-155370","1":"product","2":"type-product","3":"status-publish","4":"has-post-thumbnail","6":"product_cat-furniture-system-halle","7":"product_cat-chests-of-drawers","8":"product_cat-helvetia","10":"first","11":"instock","12":"purchasable","13":"product-type-simple"},"_links":{"self":[{"href":"https:\/\/baldumarket.lt\/lt\/wp-json\/wp\/v2\/product\/155370","targetHints":{"allow":["GET"]}}],"collection":[{"href":"https:\/\/baldumarket.lt\/lt\/wp-json\/wp\/v2\/product"}],"about":[{"href":"https:\/\/baldumarket.lt\/lt\/wp-json\/wp\/v2\/types\/product"}],"replies":[{"embeddable":true,"href":"https:\/\/baldumarket.lt\/lt\/wp-json\/wp\/v2\/comments?post=155370"}],"wp:featuredmedia":[{"embeddable":true,"href":"https:\/\/baldumarket.lt\/lt\/wp-json\/wp\/v2\/media\/155371"}],"wp:attachment":[{"href":"https:\/\/baldumarket.lt\/lt\/wp-json\/wp\/v2\/media?parent=155370"}],"wp:term":[{"taxonomy":"product_brand","embeddable":true,"href":"https:\/\/baldumarket.lt\/lt\/wp-json\/wp\/v2\/product_brand?post=155370"},{"taxonomy":"product_cat","embeddable":true,"href":"https:\/\/baldumarket.lt\/lt\/wp-json\/wp\/v2\/product_cat?post=155370"},{"taxonomy":"product_tag","embeddable":true,"href":"https:\/\/baldumarket.lt\/lt\/wp-json\/wp\/v2\/product_tag?post=155370"}],"curies":[{"name":"wp","href":"https:\/\/api.w.org\/{rel}","templated":true}]}}