{"id":155365,"date":"2025-12-18T17:57:07","date_gmt":"2025-12-18T14:57:07","guid":{"rendered":"https:\/\/baldumarket.lt\/product\/halle-wm-komoda-rtv-2-szuflady-mala-dab-wotan\/"},"modified":"2026-04-12T09:29:26","modified_gmt":"2026-04-12T06:29:26","slug":"halle-wm-komoda-rtv-2-szuflady-mala-dab-wotan","status":"publish","type":"product","link":"https:\/\/baldumarket.lt\/lt\/product\/halle-wm-komoda-rtv-2-szuflady-mala-dab-wotan\/","title":{"rendered":"Halle WM TV spintel\u0117 su 2 stal\u010diais, ma\u017ea, \u0105\u017euolo spalvos, Wotan"},"content":{"rendered":"<p>Atraskite nauj\u0105 savo svetain\u0117s i\u0161vaizd\u0105 su \u201eHalle WM\u201c televizoriaus spintele i\u0161 \u201eWotan Oak\u201c \u2013 baldu, kuris derina funkcionalum\u0105 ir modern\u0173 dizain\u0105. \u0160i ma\u017ea, bet erdvi televizoriaus spintel\u0117 su dviem stal\u010diais yra puikus pasirinkimas multimedijos priedams laikyti, tuo pa\u010diu i\u0161laikant eleganti\u0161k\u0105 tvark\u0105 ir harmonij\u0105 j\u016bs\u0173 namuose. Pagaminta i\u0161 auk\u0161tos kokyb\u0117s laminuotos plok\u0161t\u0117s, ji garantuoja didesn\u012f atsparum\u0105 \u012fbr\u0117\u017eimams ir pa\u017eeidimams, tod\u0117l \u201eHalle WM\u201c yra ne tik gra\u017ei, bet ir patvari kasdieniam naudojimui. Juodos metalin\u0117s rankenos ir kojel\u0117s, b\u016bdingos \u201eHalle WM\u201c linijai, suteikia televizoriaus spintelei unikal\u0173 charakter\u012f ir stabilum\u0105. Stal\u010diai su rutuliniais guoliais u\u017etikrina skland\u0173 ir tyl\u0173 atidarym\u0105, taip \u017eymiai padidindami komfort\u0105. \u0160is baldas neabejotinai pagerins modern\u0173 svetain\u0117s, valgomojo ar poilsio kambario dizain\u0105 ir kartu tarnaus kaip \u0161eimos pramog\u0173 centras. Spintel\u0117s surinkimas yra paprastas. Pridedamos lengvai suprantamos instrukcijos ir surinkimo pried\u0173 rinkinys, tod\u0117l savaranki\u0161kas surinkimas yra paprasta u\u017eduotis. Tai rei\u0161kia, kad galite m\u0117gautis savo nauju televizoriaus staliuku per trump\u0105 laik\u0105 nuo jo gavimo. Papildomas privalumas \u2013 dvej\u0173 met\u0173 garantija, kuri suteikia ramyb\u0119 ir saugum\u0105 perkant.<\/p>","protected":false},"excerpt":{"rendered":"<p>Plotis (cm): 124<br \/>\n\u016agis (cm): 50<br \/>\nGylis (cm): 50<\/p>","protected":false},"featured_media":155366,"comment_status":"open","ping_status":"open","template":"","meta":[],"product_brand":[],"product_cat":[9420,4105,1175],"product_tag":[],"class_list":{"0":"post-155365","1":"product","2":"type-product","3":"status-publish","4":"has-post-thumbnail","6":"product_cat-furniture-system-halle","7":"product_cat-helvetia","8":"product_cat-tv-stands","10":"first","11":"instock","12":"purchasable","13":"product-type-simple"},"_links":{"self":[{"href":"https:\/\/baldumarket.lt\/lt\/wp-json\/wp\/v2\/product\/155365","targetHints":{"allow":["GET"]}}],"collection":[{"href":"https:\/\/baldumarket.lt\/lt\/wp-json\/wp\/v2\/product"}],"about":[{"href":"https:\/\/baldumarket.lt\/lt\/wp-json\/wp\/v2\/types\/product"}],"replies":[{"embeddable":true,"href":"https:\/\/baldumarket.lt\/lt\/wp-json\/wp\/v2\/comments?post=155365"}],"wp:featuredmedia":[{"embeddable":true,"href":"https:\/\/baldumarket.lt\/lt\/wp-json\/wp\/v2\/media\/155366"}],"wp:attachment":[{"href":"https:\/\/baldumarket.lt\/lt\/wp-json\/wp\/v2\/media?parent=155365"}],"wp:term":[{"taxonomy":"product_brand","embeddable":true,"href":"https:\/\/baldumarket.lt\/lt\/wp-json\/wp\/v2\/product_brand?post=155365"},{"taxonomy":"product_cat","embeddable":true,"href":"https:\/\/baldumarket.lt\/lt\/wp-json\/wp\/v2\/product_cat?post=155365"},{"taxonomy":"product_tag","embeddable":true,"href":"https:\/\/baldumarket.lt\/lt\/wp-json\/wp\/v2\/product_tag?post=155365"}],"curies":[{"name":"wp","href":"https:\/\/api.w.org\/{rel}","templated":true}]}}