{"id":155360,"date":"2025-12-18T17:56:57","date_gmt":"2025-12-18T14:56:57","guid":{"rendered":"https:\/\/baldumarket.lt\/product\/halle-wm-komoda-rtv-2-szuflady-duza-dab-wotan\/"},"modified":"2026-04-12T09:29:26","modified_gmt":"2026-04-12T06:29:26","slug":"halle-wm-komoda-rtv-2-szuflady-duza-dab-wotan","status":"publish","type":"product","link":"https:\/\/baldumarket.lt\/lt\/product\/halle-wm-komoda-rtv-2-szuflady-duza-dab-wotan\/","title":{"rendered":"Halle WM TV spintel\u0117 su 2 stal\u010diais, didel\u0117s, \u0105\u017euolo spalvos, Wotan"},"content":{"rendered":"<p>Atraskite nauj\u0105 estetikos ir funkcionalumo dimensij\u0105, atitinkan\u010di\u0105 \u0161iuolaikinio interjero dizaino poreikius. \u201eHalle WM\u201c televizoriaus spintel\u0117 su dviem stal\u010diais i\u0161 \u201eWotan Oak\u201c spalvos \u2013 tai sprendimas tiems, kurie vertina dekoratyvius akcentus ir prakti\u0161kus sprendimus savo namuose. Erdv\u016bs spintel\u0117s matmenys \u2013 180 cm plo\u010dio, 50 cm auk\u0161\u010dio ir 50 cm gylio \u2013 suteikia daugyb\u0119 galimybi\u0173 tiek laikyti b\u016btiniausius daiktus, tiek eleganti\u0161kai pateikti elektronik\u0105. D\u0117l auk\u0161tos kokyb\u0117s laminuot\u0173 plok\u0161\u010di\u0173 fasad\u0173 \u201eHalle WM\u201c televizoriaus spintel\u0117 yra atspari \u012fbr\u0117\u017eimams ir kasdieniam d\u0117v\u0117jimuisi, tod\u0117l tampa ilgalaike investicija. Akinanti \u201eWotan Oak\u201c spalva puikiai papildys \u012fvairius interjerus, suteikdama \u0161ilumos ir nat\u016bralumo. Dviej\u0173 dur\u0173 spintel\u0117, atsidaranti \u017eemyn, ir atvira ni\u0161a su lentyna yra idealus sprendimas tiek estetams, norintiems palaikyti tvark\u0105 be matom\u0173 laid\u0173, tiek tiems, kurie m\u0117gsta tvarkytis.<\/p>","protected":false},"excerpt":{"rendered":"<p>Plotis (cm): 180<br \/>\n\u016agis (cm): 50<br \/>\nGylis (cm): 50<\/p>","protected":false},"featured_media":155361,"comment_status":"open","ping_status":"open","template":"","meta":[],"product_brand":[],"product_cat":[9420,4105,1175],"product_tag":[],"class_list":{"0":"post-155360","1":"product","2":"type-product","3":"status-publish","4":"has-post-thumbnail","6":"product_cat-furniture-system-halle","7":"product_cat-helvetia","8":"product_cat-tv-stands","10":"first","11":"instock","12":"purchasable","13":"product-type-simple"},"_links":{"self":[{"href":"https:\/\/baldumarket.lt\/lt\/wp-json\/wp\/v2\/product\/155360","targetHints":{"allow":["GET"]}}],"collection":[{"href":"https:\/\/baldumarket.lt\/lt\/wp-json\/wp\/v2\/product"}],"about":[{"href":"https:\/\/baldumarket.lt\/lt\/wp-json\/wp\/v2\/types\/product"}],"replies":[{"embeddable":true,"href":"https:\/\/baldumarket.lt\/lt\/wp-json\/wp\/v2\/comments?post=155360"}],"wp:featuredmedia":[{"embeddable":true,"href":"https:\/\/baldumarket.lt\/lt\/wp-json\/wp\/v2\/media\/155361"}],"wp:attachment":[{"href":"https:\/\/baldumarket.lt\/lt\/wp-json\/wp\/v2\/media?parent=155360"}],"wp:term":[{"taxonomy":"product_brand","embeddable":true,"href":"https:\/\/baldumarket.lt\/lt\/wp-json\/wp\/v2\/product_brand?post=155360"},{"taxonomy":"product_cat","embeddable":true,"href":"https:\/\/baldumarket.lt\/lt\/wp-json\/wp\/v2\/product_cat?post=155360"},{"taxonomy":"product_tag","embeddable":true,"href":"https:\/\/baldumarket.lt\/lt\/wp-json\/wp\/v2\/product_tag?post=155360"}],"curies":[{"name":"wp","href":"https:\/\/api.w.org\/{rel}","templated":true}]}}