{"id":155353,"date":"2025-12-18T17:56:42","date_gmt":"2025-12-18T14:56:42","guid":{"rendered":"https:\/\/baldumarket.lt\/product\/halle-s-szafka-nocna-1-szuflada-dab-wotan-czarny-mat\/"},"modified":"2026-04-12T09:29:26","modified_gmt":"2026-04-12T06:29:26","slug":"halle-s-szafka-nocna-1-szuflada-dab-wotan-czarny-mat","status":"publish","type":"product","link":"https:\/\/baldumarket.lt\/lt\/product\/halle-s-szafka-nocna-1-szuflada-dab-wotan-czarny-mat\/","title":{"rendered":"Halle S \u2013 naktinis staliukas su 1 stal\u010diumi, Wotan \u0105\u017euolo spalvos, matin\u0117s juodos spalvos"},"content":{"rendered":"<p>\u201eHelvetia\u201c naktinis staliukas \u201eHalle S\u201c \u2013 tikras miegamojo bald\u0173 perlas, apibr\u0117\u017eiantis j\u016bs\u0173 miegamojo interjer\u0105 stiliaus ir funkcionalumo deriniu. Kruop\u0161\u010diai sukurtas detal\u0117ms, eleganti\u0161kas dizainas i\u0161siskiria unikaliu Wotano \u0105\u017euolo ir matin\u0117s juodos spalv\u0173 deriniu. \u0160is subtilus, ta\u010diau u\u017etikrintas derinys suteikia kambariui unikalaus charakterio ir jaukumo. Jei vertinate modern\u0173 dizain\u0105 ir unikalius sprendimus, \u201eHalle S\u201c naktinis staliukas tikrai pateisins j\u016bs\u0173 l\u016bkes\u010dius. Gerai apgalvoti matmenys paver\u010dia j\u012f funkcionaliu priedu net ir ma\u017eesn\u0117se erdv\u0117se. Vienas erdvus stal\u010dius suteikia vietos b\u016btiniausiems daiktams, kuriuos visada norite tur\u0117ti po ranka, pavyzd\u017eiui, m\u0117gstamai knygai ar naktinei lempai. \u0160io naktinio staliuko prakti\u0161kum\u0105 derina unikali i\u0161vaizda. Matin\u0117s juodos spalvos metalin\u0117 rankena suteikia i\u0161skirtinumo ir modernumo, tod\u0117l \u0161is baldas yra ne tik funkcionalus, bet ir dekoratyvus elementas. Laminuota plok\u0161t\u0117, i\u0161 kurios pagaminta spintel\u0117s priekin\u0117 dalis ir korpusas, garantuoja jos patvarum\u0105 ir lengv\u0105 valym\u0105, tod\u0117l gal\u0117site ilgai m\u0117gautis nepriekai\u0161tinga i\u0161vaizda.<\/p>","protected":false},"excerpt":{"rendered":"<p>Plotis (cm): 55<br \/>\n\u016agis (cm): 49<br \/>\nGylis (cm): 45<\/p>","protected":false},"featured_media":155354,"comment_status":"open","ping_status":"open","template":"","meta":[],"product_brand":[],"product_cat":[9419,1176,4105],"product_tag":[],"class_list":{"0":"post-155353","1":"product","2":"type-product","3":"status-publish","4":"has-post-thumbnail","6":"product_cat-furniture-system-halle-s","7":"product_cat-bedside-tables","8":"product_cat-helvetia","10":"first","11":"instock","12":"purchasable","13":"product-type-simple"},"_links":{"self":[{"href":"https:\/\/baldumarket.lt\/lt\/wp-json\/wp\/v2\/product\/155353","targetHints":{"allow":["GET"]}}],"collection":[{"href":"https:\/\/baldumarket.lt\/lt\/wp-json\/wp\/v2\/product"}],"about":[{"href":"https:\/\/baldumarket.lt\/lt\/wp-json\/wp\/v2\/types\/product"}],"replies":[{"embeddable":true,"href":"https:\/\/baldumarket.lt\/lt\/wp-json\/wp\/v2\/comments?post=155353"}],"wp:featuredmedia":[{"embeddable":true,"href":"https:\/\/baldumarket.lt\/lt\/wp-json\/wp\/v2\/media\/155354"}],"wp:attachment":[{"href":"https:\/\/baldumarket.lt\/lt\/wp-json\/wp\/v2\/media?parent=155353"}],"wp:term":[{"taxonomy":"product_brand","embeddable":true,"href":"https:\/\/baldumarket.lt\/lt\/wp-json\/wp\/v2\/product_brand?post=155353"},{"taxonomy":"product_cat","embeddable":true,"href":"https:\/\/baldumarket.lt\/lt\/wp-json\/wp\/v2\/product_cat?post=155353"},{"taxonomy":"product_tag","embeddable":true,"href":"https:\/\/baldumarket.lt\/lt\/wp-json\/wp\/v2\/product_tag?post=155353"}],"curies":[{"name":"wp","href":"https:\/\/api.w.org\/{rel}","templated":true}]}}