{"id":155347,"date":"2025-12-18T17:56:30","date_gmt":"2025-12-18T14:56:30","guid":{"rendered":"https:\/\/baldumarket.lt\/product\/halle-s-szafa-4d2s-dab-wotan-czarny-mat\/"},"modified":"2026-04-12T09:29:26","modified_gmt":"2026-04-12T06:29:26","slug":"halle-s-szafa-4d2s-dab-wotan-czarny-mat","status":"publish","type":"product","link":"https:\/\/baldumarket.lt\/lt\/product\/halle-s-szafa-4d2s-dab-wotan-czarny-mat\/","title":{"rendered":"Halle S \u2013 Drabu\u017ein\u0117 4D2S Wotan \u0105\u017euolo matin\u0117s juodos spalvos"},"content":{"rendered":"<p>Atraskite elegancijos ir funkcionalumo harmonij\u0105 su \u201eHalle S\u201c spinta, kuri \u017eavi ne tik unikaliu stiliumi, bet ir universalumu. 4D2S spinta i\u0161 \u201eWotan Oak Matte Black\u201c spalvos \u2013 puikus pasirinkimas modernaus, bet nesenstan\u010dio dizaino m\u0117g\u0117jams. Subtilus \u0161ilto \u0105\u017euolo ir tamsios matin\u0117s juodos spalvos derinys sukuria rafinuot\u0105 estetik\u0105, kuri puikiai papildys bet kurio miegamojo interjer\u0105. Unikalus \u201eHalle S\u201c spintos dizainas paver\u010dia j\u0105 bet kurios erdv\u0117s traukos centru. 191 cm plotis ir 210 cm auk\u0161tis garantuoja erdv\u0119 visiems j\u016bs\u0173 reikalingiausiems daiktams, i\u0161laikant vizualiai lengv\u0105 poj\u016bt\u012f. \u201eWotan Oak\u201c gylis ir elegancija kartu su matin\u0117mis juodomis rankenomis suteikia visam baldui unikal\u0173 charakter\u012f, kuris traukia ak\u012f ir suteikia interjerui klas\u0117s. \u0160ios spintos funkcionalumas ne\u012fkainojamas. D\u0117l gerai apgalvoto vidaus i\u0161planavimo galite lengvai susitvarkyti viet\u0105 drabu\u017eiams, aksesuarams ir kitiems garderobo daiktams. Laminuotos plok\u0161t\u0117s naudojimas fasad\u0173 ir korpuso apdailoje u\u017etikrina ne tik patvarum\u0105, bet ir lengv\u0105 prie\u017ei\u016br\u0105, o tai itin svarbu kasdien naudojant.<\/p>","protected":false},"excerpt":{"rendered":"<p>Plotis (cm): 191<br \/>\n\u016agis (cm): 210<br \/>\nGylis (cm): 60<\/p>","protected":false},"featured_media":155348,"comment_status":"open","ping_status":"open","template":"","meta":[],"product_brand":[],"product_cat":[9419,4105,1177],"product_tag":[],"class_list":{"0":"post-155347","1":"product","2":"type-product","3":"status-publish","4":"has-post-thumbnail","6":"product_cat-furniture-system-halle-s","7":"product_cat-helvetia","8":"product_cat-wardrobes","10":"first","11":"instock","12":"purchasable","13":"product-type-simple"},"_links":{"self":[{"href":"https:\/\/baldumarket.lt\/lt\/wp-json\/wp\/v2\/product\/155347","targetHints":{"allow":["GET"]}}],"collection":[{"href":"https:\/\/baldumarket.lt\/lt\/wp-json\/wp\/v2\/product"}],"about":[{"href":"https:\/\/baldumarket.lt\/lt\/wp-json\/wp\/v2\/types\/product"}],"replies":[{"embeddable":true,"href":"https:\/\/baldumarket.lt\/lt\/wp-json\/wp\/v2\/comments?post=155347"}],"wp:featuredmedia":[{"embeddable":true,"href":"https:\/\/baldumarket.lt\/lt\/wp-json\/wp\/v2\/media\/155348"}],"wp:attachment":[{"href":"https:\/\/baldumarket.lt\/lt\/wp-json\/wp\/v2\/media?parent=155347"}],"wp:term":[{"taxonomy":"product_brand","embeddable":true,"href":"https:\/\/baldumarket.lt\/lt\/wp-json\/wp\/v2\/product_brand?post=155347"},{"taxonomy":"product_cat","embeddable":true,"href":"https:\/\/baldumarket.lt\/lt\/wp-json\/wp\/v2\/product_cat?post=155347"},{"taxonomy":"product_tag","embeddable":true,"href":"https:\/\/baldumarket.lt\/lt\/wp-json\/wp\/v2\/product_tag?post=155347"}],"curies":[{"name":"wp","href":"https:\/\/api.w.org\/{rel}","templated":true}]}}