{"id":155341,"date":"2025-12-18T17:56:17","date_gmt":"2025-12-18T14:56:17","guid":{"rendered":"https:\/\/baldumarket.lt\/product\/halle-s-szafa-3d2s-dab-wotan-czarny-mat\/"},"modified":"2026-04-12T09:29:26","modified_gmt":"2026-04-12T06:29:26","slug":"halle-s-szafa-3d2s-dab-wotan-czarny-mat","status":"publish","type":"product","link":"https:\/\/baldumarket.lt\/lt\/product\/halle-s-szafa-3d2s-dab-wotan-czarny-mat\/","title":{"rendered":"Halle S \u2013 Drabu\u017ein\u0117 3D2S Wotan \u0105\u017euolo matin\u0117s juodos spalvos"},"content":{"rendered":"<p>Atraskite \u201eHalle S\u201c spintos gro\u017e\u012f ir funkcionalum\u0105, kurioje dera modernumas ir klasika. Unikalus \u201eWotan\u201c \u0105\u017euolo ir matin\u0117s juodos spalvos derinys paver\u010dia j\u0105 puikiu bet kokio interjero papildymu. Eleganti\u0161kas dizainas ne tik traukia ak\u012f, bet ir suteikia interjerui unikalaus charakterio. Ji puikiai papildo tiek minimalistin\u012f, tiek tradici\u0161kesn\u012f interjer\u0105, tapdama j\u016bs\u0173 miegamojo ar persirengimo kambario traukos centru. Unikali\u0105 spintos i\u0161vaizd\u0105 pary\u0161kina spalv\u0173 harmonija, atitinkanti naujausias interjero dizaino tendencijas. Klasikinis \u201eWotan\u201c \u0105\u017euolo atspalvis sukuria \u0161ilt\u0105 ir jauki\u0105 atmosfer\u0105, o matin\u0117 juoda spalva suteikia rafinuotumo ir modernaus stiliaus. \u0160is derinys gali pakeisti bet kur\u012f kambar\u012f, pabr\u0117\u017edamas jo unikal\u0173 charakter\u012f ir gyventoj\u0173 asmenyb\u0119. \u201eHalle S\u201c spintos funkcionalumas yra ne\u012fkainojamas kasdieniame naudojime. D\u0117l gerai apgalvoto dizaino ir erdvaus interjero joje lengvai tilps visi j\u016bs\u0173 b\u016btiniausi drabu\u017eiai ir aksesuarai. \u0160i spinta yra puikus sprendimas tiems, kurie vertina tvark\u0105 ir organizuotum\u0105 savo gyvenamojoje erdv\u0117je. Be to, prakti\u0161kos matin\u0117s juodos metalin\u0117s rankenos u\u017ebaigia eleganti\u0161k\u0105 i\u0161vaizd\u0105 ir u\u017etikrina patog\u0173 naudojim\u0105.<\/p>","protected":false},"excerpt":{"rendered":"<p>Plotis (cm): 145<br \/>\n\u016agis (cm): 210<br \/>\nGylis (cm): 60<\/p>","protected":false},"featured_media":155342,"comment_status":"open","ping_status":"open","template":"","meta":[],"product_brand":[],"product_cat":[9419,4105,1177],"product_tag":[],"class_list":{"0":"post-155341","1":"product","2":"type-product","3":"status-publish","4":"has-post-thumbnail","6":"product_cat-furniture-system-halle-s","7":"product_cat-helvetia","8":"product_cat-wardrobes","10":"first","11":"instock","12":"purchasable","13":"product-type-simple"},"_links":{"self":[{"href":"https:\/\/baldumarket.lt\/lt\/wp-json\/wp\/v2\/product\/155341","targetHints":{"allow":["GET"]}}],"collection":[{"href":"https:\/\/baldumarket.lt\/lt\/wp-json\/wp\/v2\/product"}],"about":[{"href":"https:\/\/baldumarket.lt\/lt\/wp-json\/wp\/v2\/types\/product"}],"replies":[{"embeddable":true,"href":"https:\/\/baldumarket.lt\/lt\/wp-json\/wp\/v2\/comments?post=155341"}],"wp:featuredmedia":[{"embeddable":true,"href":"https:\/\/baldumarket.lt\/lt\/wp-json\/wp\/v2\/media\/155342"}],"wp:attachment":[{"href":"https:\/\/baldumarket.lt\/lt\/wp-json\/wp\/v2\/media?parent=155341"}],"wp:term":[{"taxonomy":"product_brand","embeddable":true,"href":"https:\/\/baldumarket.lt\/lt\/wp-json\/wp\/v2\/product_brand?post=155341"},{"taxonomy":"product_cat","embeddable":true,"href":"https:\/\/baldumarket.lt\/lt\/wp-json\/wp\/v2\/product_cat?post=155341"},{"taxonomy":"product_tag","embeddable":true,"href":"https:\/\/baldumarket.lt\/lt\/wp-json\/wp\/v2\/product_tag?post=155341"}],"curies":[{"name":"wp","href":"https:\/\/api.w.org\/{rel}","templated":true}]}}