{"id":155334,"date":"2025-12-18T17:56:02","date_gmt":"2025-12-18T14:56:02","guid":{"rendered":"https:\/\/baldumarket.lt\/product\/halle-s-lozko-z-pojemnikiem-i-stelazem-180x200-cm-dab-wotan-czarny-mat\/"},"modified":"2026-04-12T09:29:26","modified_gmt":"2026-04-12T06:29:26","slug":"halle-s-lozko-z-pojemnikiem-i-stelazem-180x200-cm-dab-wotan-czarny-mat","status":"publish","type":"product","link":"https:\/\/baldumarket.lt\/lt\/product\/halle-s-lozko-z-pojemnikiem-i-stelazem-180x200-cm-dab-wotan-czarny-mat\/","title":{"rendered":"Halle S \u2013 Lova su daiktad\u0117\u017ee ir r\u0117mu, 180&#215;200 cm, Wotan \u0105\u017euolas, matin\u0117 juoda"},"content":{"rendered":"<p>Atraskite elegancij\u0105 ir funkcionalum\u0105 su \u201eHalle S\u201c lova, kuri puikiai derina modern\u0173 dizain\u0105 su kasdieniu komfortu. \u0160i unikali lova suteikia prabangos aur\u0105 bet kuriam miegamajam d\u0117l harmoningo \u201eWotan\u201c \u0105\u017euolo ir matin\u0117s juodos spalvos derinio. Subtilios, ta\u010diau i\u0161rai\u0161kingos spalvos paver\u010dia j\u0105 bet kokio interjero traukos centru, suteikdamos klasei ir rafinuotumui. Sukurta tiems, kurie vertina erdvum\u0105 ir komfort\u0105, \u201eHalle S\u201c lova si\u016blo didel\u0119 180 x 200 cm miegojimo erdv\u0119. \u0160\u012f prakti\u0161kum\u0105 papildo \u012fmontuota patalyn\u0117s d\u0117\u017e\u0117, kuri suteikia papildomos vietos daiktams susid\u0117ti ir palengvina tvark\u0105. Tai puikus sprendimas moderniems butams, kur kiekvienas kvadratinis metras erdv\u0117s yra vertinamas. Tvirta konstrukcija, pagaminta i\u0161 laminuotos plok\u0161t\u0117s, garantuoja patvarum\u0105 ir stabilum\u0105, kuris atlaikys kasdien\u012f naudojim\u0105 ilgus metus. Pridedamas stilingas r\u0117mas ne tik suteikia tinkam\u0105 \u010diu\u017einio atram\u0105, bet ir pabr\u0117\u017eia modern\u0173 lovos charakter\u012f. Nors surinkimas yra savaranki\u0161kas, intuityvios instrukcijos paver\u010dia tai malonumu, o ne i\u0161\u0161\u016bkiu.<\/p>","protected":false},"excerpt":{"rendered":"<p>Plotis (cm): 188<br \/>\n\u016agis (cm): 94<br \/>\nGylis (cm): 209<\/p>","protected":false},"featured_media":155335,"comment_status":"open","ping_status":"open","template":"","meta":[],"product_brand":[],"product_cat":[9419,505,4105],"product_tag":[],"class_list":{"0":"post-155334","1":"product","2":"type-product","3":"status-publish","4":"has-post-thumbnail","6":"product_cat-furniture-system-halle-s","7":"product_cat-bedroom-beds","8":"product_cat-helvetia","10":"first","11":"instock","12":"purchasable","13":"product-type-simple"},"_links":{"self":[{"href":"https:\/\/baldumarket.lt\/lt\/wp-json\/wp\/v2\/product\/155334","targetHints":{"allow":["GET"]}}],"collection":[{"href":"https:\/\/baldumarket.lt\/lt\/wp-json\/wp\/v2\/product"}],"about":[{"href":"https:\/\/baldumarket.lt\/lt\/wp-json\/wp\/v2\/types\/product"}],"replies":[{"embeddable":true,"href":"https:\/\/baldumarket.lt\/lt\/wp-json\/wp\/v2\/comments?post=155334"}],"wp:featuredmedia":[{"embeddable":true,"href":"https:\/\/baldumarket.lt\/lt\/wp-json\/wp\/v2\/media\/155335"}],"wp:attachment":[{"href":"https:\/\/baldumarket.lt\/lt\/wp-json\/wp\/v2\/media?parent=155334"}],"wp:term":[{"taxonomy":"product_brand","embeddable":true,"href":"https:\/\/baldumarket.lt\/lt\/wp-json\/wp\/v2\/product_brand?post=155334"},{"taxonomy":"product_cat","embeddable":true,"href":"https:\/\/baldumarket.lt\/lt\/wp-json\/wp\/v2\/product_cat?post=155334"},{"taxonomy":"product_tag","embeddable":true,"href":"https:\/\/baldumarket.lt\/lt\/wp-json\/wp\/v2\/product_tag?post=155334"}],"curies":[{"name":"wp","href":"https:\/\/api.w.org\/{rel}","templated":true}]}}