{"id":155320,"date":"2025-12-18T17:55:33","date_gmt":"2025-12-18T14:55:33","guid":{"rendered":"https:\/\/baldumarket.lt\/product\/halle-s-lozko-z-pojemnikiem-i-stelazem-140x200-cm-dab-wotan-czarny-mat\/"},"modified":"2026-04-12T09:29:15","modified_gmt":"2026-04-12T06:29:15","slug":"halle-s-lozko-z-pojemnikiem-i-stelazem-140x200-cm-dab-wotan-czarny-mat","status":"publish","type":"product","link":"https:\/\/baldumarket.lt\/lt\/product\/halle-s-lozko-z-pojemnikiem-i-stelazem-140x200-cm-dab-wotan-czarny-mat\/","title":{"rendered":"Halle S \u2013 Lova su daiktad\u0117\u017ee ir r\u0117mu, 140\u00d7200 cm, Wotan \u0105\u017euolas, matin\u0117 juoda"},"content":{"rendered":"<p>Atraskite i\u0161skirtin\u012f komfort\u0105 ir stili\u0173 su \u201eHelvetia\u201c \u201eHalle S\u201c lova, kuri savo elegancija ir prakti\u0161komis savyb\u0117mis d\u017eiugins kiekvien\u0105. Subtilus Wotan \u0105\u017euolo ir matin\u0117s juodos spalv\u0173 derinys daro \u0161\u012f bald\u0105 idealiai tinkan\u010diu moderniam interjerui. Nesenstantis dizainas puikiai dera su \u012fvairiais i\u0161d\u0117stymais, suteikdamas jaukumo ir klas\u0117s bet kuriam kambariui. \u201eHalle S\u201c lova yra ne tik gra\u017ei, bet ir ne\u012ftik\u0117tinai funkcionali. \u012erengta daiktad\u0117\u017e\u0117 suteikia papildomos vietos daiktams susid\u0117ti, kuri yra ne\u012fkainojama kasdieniame gyvenime. \u010cia galite laikyti patalyn\u0119, antklodes ar sezoninius drabu\u017eius ir m\u0117gautis organizuota erdve savo miegamajame. \u0160is sprendimas puikiai atitinka t\u0173, kurie kasdien vertina komfort\u0105 ir prakti\u0161kum\u0105, poreikius. Lovos konstrukcija pagaminta i\u0161 patvarios laminuotos plok\u0161t\u0117s, u\u017etikrinan\u010dios ilgaam\u017ei\u0161kum\u0105 ir atsparum\u0105 pa\u017eeidimams. Matin\u0117 juoda apdaila suteikia baldui modern\u0173, ak\u012f traukiant\u012f charakter\u012f. Be to, pridedamas tvirtas r\u0117mas suteikia tinkam\u0105 atram\u0105 \u010diu\u017einiui, u\u017etikrindamas patog\u0173 mieg\u0105 kiekvien\u0105 nakt\u012f.<\/p>","protected":false},"excerpt":{"rendered":"<p>Plotis (cm): 148<br \/>\n\u016agis (cm): 94<br \/>\nGylis (cm): 209<\/p>","protected":false},"featured_media":155321,"comment_status":"open","ping_status":"open","template":"","meta":[],"product_brand":[],"product_cat":[9419,505,4105],"product_tag":[],"class_list":{"0":"post-155320","1":"product","2":"type-product","3":"status-publish","4":"has-post-thumbnail","6":"product_cat-furniture-system-halle-s","7":"product_cat-bedroom-beds","8":"product_cat-helvetia","10":"first","11":"instock","12":"purchasable","13":"product-type-simple"},"_links":{"self":[{"href":"https:\/\/baldumarket.lt\/lt\/wp-json\/wp\/v2\/product\/155320","targetHints":{"allow":["GET"]}}],"collection":[{"href":"https:\/\/baldumarket.lt\/lt\/wp-json\/wp\/v2\/product"}],"about":[{"href":"https:\/\/baldumarket.lt\/lt\/wp-json\/wp\/v2\/types\/product"}],"replies":[{"embeddable":true,"href":"https:\/\/baldumarket.lt\/lt\/wp-json\/wp\/v2\/comments?post=155320"}],"wp:featuredmedia":[{"embeddable":true,"href":"https:\/\/baldumarket.lt\/lt\/wp-json\/wp\/v2\/media\/155321"}],"wp:attachment":[{"href":"https:\/\/baldumarket.lt\/lt\/wp-json\/wp\/v2\/media?parent=155320"}],"wp:term":[{"taxonomy":"product_brand","embeddable":true,"href":"https:\/\/baldumarket.lt\/lt\/wp-json\/wp\/v2\/product_brand?post=155320"},{"taxonomy":"product_cat","embeddable":true,"href":"https:\/\/baldumarket.lt\/lt\/wp-json\/wp\/v2\/product_cat?post=155320"},{"taxonomy":"product_tag","embeddable":true,"href":"https:\/\/baldumarket.lt\/lt\/wp-json\/wp\/v2\/product_tag?post=155320"}],"curies":[{"name":"wp","href":"https:\/\/api.w.org\/{rel}","templated":true}]}}