{"id":155314,"date":"2025-12-18T17:55:19","date_gmt":"2025-12-18T14:55:19","guid":{"rendered":"https:\/\/baldumarket.lt\/product\/halle-s-lozko-180x200-cm-dab-wotan-czarny-mat\/"},"modified":"2026-04-12T09:29:15","modified_gmt":"2026-04-12T06:29:15","slug":"halle-s-lozko-180x200-cm-dab-wotan-czarny-mat","status":"publish","type":"product","link":"https:\/\/baldumarket.lt\/lt\/product\/halle-s-lozko-180x200-cm-dab-wotan-czarny-mat\/","title":{"rendered":"Halle S \u2013 Lova 180\u00d7200 cm, Wotan \u0105\u017euolas, matin\u0117 juoda"},"content":{"rendered":"<p>Pristatome \u201eHalle S\u201c lov\u0105, kuri \u017eavi unikaliu eleganti\u0161ko Wotan \u0105\u017euolo ir matin\u0117s juodos spalvos deriniu \u2013 tobul\u0105 sprendim\u0105 modernaus dizaino m\u0117g\u0117jams. \u0160i \u012fsp\u016bdinga 180\u00d7200 cm dyd\u017eio \u201eHelvetia\u201c sukurta lova atitinka naujausias interjero dizaino tendencijas. Unikalus charakteris pavers j\u0105 bet kurio miegamojo traukos centru, suteikdamas j\u016bs\u0173 aplinkai stiliaus ir elegancijos. I\u0161skirtin\u0117 lovos spalv\u0173 gama \u2013 ne vienintelis privalumas; nesenstantis dizainas derina funkcionalum\u0105 ir estetik\u0105. Matin\u0117 juoda r\u0117mo apdaila traukia ak\u012f, papildydama nat\u016bral\u0173 Wotan \u0105\u017euolo charakter\u012f priekin\u0117je pus\u0117je. \u0160is spalv\u0173 derinys suteikia lovai modernumo ir klasikos, puikiai dera prie \u012fvairi\u0173 interjero stili\u0173. Komfortas ir prakti\u0161kumas \u2013 dar vieni \u0161io modelio privalumai. \u201eHalle S\u201c lova lengvai taps vieta, kurioje rasite norim\u0105 poils\u012f. D\u0117l tvirtos laminuotos plok\u0161t\u0117s konstrukcijos ji u\u017etikrina stabilum\u0105 ir ilgaam\u017ei\u0161kum\u0105 ilgus metus. Nors r\u0117mas ir \u010diu\u017einys \u012f komplekt\u0105 ne\u012feina, tai suteikia galimyb\u0119 i\u0161sirinkti tobulus priedus, kurie atitiks j\u016bs\u0173 komforto l\u016bkes\u010dius.<\/p>","protected":false},"excerpt":{"rendered":"<p>Plotis (cm): 188<br \/>\n\u016agis (cm): 94<br \/>\nGylis (cm): 209<\/p>","protected":false},"featured_media":155315,"comment_status":"open","ping_status":"open","template":"","meta":[],"product_brand":[],"product_cat":[9419,505,4105],"product_tag":[],"class_list":{"0":"post-155314","1":"product","2":"type-product","3":"status-publish","4":"has-post-thumbnail","6":"product_cat-furniture-system-halle-s","7":"product_cat-bedroom-beds","8":"product_cat-helvetia","10":"first","11":"instock","12":"purchasable","13":"product-type-simple"},"_links":{"self":[{"href":"https:\/\/baldumarket.lt\/lt\/wp-json\/wp\/v2\/product\/155314","targetHints":{"allow":["GET"]}}],"collection":[{"href":"https:\/\/baldumarket.lt\/lt\/wp-json\/wp\/v2\/product"}],"about":[{"href":"https:\/\/baldumarket.lt\/lt\/wp-json\/wp\/v2\/types\/product"}],"replies":[{"embeddable":true,"href":"https:\/\/baldumarket.lt\/lt\/wp-json\/wp\/v2\/comments?post=155314"}],"wp:featuredmedia":[{"embeddable":true,"href":"https:\/\/baldumarket.lt\/lt\/wp-json\/wp\/v2\/media\/155315"}],"wp:attachment":[{"href":"https:\/\/baldumarket.lt\/lt\/wp-json\/wp\/v2\/media?parent=155314"}],"wp:term":[{"taxonomy":"product_brand","embeddable":true,"href":"https:\/\/baldumarket.lt\/lt\/wp-json\/wp\/v2\/product_brand?post=155314"},{"taxonomy":"product_cat","embeddable":true,"href":"https:\/\/baldumarket.lt\/lt\/wp-json\/wp\/v2\/product_cat?post=155314"},{"taxonomy":"product_tag","embeddable":true,"href":"https:\/\/baldumarket.lt\/lt\/wp-json\/wp\/v2\/product_tag?post=155314"}],"curies":[{"name":"wp","href":"https:\/\/api.w.org\/{rel}","templated":true}]}}