{"id":155308,"date":"2025-12-18T17:55:07","date_gmt":"2025-12-18T14:55:07","guid":{"rendered":"https:\/\/baldumarket.lt\/product\/halle-s-lozko-160x200-cm-dab-wotan-czarny-mat\/"},"modified":"2026-04-12T09:29:15","modified_gmt":"2026-04-12T06:29:15","slug":"halle-s-lozko-160x200-cm-dab-wotan-czarny-mat","status":"publish","type":"product","link":"https:\/\/baldumarket.lt\/lt\/product\/halle-s-lozko-160x200-cm-dab-wotan-czarny-mat\/","title":{"rendered":"Halle S \u2013 Lova 160\u00d7200 cm, Wotan \u0105\u017euolas, matin\u0117 juoda"},"content":{"rendered":"<p>Su \u201eHalle S\u201c lova, kuri harmoningai derina stili\u0173 ir funkcionalum\u0105, suteikite savo miegamajam elegancijos ir modernumo. \u012esp\u016bdingas dizainas vizualiai praturtins bet koki\u0105 erdv\u0119, paversdamas j\u0105 ramyb\u0117s oaze. \u0160i lova, pasi\u017eyminti \u201eWotan Oak\u201c ir matin\u0117s juodos spalvos apdaila, yra puikus pasirinkimas tiems, kurie vertina \u0161ilt\u0105, ta\u010diau rafinuot\u0105 interjero stili\u0173. Vizualinis lengvumas ir estetinis \u201eWotan Oak\u201c bei matin\u0117s juodos spalvos kontrastas paver\u010dia \u201eHalle S\u201c bet kurio miegamojo traukos centru. 160 cm plo\u010dio lova leid\u017eia m\u0117gautis patogia miego erdve, kuri ne tik suteikia komforto, bet ir traukia ak\u012f savo nesenstan\u010diu dizainu. Ji puikiai der\u0117s tiek prie modernaus, tiek prie tradici\u0161kesnio interjero. \u201eHalle S\u201c lova pasi\u017eymi ne tik nuostabia i\u0161vaizda, bet ir prakti\u0161kumu. Galimyb\u0117 lov\u0105 surinkti patiems \u2013 puikus pasirinkimas tiems, kurie vertina lankstum\u0105 ir laisv\u0119 organizuojant nam\u0173 erdves. Laminuotos plok\u0161t\u0117s konstrukcija u\u017etikrina tiek r\u0117mo, tiek fasad\u0173 tvirtum\u0105 ir ilgaam\u017ei\u0161kum\u0105, i\u0161laikant gro\u017e\u012f daugel\u012f met\u0173 kasdien naudojant.<\/p>","protected":false},"excerpt":{"rendered":"<p>Plotis (cm): 168<br \/>\n\u016agis (cm): 94<br \/>\nGylis (cm): 209<\/p>","protected":false},"featured_media":155309,"comment_status":"open","ping_status":"open","template":"","meta":[],"product_brand":[],"product_cat":[9419,505,4105],"product_tag":[],"class_list":{"0":"post-155308","1":"product","2":"type-product","3":"status-publish","4":"has-post-thumbnail","6":"product_cat-furniture-system-halle-s","7":"product_cat-bedroom-beds","8":"product_cat-helvetia","10":"first","11":"instock","12":"purchasable","13":"product-type-simple"},"_links":{"self":[{"href":"https:\/\/baldumarket.lt\/lt\/wp-json\/wp\/v2\/product\/155308","targetHints":{"allow":["GET"]}}],"collection":[{"href":"https:\/\/baldumarket.lt\/lt\/wp-json\/wp\/v2\/product"}],"about":[{"href":"https:\/\/baldumarket.lt\/lt\/wp-json\/wp\/v2\/types\/product"}],"replies":[{"embeddable":true,"href":"https:\/\/baldumarket.lt\/lt\/wp-json\/wp\/v2\/comments?post=155308"}],"wp:featuredmedia":[{"embeddable":true,"href":"https:\/\/baldumarket.lt\/lt\/wp-json\/wp\/v2\/media\/155309"}],"wp:attachment":[{"href":"https:\/\/baldumarket.lt\/lt\/wp-json\/wp\/v2\/media?parent=155308"}],"wp:term":[{"taxonomy":"product_brand","embeddable":true,"href":"https:\/\/baldumarket.lt\/lt\/wp-json\/wp\/v2\/product_brand?post=155308"},{"taxonomy":"product_cat","embeddable":true,"href":"https:\/\/baldumarket.lt\/lt\/wp-json\/wp\/v2\/product_cat?post=155308"},{"taxonomy":"product_tag","embeddable":true,"href":"https:\/\/baldumarket.lt\/lt\/wp-json\/wp\/v2\/product_tag?post=155308"}],"curies":[{"name":"wp","href":"https:\/\/api.w.org\/{rel}","templated":true}]}}