{"id":155295,"date":"2025-12-18T17:54:40","date_gmt":"2025-12-18T14:54:40","guid":{"rendered":"https:\/\/baldumarket.lt\/product\/halle-s-komoda-3-szuflady-dab-wotan-czarny-mat\/"},"modified":"2026-04-12T09:29:15","modified_gmt":"2026-04-12T06:29:15","slug":"halle-s-komoda-3-szuflady-dab-wotan-czarny-mat","status":"publish","type":"product","link":"https:\/\/baldumarket.lt\/lt\/product\/halle-s-komoda-3-szuflady-dab-wotan-czarny-mat\/","title":{"rendered":"Halle S \u2013 komoda su 3 stal\u010diais, Wotan \u0105\u017euolo matin\u0117s juodos spalvos"},"content":{"rendered":"<p>Su \u201eHelvetia\u201c komoda \u201eHalle S\u201c suteikite savo interjerui modernumo. \u0160is unikalus baldas derina elegancij\u0105 ir funkcionalum\u0105, suteikdamas bet kokiai patalpai nauj\u0105 charakter\u012f. Stilingas dizainas ir unikalus kontrastas tarp \u0161ilto Wotan \u0105\u017euolo atspalvio ir matin\u0117s juodos spalvos apdailos akimirksniu u\u017ekariaus j\u016bs\u0173 sve\u010di\u0173 \u0161irdis. \u012esivaizduokite \u0161i\u0105 komod\u0105 savo svetain\u0117je ar miegamajame \u2013 ji suteiks spindesio ir rafinuotumo. 99 cm plo\u010dio siluetas \u2013 puikus sprendimas tiems, kuriems reikia vietos daiktams susid\u0117ti neprarandant estetikos. Mediniai Wotan \u0105\u017euolo fasadai primena nat\u016brali\u0173 med\u017eiag\u0173 \u0161ilum\u0105, o matin\u0117s juodos metalin\u0117s ranken\u0117l\u0117s suteikia modernumo ir i\u0161skirtinumo. \u0160ios komodos funkcionalumas pranoksta jos gro\u017e\u012f. Trys erdv\u016bs stal\u010diai suteikia vietos visiems b\u016btiniausiems daiktams susid\u0117ti, u\u017etikrina tvark\u0105 ir lengv\u0105 prieig\u0105. Ratuk\u0173 kreipian\u010di\u0173j\u0173 sistema u\u017etikrina skland\u0173 atidarym\u0105 ir u\u017edarym\u0105, tod\u0117l kasdienis naudojimas tampa tikru malonumu.<\/p>","protected":false},"excerpt":{"rendered":"<p>Plotis (cm): 99<br \/>\n\u016agis (cm): 83<br \/>\nGylis (cm): 45<\/p>","protected":false},"featured_media":155296,"comment_status":"open","ping_status":"open","template":"","meta":[],"product_brand":[],"product_cat":[9419,1176,4105],"product_tag":[],"class_list":{"0":"post-155295","1":"product","2":"type-product","3":"status-publish","4":"has-post-thumbnail","6":"product_cat-furniture-system-halle-s","7":"product_cat-bedside-tables","8":"product_cat-helvetia","10":"first","11":"instock","12":"purchasable","13":"product-type-simple"},"_links":{"self":[{"href":"https:\/\/baldumarket.lt\/lt\/wp-json\/wp\/v2\/product\/155295","targetHints":{"allow":["GET"]}}],"collection":[{"href":"https:\/\/baldumarket.lt\/lt\/wp-json\/wp\/v2\/product"}],"about":[{"href":"https:\/\/baldumarket.lt\/lt\/wp-json\/wp\/v2\/types\/product"}],"replies":[{"embeddable":true,"href":"https:\/\/baldumarket.lt\/lt\/wp-json\/wp\/v2\/comments?post=155295"}],"wp:featuredmedia":[{"embeddable":true,"href":"https:\/\/baldumarket.lt\/lt\/wp-json\/wp\/v2\/media\/155296"}],"wp:attachment":[{"href":"https:\/\/baldumarket.lt\/lt\/wp-json\/wp\/v2\/media?parent=155295"}],"wp:term":[{"taxonomy":"product_brand","embeddable":true,"href":"https:\/\/baldumarket.lt\/lt\/wp-json\/wp\/v2\/product_brand?post=155295"},{"taxonomy":"product_cat","embeddable":true,"href":"https:\/\/baldumarket.lt\/lt\/wp-json\/wp\/v2\/product_cat?post=155295"},{"taxonomy":"product_tag","embeddable":true,"href":"https:\/\/baldumarket.lt\/lt\/wp-json\/wp\/v2\/product_tag?post=155295"}],"curies":[{"name":"wp","href":"https:\/\/api.w.org\/{rel}","templated":true}]}}