{"id":155289,"date":"2025-12-18T17:54:27","date_gmt":"2025-12-18T14:54:27","guid":{"rendered":"https:\/\/baldumarket.lt\/product\/galaxy-szafa-2-drzwiowa-270-cm-dab-monastery-czarny-polysk\/"},"modified":"2026-02-05T09:58:11","modified_gmt":"2026-02-05T06:58:11","slug":"galaxy-szafa-2-drzwiowa-270-cm-dab-monastery-czarny-polysk","status":"publish","type":"product","link":"https:\/\/baldumarket.lt\/lt\/product\/galaxy-szafa-2-drzwiowa-270-cm-dab-monastery-czarny-polysk\/","title":{"rendered":"\u201eGalaxy\u201c spinta, 2 dur\u0173, 270 cm, \u201eMonster Oak\u201c \/ blizgi juoda spalva"},"content":{"rendered":"<p>Atraskite i\u0161skirtines daikt\u0173 laikymo galimybes su eleganti\u0161ka \u201eGalaxy\u201c spinta. 270 cm plo\u010dio 2-D spinta yra stiliaus ir funkcionalumo \u012fsik\u016bnijimas. \u0160is \u017eaviai erdvus baldas sujungia subtil\u0173 nat\u016bralaus vienuolinio \u0105\u017euolo \u017eaves\u012f su modernia juoda blizgia apdaila, ne tik \u017eav\u0117damas, bet ir tapdamas prakti\u0161ku j\u016bs\u0173 miegamojo akcentu. Garsaus gamintojo \u201eHelvetia\u201c \u201eGalaxy\u201c kolekcija \u2013 tai kruop\u0161\u010diai sukurta sistema, skirta patenkinti i\u0161rankiausi\u0173 dizaino entuziast\u0173 poreikius. Puiki naudojam\u0173 med\u017eiag\u0173 kokyb\u0117, pavyzd\u017eiui, auk\u0161tos kokyb\u0117s laminuota bald\u0173 plok\u0161t\u0117, ne tik garantuoja tobul\u0105 medienos strukt\u016bros ir \u0161ilumos atk\u016brim\u0105, bet ir suteikia spintai didesn\u012f atsparum\u0105 kasdieniam naudojimui \u2013 nuo \u012fbr\u0117\u017eim\u0173, dr\u0117gm\u0117s iki auk\u0161tos temperat\u016bros. Spintos vidus buvo kruop\u0161\u010diai suplanuotas, siekiant u\u017etikrinti maksimal\u0173 funkcionalum\u0105. Sutalpinkite savo spintos pasaul\u012f viduje \u2013 ilgesniems daiktams, pavyzd\u017eiui, paltams ir suknel\u0117ms, yra numatytos dvi specialios skersin\u0117s. Be to, spintoje yra \u0161e\u0161ios erdvios lentynos, kuriose puikiai tilps likusi j\u016bs\u0173 spinta ir aksesuarai. Galite pasigro\u017e\u0117ti interjeru nuotrauk\u0173 galerijoje, kad jau dabar gal\u0117tum\u0117te suplanuoti savo erdv\u0117s organizavim\u0105.<\/p>","protected":false},"excerpt":{"rendered":"<p>Plotis (cm): 270<br \/>\n\u016agis (cm): 210<br \/>\nGylis (cm): 61<\/p>","protected":false},"featured_media":155290,"comment_status":"open","ping_status":"open","template":"","meta":[],"product_brand":[],"product_cat":[9405,4105,1177],"product_tag":[],"class_list":{"0":"post-155289","1":"product","2":"type-product","3":"status-publish","4":"has-post-thumbnail","6":"product_cat-furniture-system-galaxy","7":"product_cat-helvetia","8":"product_cat-wardrobes","10":"first","11":"instock","12":"purchasable","13":"product-type-simple"},"_links":{"self":[{"href":"https:\/\/baldumarket.lt\/lt\/wp-json\/wp\/v2\/product\/155289","targetHints":{"allow":["GET"]}}],"collection":[{"href":"https:\/\/baldumarket.lt\/lt\/wp-json\/wp\/v2\/product"}],"about":[{"href":"https:\/\/baldumarket.lt\/lt\/wp-json\/wp\/v2\/types\/product"}],"replies":[{"embeddable":true,"href":"https:\/\/baldumarket.lt\/lt\/wp-json\/wp\/v2\/comments?post=155289"}],"wp:featuredmedia":[{"embeddable":true,"href":"https:\/\/baldumarket.lt\/lt\/wp-json\/wp\/v2\/media\/155290"}],"wp:attachment":[{"href":"https:\/\/baldumarket.lt\/lt\/wp-json\/wp\/v2\/media?parent=155289"}],"wp:term":[{"taxonomy":"product_brand","embeddable":true,"href":"https:\/\/baldumarket.lt\/lt\/wp-json\/wp\/v2\/product_brand?post=155289"},{"taxonomy":"product_cat","embeddable":true,"href":"https:\/\/baldumarket.lt\/lt\/wp-json\/wp\/v2\/product_cat?post=155289"},{"taxonomy":"product_tag","embeddable":true,"href":"https:\/\/baldumarket.lt\/lt\/wp-json\/wp\/v2\/product_tag?post=155289"}],"curies":[{"name":"wp","href":"https:\/\/api.w.org\/{rel}","templated":true}]}}