{"id":155281,"date":"2025-12-18T17:54:09","date_gmt":"2025-12-18T14:54:09","guid":{"rendered":"https:\/\/baldumarket.lt\/product\/galaxy-szafa-2-drzwiowa-270-cm-abisko-ash\/"},"modified":"2026-02-05T09:58:11","modified_gmt":"2026-02-05T06:58:11","slug":"galaxy-szafa-2-drzwiowa-270-cm-abisko-ash","status":"publish","type":"product","link":"https:\/\/baldumarket.lt\/lt\/product\/galaxy-szafa-2-drzwiowa-270-cm-abisko-ash\/","title":{"rendered":"\u201eGalaxy\u201c spinta, 2 dur\u0173, 270 cm, Abisko uosio spalvos"},"content":{"rendered":"<p>I\u0161skirtinai erdvi ir stilinga \u201eHelvetia\u201c \u201eGalaxy\u201c dviej\u0173 dur\u0173 spinta \u2013 puikus pasirinkimas tiems, kurie vertina modernaus dizaino ir funkcionalumo derin\u012f. Pagaminta i\u0161 auk\u0161tos kokyb\u0117s laminuotos bald\u0173 plok\u0161t\u0117s \u201eAbisko Ash\u201c medienos, spinta yra patvari ir lengvai valoma. 270 cm plo\u010dio ji pasi\u017eymi erdviu vidumi, kuriame tilps visi reikalingi daiktai. Viduje rasite \u0161e\u0161ias prakti\u0161kas lentynas patogiam \u012fvairi\u0173 daikt\u0173 susid\u0117v\u0117jimui, taip pat du b\u0117gelius drabu\u017eiams pakabinti. Papildomas privalumas \u2013 eleganti\u0161kas, didelis veidrodis, kuris vizualiai padidina erdv\u0119 ir yra patogus sprendimas kasdieniam rengimuisi. Bald\u0173 tvirt\u0105 ir rafinuot\u0105 i\u0161vaizd\u0105 pabr\u0117\u017eia kruop\u0161\u010diai apdirbti fasadai ir subtilios ranken\u0117l\u0117s, suteikian\u010dios jiems lengvumo ir modernumo. \u201eGalaxy\u201c spinta \u2013 idealus pasirinkimas miegamajam ar persirengimo kambariui, kur svarbi ir estetika, ir maksimalus turimos erdv\u0117s i\u0161naudojimas.<\/p>","protected":false},"excerpt":{"rendered":"<p>Plotis (cm): 270<br \/>\n\u016agis (cm): 210<br \/>\nGylis (cm): 61<\/p>","protected":false},"featured_media":155282,"comment_status":"open","ping_status":"open","template":"","meta":[],"product_brand":[],"product_cat":[9405,4105,1177],"product_tag":[],"class_list":{"0":"post-155281","1":"product","2":"type-product","3":"status-publish","4":"has-post-thumbnail","6":"product_cat-furniture-system-galaxy","7":"product_cat-helvetia","8":"product_cat-wardrobes","10":"first","11":"instock","12":"purchasable","13":"product-type-simple"},"_links":{"self":[{"href":"https:\/\/baldumarket.lt\/lt\/wp-json\/wp\/v2\/product\/155281","targetHints":{"allow":["GET"]}}],"collection":[{"href":"https:\/\/baldumarket.lt\/lt\/wp-json\/wp\/v2\/product"}],"about":[{"href":"https:\/\/baldumarket.lt\/lt\/wp-json\/wp\/v2\/types\/product"}],"replies":[{"embeddable":true,"href":"https:\/\/baldumarket.lt\/lt\/wp-json\/wp\/v2\/comments?post=155281"}],"wp:featuredmedia":[{"embeddable":true,"href":"https:\/\/baldumarket.lt\/lt\/wp-json\/wp\/v2\/media\/155282"}],"wp:attachment":[{"href":"https:\/\/baldumarket.lt\/lt\/wp-json\/wp\/v2\/media?parent=155281"}],"wp:term":[{"taxonomy":"product_brand","embeddable":true,"href":"https:\/\/baldumarket.lt\/lt\/wp-json\/wp\/v2\/product_brand?post=155281"},{"taxonomy":"product_cat","embeddable":true,"href":"https:\/\/baldumarket.lt\/lt\/wp-json\/wp\/v2\/product_cat?post=155281"},{"taxonomy":"product_tag","embeddable":true,"href":"https:\/\/baldumarket.lt\/lt\/wp-json\/wp\/v2\/product_tag?post=155281"}],"curies":[{"name":"wp","href":"https:\/\/api.w.org\/{rel}","templated":true}]}}