{"id":155275,"date":"2025-12-18T17:53:56","date_gmt":"2025-12-18T14:53:56","guid":{"rendered":"https:\/\/baldumarket.lt\/product\/galaxy-szafa-2-drzwiowa-220-cm-dab-monastery-czarny-polysk\/"},"modified":"2026-02-05T09:58:11","modified_gmt":"2026-02-05T06:58:11","slug":"galaxy-szafa-2-drzwiowa-220-cm-dab-monastery-czarny-polysk","status":"publish","type":"product","link":"https:\/\/baldumarket.lt\/lt\/product\/galaxy-szafa-2-drzwiowa-220-cm-dab-monastery-czarny-polysk\/","title":{"rendered":"\u201eGalaxy\u201c spinta, 2 dur\u0173, 220 cm, \u201eMonster Oak\u201c \/ blizgi juoda spalva"},"content":{"rendered":"<p>Kvie\u010diame atrasti elegancij\u0105 ir modernum\u0105 unikaliame balde \u2013 220 cm plo\u010dio \u201eGalaxy 2D\u201c spintoje i\u0161 garsaus gamintojo \u201eHelvetia\u201c \u201eGalaxy\u201c kolekcijos. Tai puikus sprendimas tiems, kurie vertina funkcionalum\u0105 ir unikal\u0173 stili\u0173. \u201eGalaxy 2D\u201c spinta \u017eavi ne tik savo dyd\u017eiu, kuris leid\u017eia talpinti daug daikt\u0173, bet ir nesenstan\u010diu dizainu. Unikali vienuolyno \u0105\u017euolo spalva kartu su juodu blizgesiu suteikia interjerui unikal\u0173 charakter\u012f ir yra puikus dekoratyvinis akcentas. Auk\u0161tos kokyb\u0117s gamyba garantuoja ilgaam\u017ei\u0161kum\u0105. Baldai buvo sukurti atsi\u017evelgiant \u012f auk\u0161\u010diausius naudojimo standartus, k\u0105 \u012frodo naudojamos med\u017eiagos \u2013 tiek fasadai, tiek korpusas pagaminti i\u0161 auk\u0161tos kokyb\u0117s laminuotos bald\u0173 plok\u0161t\u0117s, tod\u0117l jie atspar\u016bs \u012fbr\u0117\u017eimams, auk\u0161tai temperat\u016brai ir dr\u0117gmei.<\/p>","protected":false},"excerpt":{"rendered":"<p>Plotis (cm): 220<br \/>\n\u016agis (cm): 210<br \/>\nGylis (cm): 61<\/p>","protected":false},"featured_media":155276,"comment_status":"open","ping_status":"open","template":"","meta":[],"product_brand":[],"product_cat":[9405,4105,1177],"product_tag":[],"class_list":{"0":"post-155275","1":"product","2":"type-product","3":"status-publish","4":"has-post-thumbnail","6":"product_cat-furniture-system-galaxy","7":"product_cat-helvetia","8":"product_cat-wardrobes","10":"first","11":"instock","12":"purchasable","13":"product-type-simple"},"_links":{"self":[{"href":"https:\/\/baldumarket.lt\/lt\/wp-json\/wp\/v2\/product\/155275","targetHints":{"allow":["GET"]}}],"collection":[{"href":"https:\/\/baldumarket.lt\/lt\/wp-json\/wp\/v2\/product"}],"about":[{"href":"https:\/\/baldumarket.lt\/lt\/wp-json\/wp\/v2\/types\/product"}],"replies":[{"embeddable":true,"href":"https:\/\/baldumarket.lt\/lt\/wp-json\/wp\/v2\/comments?post=155275"}],"wp:featuredmedia":[{"embeddable":true,"href":"https:\/\/baldumarket.lt\/lt\/wp-json\/wp\/v2\/media\/155276"}],"wp:attachment":[{"href":"https:\/\/baldumarket.lt\/lt\/wp-json\/wp\/v2\/media?parent=155275"}],"wp:term":[{"taxonomy":"product_brand","embeddable":true,"href":"https:\/\/baldumarket.lt\/lt\/wp-json\/wp\/v2\/product_brand?post=155275"},{"taxonomy":"product_cat","embeddable":true,"href":"https:\/\/baldumarket.lt\/lt\/wp-json\/wp\/v2\/product_cat?post=155275"},{"taxonomy":"product_tag","embeddable":true,"href":"https:\/\/baldumarket.lt\/lt\/wp-json\/wp\/v2\/product_tag?post=155275"}],"curies":[{"name":"wp","href":"https:\/\/api.w.org\/{rel}","templated":true}]}}