{"id":155261,"date":"2025-12-18T17:53:28","date_gmt":"2025-12-18T14:53:28","guid":{"rendered":"https:\/\/baldumarket.lt\/product\/galaxy-szafa-2-drzwiowa-200-cm-dab-monastery-czarny-polysk\/"},"modified":"2026-02-05T09:58:11","modified_gmt":"2026-02-05T06:58:11","slug":"galaxy-szafa-2-drzwiowa-200-cm-dab-monastery-czarny-polysk","status":"publish","type":"product","link":"https:\/\/baldumarket.lt\/lt\/product\/galaxy-szafa-2-drzwiowa-200-cm-dab-monastery-czarny-polysk\/","title":{"rendered":"\u201eGalaxy\u201c spinta, 2 dur\u0173, 200 cm, \u201eMonster Oak\u201c \/ blizgi juoda"},"content":{"rendered":"<p>Atraskite unikal\u0173 modernaus stiliaus ir funkcionalumo derin\u012f su \u201eGalaxy 2D 200 cm\u201c spinta i\u0161 \u201eMonastery Oak\u201c spalvos su juodu blizgiu pavir\u0161iumi. \u0160i kruop\u0161\u010diai suprojektuota spinta pasi\u017eymi apgalvotu erdv\u0117s organizavimu ir eleganti\u0161ka apdaila, kuri suteiks spintos bet kokiam interjerui \u017eavesio. Garsaus gamintojo \u201eHelvetia\u201c pagaminta \u201eGalaxy\u201c spinta pasi\u017eymi tvirta konstrukcija ir i\u0161skirtiniu patvarumu. D\u0117l auk\u0161tos kokyb\u0117s laminuot\u0173 bald\u0173 lent\u0173, imituojan\u010di\u0173 nat\u016bralios medienos tekst\u016br\u0105, naudojimo gausite bald\u0105, atspar\u0173 kasdieniam naudojimui. Specialus apdorojimas apsaugo nuo \u012fbr\u0117\u017eim\u0173, dr\u0117gm\u0117s ir auk\u0161tos temperat\u016bros. Spintos erdv\u0117 optimizuota atsi\u017evelgiant \u012f j\u016bs\u0173 daikt\u0173 laikymo poreikius. Viduje, kair\u0117je pus\u0117je, rasite pakabinimo b\u0117gel\u012f, skirt\u0105 patogiam drabu\u017ei\u0173 laikymui ant pakab\u0173, ir papildom\u0105 lentyn\u0105 vir\u0161 jo spintoms, kurioms reikia ma\u017eiau vietos. De\u0161in\u0117je pus\u0117je spintoje yra keturios patvarios ir erdvios lentynos, idealiai tinkan\u010dios sulankstytiems drabu\u017eiams ar kitiems aksesuarams laikyti.<\/p>","protected":false},"excerpt":{"rendered":"<p>Plotis (cm): 200<br \/>\n\u016agis (cm): 210<br \/>\nGylis (cm): 61<\/p>","protected":false},"featured_media":155262,"comment_status":"open","ping_status":"open","template":"","meta":[],"product_brand":[],"product_cat":[9405,4105,1177],"product_tag":[],"class_list":{"0":"post-155261","1":"product","2":"type-product","3":"status-publish","4":"has-post-thumbnail","6":"product_cat-furniture-system-galaxy","7":"product_cat-helvetia","8":"product_cat-wardrobes","10":"first","11":"instock","12":"purchasable","13":"product-type-simple"},"_links":{"self":[{"href":"https:\/\/baldumarket.lt\/lt\/wp-json\/wp\/v2\/product\/155261","targetHints":{"allow":["GET"]}}],"collection":[{"href":"https:\/\/baldumarket.lt\/lt\/wp-json\/wp\/v2\/product"}],"about":[{"href":"https:\/\/baldumarket.lt\/lt\/wp-json\/wp\/v2\/types\/product"}],"replies":[{"embeddable":true,"href":"https:\/\/baldumarket.lt\/lt\/wp-json\/wp\/v2\/comments?post=155261"}],"wp:featuredmedia":[{"embeddable":true,"href":"https:\/\/baldumarket.lt\/lt\/wp-json\/wp\/v2\/media\/155262"}],"wp:attachment":[{"href":"https:\/\/baldumarket.lt\/lt\/wp-json\/wp\/v2\/media?parent=155261"}],"wp:term":[{"taxonomy":"product_brand","embeddable":true,"href":"https:\/\/baldumarket.lt\/lt\/wp-json\/wp\/v2\/product_brand?post=155261"},{"taxonomy":"product_cat","embeddable":true,"href":"https:\/\/baldumarket.lt\/lt\/wp-json\/wp\/v2\/product_cat?post=155261"},{"taxonomy":"product_tag","embeddable":true,"href":"https:\/\/baldumarket.lt\/lt\/wp-json\/wp\/v2\/product_tag?post=155261"}],"curies":[{"name":"wp","href":"https:\/\/api.w.org\/{rel}","templated":true}]}}