{"id":155249,"date":"2025-12-18T17:53:03","date_gmt":"2025-12-18T14:53:03","guid":{"rendered":"https:\/\/baldumarket.lt\/product\/galaxy-stolik-nocny-3-szuflady-dab-monastery-czarny-polysk\/"},"modified":"2026-02-05T09:58:11","modified_gmt":"2026-02-05T06:58:11","slug":"galaxy-stolik-nocny-3-szuflady-dab-monastery-czarny-polysk","status":"publish","type":"product","link":"https:\/\/baldumarket.lt\/lt\/product\/galaxy-stolik-nocny-3-szuflady-dab-monastery-czarny-polysk\/","title":{"rendered":"\u201eGalaxy\u201c naktinis staliukas, 3 stal\u010diai, \u201eMonastery Oak\u201c \/ blizgi juoda spalva"},"content":{"rendered":"<p>Atraskite unikal\u0173 funkcionalumo ir modernaus dizaino gro\u017e\u012f su \u201eGalaxy\u201c naktiniu staliuku, kuris auk\u0161\u010diausiu lygiu derina elegancij\u0105 ir prakti\u0161kum\u0105. \u201eGalaxy\u201c naktinis staliukas su 3 stal\u010diais, \u201eMonastery Oak\u201c \/ blizgios juodos spalvos, yra baldas, skirtas tiems, kurie vertina komfort\u0105 ir unikal\u0173 stili\u0173 savo miegamajame.<br \/>\n\u0160is naktinis staliukas i\u0161 garsaus gamintojo \u201eHelvetia\u201c \u201eGalaxy\u201c kolekcijos \u012fne\u0161a \u012f j\u016bs\u0173 erdv\u0119 unikali\u0105 atmosfer\u0105 ir harmonij\u0105. Trys erdv\u016bs stal\u010diai leid\u017eia sumaniai susitvarkyti svarbiausius daiktus, kuriuos norite visada tur\u0117ti po ranka. Patraukli \u0161io baldo i\u0161vaizda kyla i\u0161 originalios vienuolyno \u0105\u017euolo spalvos, kuri kartu su blizgia juoda apdaila traukia ak\u012f ir suteikia bendrai i\u0161vaizdai gylio.<\/p>\n<p>\u0160is baldas pagamintas i\u0161 auk\u0161tos kokyb\u0117s laminuot\u0173 bald\u0173 lent\u0173, kurios ne tik gra\u017eiai imituoja tikros medienos tekst\u016br\u0105, bet ir pasi\u017eymi padidintu atsparumu \u012fbr\u0117\u017eimams, dr\u0117gmei ir auk\u0161tai temperat\u016brai \u2013 idealus pasirinkimas bet kuriam miegamajam. Naktinio stalelio plotis \u2013 47 cm, auk\u0161tis \u2013 56 cm, o gylis \u2013 42 cm. Prie gaminio suteikiama 2 met\u0173 kokyb\u0117s garantija rodo m\u016bs\u0173 d\u0117mes\u012f detal\u0117ms, tiksl\u0173 meistri\u0161kum\u0105 ir klient\u0173 pasitenkinim\u0105. \u201eGalaxy\u201c naktinis staliukas su 3 stal\u010diais pristatomas savaranki\u0161kai surenkamose pakuot\u0117se. Komplekte yra visi reikalingi surinkimo priedai ir ai\u0161kios instrukcijos \u2013 surinkimas paprastas ir intuityvus.<br \/>\n\u201eGalaxy\u201c naktinis staliukas su 3 stal\u010diais yra daugiau nei tiesiog baldas. Tai apgalvotas dizaino elementas, suteikiantis j\u016bs\u0173 miegamajam gaivumo ir modernumo. Pasirink\u0119 \u0161\u012f bald\u0105, gausite ne tik patogi\u0105 daikt\u0173 laikymo viet\u0105, bet ir unikali\u0105 miegamojo dekoracij\u0105, kuri d\u017eiugins j\u016bs\u0173 estetikos poj\u016bt\u012f.<\/p>\n<p>Tegul \u201eGalaxy\u201c naktinis staliukas su 3 stal\u010diais tampa tobulu j\u016bs\u0173 nakties ir ryto ritual\u0173 palydovu. Jus su\u017eav\u0117s ne tik jo funkcionalumas, bet ir rafinuota elegancija, kuri ilgai i\u0161liks madinga.<\/p>","protected":false},"excerpt":{"rendered":"<p>Plotis (cm): 47<br \/>\n\u016agis (cm): 56<br \/>\nGylis (cm): 42<\/p>","protected":false},"featured_media":155250,"comment_status":"open","ping_status":"open","template":"","meta":[],"product_brand":[],"product_cat":[9405,1176,4105],"product_tag":[],"class_list":{"0":"post-155249","1":"product","2":"type-product","3":"status-publish","4":"has-post-thumbnail","6":"product_cat-furniture-system-galaxy","7":"product_cat-bedside-tables","8":"product_cat-helvetia","10":"first","11":"instock","12":"purchasable","13":"product-type-simple"},"_links":{"self":[{"href":"https:\/\/baldumarket.lt\/lt\/wp-json\/wp\/v2\/product\/155249","targetHints":{"allow":["GET"]}}],"collection":[{"href":"https:\/\/baldumarket.lt\/lt\/wp-json\/wp\/v2\/product"}],"about":[{"href":"https:\/\/baldumarket.lt\/lt\/wp-json\/wp\/v2\/types\/product"}],"replies":[{"embeddable":true,"href":"https:\/\/baldumarket.lt\/lt\/wp-json\/wp\/v2\/comments?post=155249"}],"wp:featuredmedia":[{"embeddable":true,"href":"https:\/\/baldumarket.lt\/lt\/wp-json\/wp\/v2\/media\/155250"}],"wp:attachment":[{"href":"https:\/\/baldumarket.lt\/lt\/wp-json\/wp\/v2\/media?parent=155249"}],"wp:term":[{"taxonomy":"product_brand","embeddable":true,"href":"https:\/\/baldumarket.lt\/lt\/wp-json\/wp\/v2\/product_brand?post=155249"},{"taxonomy":"product_cat","embeddable":true,"href":"https:\/\/baldumarket.lt\/lt\/wp-json\/wp\/v2\/product_cat?post=155249"},{"taxonomy":"product_tag","embeddable":true,"href":"https:\/\/baldumarket.lt\/lt\/wp-json\/wp\/v2\/product_tag?post=155249"}],"curies":[{"name":"wp","href":"https:\/\/api.w.org\/{rel}","templated":true}]}}