{"id":155241,"date":"2025-12-18T17:52:45","date_gmt":"2025-12-18T14:52:45","guid":{"rendered":"https:\/\/baldumarket.lt\/product\/galaxy-stolik-nocny-3-szuflady-abisko-ash\/"},"modified":"2026-02-05T09:58:11","modified_gmt":"2026-02-05T06:58:11","slug":"galaxy-stolik-nocny-3-szuflady-abisko-ash","status":"publish","type":"product","link":"https:\/\/baldumarket.lt\/lt\/product\/galaxy-stolik-nocny-3-szuflady-abisko-ash\/","title":{"rendered":"\u201eGalaxy\u201c naktinis staliukas, 3 stal\u010diai, \u201eAbisko Ash\u201c"},"content":{"rendered":"<p>\u0160tai eleganti\u0161kas ir funkcionalus j\u016bs\u0173 miegamojo papildymas \u2013 \u201eGalaxy\u201c naktinis staliukas su trimis erdviais stal\u010diais, pagamintas \u017eavingo \u201eAbisko Ash\u201c atspalvio. Pagamintas garsaus prek\u0117s \u017eenklo \u201eHelvetia\u201c, \u0161is modernus baldas ne tik papildys erdv\u0119 \u0161alia j\u016bs\u0173 lovos, bet ir suteiks stiliaus bei tvarkos j\u016bs\u0173 namams. \u0160io eleganti\u0161ko naktinio staliuko matmenys kalba patys u\u017e save. Jo plotis yra 47 cm, tod\u0117l joje patogiai pasistatysite lemp\u0105, \u017eadintuv\u0105 ar knyg\u0105, i\u0161laikant erdv\u0117s poj\u016bt\u012f. 56 cm auk\u0161tis idealiai tinka daugumai lov\u0173, nes u\u017etikrina lengv\u0105 prieig\u0105 prie laikom\u0173 daikt\u0173. 42 cm gylis suteikia pakankamai vietos b\u016btiniausiems daiktams laikyti neu\u017eimant per daug vietos kambaryje. Gamyboje naudojama med\u017eiaga \u2013 laminuota bald\u0173 plok\u0161t\u0117 \u2013 garantuoja patvarum\u0105 ir atsparum\u0105 kasdieniam naudojimui. Staliukas skirtas kasdieniam naudojimui, o lengvas valymas yra papildomas privalumas. Subtilus ir universalus \u201eAbisko Ash\u201c atspalvis der\u0117s prie \u012fvairi\u0173 miegamojo i\u0161d\u0117stym\u0173 ir spalv\u0173 paleti\u0173, suteikdamas interjerui \u0161ilt\u0105 ir jauki\u0105 atmosfer\u0105.<\/p>","protected":false},"excerpt":{"rendered":"<p>Plotis (cm): 47<br \/>\n\u016agis (cm): 56<br \/>\nGylis (cm): 42<\/p>","protected":false},"featured_media":155242,"comment_status":"open","ping_status":"open","template":"","meta":[],"product_brand":[],"product_cat":[9405,1176,4105],"product_tag":[],"class_list":{"0":"post-155241","1":"product","2":"type-product","3":"status-publish","4":"has-post-thumbnail","6":"product_cat-furniture-system-galaxy","7":"product_cat-bedside-tables","8":"product_cat-helvetia","10":"first","11":"instock","12":"purchasable","13":"product-type-simple"},"_links":{"self":[{"href":"https:\/\/baldumarket.lt\/lt\/wp-json\/wp\/v2\/product\/155241","targetHints":{"allow":["GET"]}}],"collection":[{"href":"https:\/\/baldumarket.lt\/lt\/wp-json\/wp\/v2\/product"}],"about":[{"href":"https:\/\/baldumarket.lt\/lt\/wp-json\/wp\/v2\/types\/product"}],"replies":[{"embeddable":true,"href":"https:\/\/baldumarket.lt\/lt\/wp-json\/wp\/v2\/comments?post=155241"}],"wp:featuredmedia":[{"embeddable":true,"href":"https:\/\/baldumarket.lt\/lt\/wp-json\/wp\/v2\/media\/155242"}],"wp:attachment":[{"href":"https:\/\/baldumarket.lt\/lt\/wp-json\/wp\/v2\/media?parent=155241"}],"wp:term":[{"taxonomy":"product_brand","embeddable":true,"href":"https:\/\/baldumarket.lt\/lt\/wp-json\/wp\/v2\/product_brand?post=155241"},{"taxonomy":"product_cat","embeddable":true,"href":"https:\/\/baldumarket.lt\/lt\/wp-json\/wp\/v2\/product_cat?post=155241"},{"taxonomy":"product_tag","embeddable":true,"href":"https:\/\/baldumarket.lt\/lt\/wp-json\/wp\/v2\/product_tag?post=155241"}],"curies":[{"name":"wp","href":"https:\/\/api.w.org\/{rel}","templated":true}]}}