{"id":155223,"date":"2025-12-18T17:52:09","date_gmt":"2025-12-18T14:52:09","guid":{"rendered":"https:\/\/baldumarket.lt\/product\/galaxy-lozko-160-200-cm-z-szuflada-dab-monastery-czarny-polysk\/"},"modified":"2026-02-05T09:58:19","modified_gmt":"2026-02-05T06:58:19","slug":"galaxy-lozko-160-200-cm-z-szuflada-dab-monastery-czarny-polysk","status":"publish","type":"product","link":"https:\/\/baldumarket.lt\/lt\/product\/galaxy-lozko-160-200-cm-z-szuflada-dab-monastery-czarny-polysk\/","title":{"rendered":"\u201eGalaxy\u201c lova 160\/200 cm su stal\u010diumi, \u201eMonster Oak\u201c \/ blizgi juoda spalva"},"content":{"rendered":"<p>Kvie\u010diame atrasti \u201eGalaxy\u201c 160 \u00d7 200 cm lovos su stal\u010diumi \u201eMonastery Oak\u201c \/ blizgios juodos spalvos komfort\u0105 ir elegancij\u0105 \u2013 bet kurio modernaus miegamojo traukos centr\u0105. Modernus dizainas ir prakti\u0161ki sprendimai suteiks j\u016bs\u0173 interjerui harmoning\u0105 ramyb\u0119. Garsaus gamintojo \u201eHelvetia\u201c \u201eGalaxy\u201c kolekcija yra kokyb\u0117s ir rafinuoto skonio sinonimas. \u0160i 160 \u00d7 200 cm lova sukurta tiems, kurie vertina funkcionalum\u0105 ir i\u0161skirtin\u012f dizain\u0105. \u012e komplekt\u0105 ne\u012feina nei \u010diu\u017einys, nei r\u0117mas, tod\u0117l galite laisvai rinktis tobulus komponentus, pritaikytus j\u016bs\u0173 individualiems poreikiams. Ta\u010diau si\u016blome rinktis \u010diu\u017einius su r\u0117mu arba r\u0117m\u0105 su stand\u017eiu r\u0117mu, kurie puikiai dera prie lovos konstrukcijos. I\u0161skirtin\u0117 vienuolyno \u0105\u017euolo spalva kartu su blizgia juoda apdaila traukia ak\u012f ir suteikia j\u016bs\u0173 interjerui unikal\u0173 charakter\u012f. D\u0117l auk\u0161tos kokyb\u0117s laminuotos plok\u0161t\u0117s lovos r\u0117mai ir fasadai pasi\u017eymi padidintu atsparumu kasdieniam naudojimui \u2013 nuo \u012fbr\u0117\u017eim\u0173, dr\u0117gm\u0117s iki auk\u0161tos temperat\u016bros.<\/p>","protected":false},"excerpt":{"rendered":"<p>Plotis (cm): 166<br \/>\n\u016agis (cm): 101<br \/>\nGylis (cm): 205<\/p>","protected":false},"featured_media":155224,"comment_status":"open","ping_status":"open","template":"","meta":[],"product_brand":[],"product_cat":[9405,505,4105],"product_tag":[],"class_list":{"0":"post-155223","1":"product","2":"type-product","3":"status-publish","4":"has-post-thumbnail","6":"product_cat-furniture-system-galaxy","7":"product_cat-bedroom-beds","8":"product_cat-helvetia","10":"first","11":"instock","12":"purchasable","13":"product-type-simple"},"_links":{"self":[{"href":"https:\/\/baldumarket.lt\/lt\/wp-json\/wp\/v2\/product\/155223","targetHints":{"allow":["GET"]}}],"collection":[{"href":"https:\/\/baldumarket.lt\/lt\/wp-json\/wp\/v2\/product"}],"about":[{"href":"https:\/\/baldumarket.lt\/lt\/wp-json\/wp\/v2\/types\/product"}],"replies":[{"embeddable":true,"href":"https:\/\/baldumarket.lt\/lt\/wp-json\/wp\/v2\/comments?post=155223"}],"wp:featuredmedia":[{"embeddable":true,"href":"https:\/\/baldumarket.lt\/lt\/wp-json\/wp\/v2\/media\/155224"}],"wp:attachment":[{"href":"https:\/\/baldumarket.lt\/lt\/wp-json\/wp\/v2\/media?parent=155223"}],"wp:term":[{"taxonomy":"product_brand","embeddable":true,"href":"https:\/\/baldumarket.lt\/lt\/wp-json\/wp\/v2\/product_brand?post=155223"},{"taxonomy":"product_cat","embeddable":true,"href":"https:\/\/baldumarket.lt\/lt\/wp-json\/wp\/v2\/product_cat?post=155223"},{"taxonomy":"product_tag","embeddable":true,"href":"https:\/\/baldumarket.lt\/lt\/wp-json\/wp\/v2\/product_tag?post=155223"}],"curies":[{"name":"wp","href":"https:\/\/api.w.org\/{rel}","templated":true}]}}