{"id":155215,"date":"2025-12-18T17:51:52","date_gmt":"2025-12-18T14:51:52","guid":{"rendered":"https:\/\/baldumarket.lt\/product\/galaxy-lozko-160-200-cm-z-szuflada-abisko-ash\/"},"modified":"2026-02-05T09:58:19","modified_gmt":"2026-02-05T06:58:19","slug":"galaxy-lozko-160-200-cm-z-szuflada-abisko-ash","status":"publish","type":"product","link":"https:\/\/baldumarket.lt\/lt\/product\/galaxy-lozko-160-200-cm-z-szuflada-abisko-ash\/","title":{"rendered":"\u201eGalaxy\u201c lova, 160\/200 cm, su stal\u010diumi, \u201eAbisko Ash\u201c"},"content":{"rendered":"<p>Svajojate apie lov\u0105, kurioje b\u016bt\u0173 suderintas eleganti\u0161kas dizainas ir prakti\u0161kos savyb\u0117s? \u201eGalaxy\u201c lova atitinka \u0161iuos l\u016bkes\u010dius, si\u016blydama stiling\u0105 i\u0161vaizd\u0105 ir funkcionalum\u0105. \u0160is 160\/200 cm modelis i\u0161 \u201eAbisko Ash\u201c medienos bus puikus j\u016bs\u0173 miegamojo akcentas, suteikiantis eleganti\u0161k\u0105 ir modern\u0173 dekoro element\u0105.<\/p>\n<p>Pagaminti i\u0161 auk\u0161tos kokyb\u0117s laminuotos bald\u0173 plok\u0161t\u0117s, tiek lovos r\u0117mas, tiek priekin\u0117 dalis garantuoja patvarum\u0105 ir atsparum\u0105 kasdieniam naudojimui. Be to, erdvus stal\u010dius lovos apa\u010dioje leid\u017eia laikyti patalyn\u0119 ar kitus daiktus, maksimaliai i\u0161naudojant erdv\u0119 miegamajame.<\/p>\n<p>Pagrindin\u0117s savyb\u0117s:<br \/>\n\u2013 Modernus dizainas, kuris dera prie \u012fvairi\u0173 interjero stili\u0173<br \/>\n\u2013 Tvirta konstrukcija ilgalaikiam naudojimui<br \/>\n\u2013 Stal\u010dius su patalyn\u0117s skyriumi papildomai daikt\u0173 laikymo vietai<br \/>\n\u2013 Lengvas surinkimas d\u0117ka prid\u0117t\u0173 instrukcij\u0173<br \/>\n\u2013 Eleganti\u0161ka Abisko pelen\u0173 spalva, kuri bet kuriame miegamajame sukuria \u0161ilt\u0105 ir raminan\u010di\u0105 atmosfer\u0105<br \/>\nPasirink\u0119 \u201eHelvetia\u201c \u201eGalaxy\u201c lov\u0105, gausite gamin\u012f, kuris ne tik taps j\u016bs\u0173 miegamojo traukos centru, bet ir supaprastins mieg\u0105 bei daikt\u0173 laikymo tvark\u0105.<\/p>","protected":false},"excerpt":{"rendered":"<p>Plotis (cm): 166<br \/>\n\u016agis (cm): 101<br \/>\nGylis (cm): 205<\/p>","protected":false},"featured_media":155216,"comment_status":"open","ping_status":"open","template":"","meta":[],"product_brand":[],"product_cat":[9405,505,4105],"product_tag":[],"class_list":{"0":"post-155215","1":"product","2":"type-product","3":"status-publish","4":"has-post-thumbnail","6":"product_cat-furniture-system-galaxy","7":"product_cat-bedroom-beds","8":"product_cat-helvetia","10":"first","11":"instock","12":"purchasable","13":"product-type-simple"},"_links":{"self":[{"href":"https:\/\/baldumarket.lt\/lt\/wp-json\/wp\/v2\/product\/155215","targetHints":{"allow":["GET"]}}],"collection":[{"href":"https:\/\/baldumarket.lt\/lt\/wp-json\/wp\/v2\/product"}],"about":[{"href":"https:\/\/baldumarket.lt\/lt\/wp-json\/wp\/v2\/types\/product"}],"replies":[{"embeddable":true,"href":"https:\/\/baldumarket.lt\/lt\/wp-json\/wp\/v2\/comments?post=155215"}],"wp:featuredmedia":[{"embeddable":true,"href":"https:\/\/baldumarket.lt\/lt\/wp-json\/wp\/v2\/media\/155216"}],"wp:attachment":[{"href":"https:\/\/baldumarket.lt\/lt\/wp-json\/wp\/v2\/media?parent=155215"}],"wp:term":[{"taxonomy":"product_brand","embeddable":true,"href":"https:\/\/baldumarket.lt\/lt\/wp-json\/wp\/v2\/product_brand?post=155215"},{"taxonomy":"product_cat","embeddable":true,"href":"https:\/\/baldumarket.lt\/lt\/wp-json\/wp\/v2\/product_cat?post=155215"},{"taxonomy":"product_tag","embeddable":true,"href":"https:\/\/baldumarket.lt\/lt\/wp-json\/wp\/v2\/product_tag?post=155215"}],"curies":[{"name":"wp","href":"https:\/\/api.w.org\/{rel}","templated":true}]}}