{"id":155198,"date":"2025-12-18T17:51:17","date_gmt":"2025-12-18T14:51:17","guid":{"rendered":"https:\/\/baldumarket.lt\/product\/galaxy-komoda-2d4s-dab-monastery-czarny-polysk\/"},"modified":"2026-02-05T09:58:19","modified_gmt":"2026-02-05T06:58:19","slug":"galaxy-komoda-2d4s-dab-monastery-czarny-polysk","status":"publish","type":"product","link":"https:\/\/baldumarket.lt\/lt\/product\/galaxy-komoda-2d4s-dab-monastery-czarny-polysk\/","title":{"rendered":"\u201eGalaxy\u201c komoda, 2D4S, \u201eMonastery Oak\u201c \/ blizgi juoda"},"content":{"rendered":"<p>Pristatome unikali\u0105 ir stiling\u0105 \u201eGalaxy 2D4S Monastery Oak \/ Gloss Black\u201c komod\u0105, kuri puikiai papildys modern\u0173 miegamojo dizain\u0105. \u201eGalaxy 24ZBEA 26\u201c komoda yra prakti\u0161kas, ta\u010diau eleganti\u0161kas \u017einomo bald\u0173 gamintojo \u201eHelvetia\u201c sukurtos \u201eGalaxy\u201c kolekcijos papildymas. Ji derina estetik\u0105 ir funkcionalum\u0105, puikiai patenkindama net ir reikliausi\u0173 vartotoj\u0173 l\u016bkes\u010dius.<\/p>\n<p>Komodos matmenys \u2013 132 cm plo\u010dio, 93 cm auk\u0161\u010dio ir 38 cm gylio \u2013 leid\u017eia patogiai laikyti \u012fvairius daiktus. Pagrindinis \u0161io baldo privalumas \u2013 gerai apgalvota konstrukcija, kuri\u0105 sudaro keturi stal\u010diai ir dvi erdvios spintel\u0117s su durel\u0117mis. Tai u\u017etikrina, kad kiekvienas daiktas tur\u0117t\u0173 savo viet\u0105, o miegamasis b\u016bt\u0173 tikrai tvarkingas.<\/p>\n<p>Unikal\u0173 komodos charakter\u012f sustiprina unikali spalv\u0173 apdaila. Vienuolyno \u0105\u017euolo atspalvi\u0173 ir blizgios juodos spalvos element\u0173 derinys sukuria harmoning\u0105 kontrast\u0105, kuris neabejotinai taps bet kurio kambario dekoratyviniu elementu. \u0160iame balde naudojamos auk\u0161tos kokyb\u0117s laminuotos bald\u0173 lentos ne tik imituoja nat\u016bralios medienos ra\u0161t\u0105, bet ir yra atsparesn\u0117s \u012fbr\u0117\u017eimams, dr\u0117gmei ir auk\u0161tai temperat\u016brai.<\/p>\n<p>Be to, \u201eGalaxy 2D4S\u201c komoda yra plok\u0161\u010diai surenkama, tod\u0117l j\u0105 galima surinkti savaranki\u0161kai. Komplekte yra visi reikalingi surinkimo priedai ir ai\u0161ki, nuosekli naudojimo instrukcija. Norint m\u0117gautis \u0161io baldo gro\u017eiu ir kokybe, nereikia joki\u0173 speciali\u0173 \u017eini\u0173 \u2013 j\u0105 gali surinkti kiekvienas.<\/p>\n<p>Mums svarbiausia klient\u0173 pasitenkinimas, tod\u0117l \u201eGalaxy 2D4S Monastery Oak \/ Gloss Black\u201c indaujai suteikiame 2 met\u0173 garantij\u0105. Galite b\u016bti tikri, kad investuojate \u012f produkt\u0105, kuris tarnaus ilgus metus.<\/p>","protected":false},"excerpt":{"rendered":"<p>Plotis (cm): 132<br \/>\n\u016agis (cm): 93<br \/>\nGylis (cm): 38<\/p>","protected":false},"featured_media":155199,"comment_status":"open","ping_status":"open","template":"","meta":[],"product_brand":[],"product_cat":[9405,1173,4105],"product_tag":[],"class_list":{"0":"post-155198","1":"product","2":"type-product","3":"status-publish","4":"has-post-thumbnail","6":"product_cat-furniture-system-galaxy","7":"product_cat-chests-of-drawers","8":"product_cat-helvetia","10":"first","11":"instock","12":"purchasable","13":"product-type-simple"},"_links":{"self":[{"href":"https:\/\/baldumarket.lt\/lt\/wp-json\/wp\/v2\/product\/155198","targetHints":{"allow":["GET"]}}],"collection":[{"href":"https:\/\/baldumarket.lt\/lt\/wp-json\/wp\/v2\/product"}],"about":[{"href":"https:\/\/baldumarket.lt\/lt\/wp-json\/wp\/v2\/types\/product"}],"replies":[{"embeddable":true,"href":"https:\/\/baldumarket.lt\/lt\/wp-json\/wp\/v2\/comments?post=155198"}],"wp:featuredmedia":[{"embeddable":true,"href":"https:\/\/baldumarket.lt\/lt\/wp-json\/wp\/v2\/media\/155199"}],"wp:attachment":[{"href":"https:\/\/baldumarket.lt\/lt\/wp-json\/wp\/v2\/media?parent=155198"}],"wp:term":[{"taxonomy":"product_brand","embeddable":true,"href":"https:\/\/baldumarket.lt\/lt\/wp-json\/wp\/v2\/product_brand?post=155198"},{"taxonomy":"product_cat","embeddable":true,"href":"https:\/\/baldumarket.lt\/lt\/wp-json\/wp\/v2\/product_cat?post=155198"},{"taxonomy":"product_tag","embeddable":true,"href":"https:\/\/baldumarket.lt\/lt\/wp-json\/wp\/v2\/product_tag?post=155198"}],"curies":[{"name":"wp","href":"https:\/\/api.w.org\/{rel}","templated":true}]}}