{"id":155190,"date":"2025-12-18T17:51:00","date_gmt":"2025-12-18T14:51:00","guid":{"rendered":"https:\/\/baldumarket.lt\/product\/galaxy-komoda-2d4s-abisko-ash\/"},"modified":"2026-02-05T09:58:19","modified_gmt":"2026-02-05T06:58:19","slug":"galaxy-komoda-2d4s-abisko-ash","status":"publish","type":"product","link":"https:\/\/baldumarket.lt\/lt\/product\/galaxy-komoda-2d4s-abisko-ash\/","title":{"rendered":"\u201eGalaxy\u201c komoda su stal\u010diais, 2D4S, Abisko uosio spalvos"},"content":{"rendered":"<p>\u201eGalaxy 2D4S Abisko Ash\u201c komoda yra nepakei\u010diamas bet kokio stilingo ir modernaus interjero papildymas. Paprasto, ta\u010diau eleganti\u0161ko dizaino, ji buvo sukurta galvojant apie maksimal\u0173 funkcionalum\u0105, i\u0161laikant esteti\u0161kai patraukli\u0105 i\u0161vaizd\u0105. \u0160i garsaus \u201eHelvetia\u201c prek\u0117s \u017eenklo komoda, priskiriama bald\u0173 \/ komod\u0173 kategorijai, pasi\u017eymi kokybe ir d\u0117mesiu detal\u0117ms, tod\u0117l yra itin patvari ir atspari kasdieniam naudojimui. Tvirt\u0105 konstrukcij\u0105 \u012frodo laminuotos bald\u0173 plok\u0161t\u0117s naudojimas tiek priekyje, tiek korpuse, u\u017etikrinantis patvarum\u0105 ir lengv\u0105 valym\u0105. Komoda turi dvi erdvias dureles ir keturis funkcionalius stal\u010dius, leid\u017eian\u010dius prakti\u0161kai sutvarkyti laikomus daiktus. Jos matmenys: plotis 132 cm, auk\u0161tis 93 cm ir gylis 38 cm, puikiai atitinka vartotoj\u0173, ie\u0161kan\u010di\u0173 optimali\u0173 daikt\u0173 laikymo sprendim\u0173, poreikius neu\u017eimant per daug vietos.<\/p>","protected":false},"excerpt":{"rendered":"<p>Plotis (cm): 132<br \/>\n\u016agis (cm): 93<br \/>\nGylis (cm): 38<\/p>","protected":false},"featured_media":155191,"comment_status":"open","ping_status":"open","template":"","meta":[],"product_brand":[],"product_cat":[9405,1173,4105],"product_tag":[],"class_list":{"0":"post-155190","1":"product","2":"type-product","3":"status-publish","4":"has-post-thumbnail","6":"product_cat-furniture-system-galaxy","7":"product_cat-chests-of-drawers","8":"product_cat-helvetia","10":"first","11":"instock","12":"purchasable","13":"product-type-simple"},"_links":{"self":[{"href":"https:\/\/baldumarket.lt\/lt\/wp-json\/wp\/v2\/product\/155190","targetHints":{"allow":["GET"]}}],"collection":[{"href":"https:\/\/baldumarket.lt\/lt\/wp-json\/wp\/v2\/product"}],"about":[{"href":"https:\/\/baldumarket.lt\/lt\/wp-json\/wp\/v2\/types\/product"}],"replies":[{"embeddable":true,"href":"https:\/\/baldumarket.lt\/lt\/wp-json\/wp\/v2\/comments?post=155190"}],"wp:featuredmedia":[{"embeddable":true,"href":"https:\/\/baldumarket.lt\/lt\/wp-json\/wp\/v2\/media\/155191"}],"wp:attachment":[{"href":"https:\/\/baldumarket.lt\/lt\/wp-json\/wp\/v2\/media?parent=155190"}],"wp:term":[{"taxonomy":"product_brand","embeddable":true,"href":"https:\/\/baldumarket.lt\/lt\/wp-json\/wp\/v2\/product_brand?post=155190"},{"taxonomy":"product_cat","embeddable":true,"href":"https:\/\/baldumarket.lt\/lt\/wp-json\/wp\/v2\/product_cat?post=155190"},{"taxonomy":"product_tag","embeddable":true,"href":"https:\/\/baldumarket.lt\/lt\/wp-json\/wp\/v2\/product_tag?post=155190"}],"curies":[{"name":"wp","href":"https:\/\/api.w.org\/{rel}","templated":true}]}}