{"id":155176,"date":"2025-12-18T17:50:32","date_gmt":"2025-12-18T14:50:32","guid":{"rendered":"https:\/\/baldumarket.lt\/product\/galaxy-szafa-2-drzwiowa-przesuwna-z-lustrem-220-cm-carbon\/"},"modified":"2026-02-05T09:58:28","modified_gmt":"2026-02-05T06:58:28","slug":"galaxy-szafa-2-drzwiowa-przesuwna-z-lustrem-220-cm-carbon","status":"publish","type":"product","link":"https:\/\/baldumarket.lt\/lt\/product\/galaxy-szafa-2-drzwiowa-przesuwna-z-lustrem-220-cm-carbon\/","title":{"rendered":"\u201eGalaxy\u201c \u2013 2 dur\u0173 stumdoma spinta su veidrod\u017eiu, 220 cm, anglies pluo\u0161to"},"content":{"rendered":"<p>Pristatome \u201eGalaxy\u201c stumdom\u0105 spint\u0105 \u2013 eleganti\u0161k\u0105 ir prakti\u0161k\u0105 sprendim\u0105 j\u016bs\u0173 daikt\u0173 laikymo poreikiams. Stilingas ir i\u0161skirtinai funkcionalus jos dizainas papildys bet kur\u012f miegam\u0105j\u012f ar persirengimo kambar\u012f. \u201eGalaxy\u201c spint\u0105 suk\u016br\u0117 \u201eHelvetia\u201c \u2013 prek\u0117s \u017eenklas, \u017einomas d\u0117l auk\u0161tos kokyb\u0117s gamini\u0173, kurie yra ir stilingi, ir patvar\u016bs. Ry\u0161ki \u201eCarbon\u201c spalv\u0173 schema primena modern\u0173 ir eleganti\u0161k\u0105 dizain\u0105, \u012fk\u016bnijant\u012f \u0161iuolaikines interjero dizaino tendencijas.<\/p>\n<p>221 cm plo\u010dio ir 210 cm auk\u0161\u010dio \u201eGalaxy\u201c spinta si\u016blo daug vietos \u012fvairiems drabu\u017eiams ir kitiems daiktams laikyti. 61 cm gylis leid\u017eia laikyti didesnius drabu\u017ei\u0173 spintos elementus, tokius kaip paltai ar suknel\u0117s, nesuglam\u017eant j\u0173. Tvirta ir patikima, auk\u0161tos kokyb\u0117s laminuota bald\u0173 lenta u\u017etikrina saug\u0173 j\u016bs\u0173 drabu\u017ei\u0173 ir aksesuar\u0173 laikym\u0105.<\/p>\n<p>Spinta turi dvi stumdomas duris, kurios u\u017etikrina lengv\u0105 prieig\u0105 be papildomos atidarymo vietos. Tai puikus sprendimas ma\u017eesn\u0117ms erdv\u0117ms, kur svarbus kiekvienas kvadratinis centimetras. Vienose i\u0161 dur\u0173 yra didelis veidrodis, kuris ne tik suteikia spintai \u017eavesio, bet ir leid\u017eia lengvai pasiruo\u0161ti.<br \/>\n\u201eGalaxy\u201c spintos vidus yra gerai apgalvotas ir ergonomi\u0161kas \u2013 penkios lentynos leid\u017eia gerai sutvarkyti drabu\u017eius ir aksesuarus, o patvarus b\u0117gelis leid\u017eia patogiai pakabinti daiktus, kuriems reikalingas tokio tipo laikymas. Siekiant auk\u0161to funkcionalumo, visi elementai pritaikyti \u012fvairiems naudotoj\u0173 poreikiams.<br \/>\nPridedamos surinkimo instrukcijos leid\u017eia greitai ir be vargo surinkti, kad gal\u0117tum\u0117te m\u0117gautis nauju interjero dizainu be nereikalingo delsimo. Spinta pristatoma plok\u0161\u010diai supakuota, kad gal\u0117tum\u0117te j\u0105 surinkti patys, u\u017etikrinant saug\u0173 transportavim\u0105 \u012f galutin\u0119 paskirties viet\u0105.<br \/>\nU\u017esisakykite \u201eGalaxy\u201c stumdom\u0105 spint\u0105 i\u0161 \u201eHelvetia\u201c jau \u0161iandien ir pakeiskite savo namus elegancija bei auk\u0161ta kokybe. \u012esitikinkite patys, kaip lengvai galite susitvarkyti drabu\u017eius ir m\u0117gautis gra\u017eiu dizainu kiekvien\u0105 dien\u0105!<\/p>","protected":false},"excerpt":{"rendered":"<p>Plotis (cm): 221<br \/>\n\u016agis (cm): 210<br \/>\nGylis (cm): 61<\/p>","protected":false},"featured_media":155177,"comment_status":"open","ping_status":"open","template":"","meta":[],"product_brand":[],"product_cat":[9405,4105,1177],"product_tag":[],"class_list":{"0":"post-155176","1":"product","2":"type-product","3":"status-publish","4":"has-post-thumbnail","6":"product_cat-furniture-system-galaxy","7":"product_cat-helvetia","8":"product_cat-wardrobes","10":"first","11":"instock","12":"purchasable","13":"product-type-simple"},"_links":{"self":[{"href":"https:\/\/baldumarket.lt\/lt\/wp-json\/wp\/v2\/product\/155176","targetHints":{"allow":["GET"]}}],"collection":[{"href":"https:\/\/baldumarket.lt\/lt\/wp-json\/wp\/v2\/product"}],"about":[{"href":"https:\/\/baldumarket.lt\/lt\/wp-json\/wp\/v2\/types\/product"}],"replies":[{"embeddable":true,"href":"https:\/\/baldumarket.lt\/lt\/wp-json\/wp\/v2\/comments?post=155176"}],"wp:featuredmedia":[{"embeddable":true,"href":"https:\/\/baldumarket.lt\/lt\/wp-json\/wp\/v2\/media\/155177"}],"wp:attachment":[{"href":"https:\/\/baldumarket.lt\/lt\/wp-json\/wp\/v2\/media?parent=155176"}],"wp:term":[{"taxonomy":"product_brand","embeddable":true,"href":"https:\/\/baldumarket.lt\/lt\/wp-json\/wp\/v2\/product_brand?post=155176"},{"taxonomy":"product_cat","embeddable":true,"href":"https:\/\/baldumarket.lt\/lt\/wp-json\/wp\/v2\/product_cat?post=155176"},{"taxonomy":"product_tag","embeddable":true,"href":"https:\/\/baldumarket.lt\/lt\/wp-json\/wp\/v2\/product_tag?post=155176"}],"curies":[{"name":"wp","href":"https:\/\/api.w.org\/{rel}","templated":true}]}}